{"id":698,"date":"2020-08-04T19:52:24","date_gmt":"2020-08-04T17:52:24","guid":{"rendered":"https:\/\/zweiteheimat-nuerburgring.com\/?page_id=698"},"modified":"2020-08-14T16:59:40","modified_gmt":"2020-08-14T14:59:40","slug":"natur-erleben-in-der-eifel","status":"publish","type":"page","link":"https:\/\/zweiteheimat-nuerburg.com\/en\/natur-erleben-in-der-eifel\/","title":{"rendered":"Your nature experience in the Eifel"},"content":{"rendered":"<div data-elementor-type=\"wp-page\" data-elementor-id=\"698\" class=\"elementor elementor-698\" data-elementor-post-type=\"page\">\n\t\t\t\t\t\t<section class=\"elementor-section elementor-top-section elementor-element elementor-element-dc54d1e elementor-section-boxed elementor-section-height-default elementor-section-height-default\" data-id=\"dc54d1e\" data-element_type=\"section\">\n\t\t\t\t\t\t<div class=\"elementor-container elementor-column-gap-default\">\n\t\t\t\t\t<div class=\"elementor-column elementor-col-100 elementor-top-column elementor-element elementor-element-b1222e0\" data-id=\"b1222e0\" data-element_type=\"column\">\n\t\t\t<div class=\"elementor-widget-wrap elementor-element-populated\">\n\t\t\t\t\t\t<div class=\"elementor-element elementor-element-c360e4d elementor-widget elementor-widget-text-editor\" data-id=\"c360e4d\" data-element_type=\"widget\" data-widget_type=\"text-editor.default\">\n\t\t\t\t<div class=\"elementor-widget-container\">\n\t\t\t\t\t\t\t<p>Hardly any other area in the whole of Germany is characterised by such picturesquely beautiful places and landscapes as the <strong>Eifel<\/strong>. Besides exciting <strong>Activities<\/strong> the Eifel particularly offers <strong>relaxation<\/strong> in nature. The perfect place to take a deep breath, to leave the stressful everyday life behind and to switch off. We from the \"Zweite Heimat\" would like to introduce our favourite recreational mountains to you in more detail.<\/p>\t\t\t\t\t\t<\/div>\n\t\t\t\t<\/div>\n\t\t\t\t<section class=\"elementor-section elementor-inner-section elementor-element elementor-element-b26210d elementor-section-boxed elementor-section-height-default elementor-section-height-default\" data-id=\"b26210d\" data-element_type=\"section\">\n\t\t\t\t\t\t<div class=\"elementor-container elementor-column-gap-default\">\n\t\t\t\t\t<div class=\"elementor-column elementor-col-50 elementor-inner-column elementor-element elementor-element-1b6296e\" data-id=\"1b6296e\" data-element_type=\"column\">\n\t\t\t<div class=\"elementor-widget-wrap elementor-element-populated\">\n\t\t\t\t\t\t<div class=\"elementor-element elementor-element-123aa80 elementor-widget elementor-widget-text-editor\" data-id=\"123aa80\" data-element_type=\"widget\" data-widget_type=\"text-editor.default\">\n\t\t\t\t<div class=\"elementor-widget-container\">\n\t\t\t\t\t\t\t<p>The Eifel has\u00a0<strong>exciting excursion destinations<\/strong>that are worth a trip in themselves. From medieval castles shrouded in legend to the beautiful maars of the\u00a0<strong>volcanic Eifel<\/strong>\u00a0and the National Park Centre, there is something for every taste. Particularly noteworthy is the legendary\u00a0<strong>N\u00fcrburgring<\/strong>whose atmospheric motorsport events make every visitor's\u00a0<strong>adrenaline<\/strong>\u00a0rush. Your \"Zweite Heimat\" team particularly recommends you to visit the \"Genovaburg\", which includes the Eifel Museum, and the \"Manderscheid Castles\", which are surrounded by spectacular myths.<\/p>\t\t\t\t\t\t<\/div>\n\t\t\t\t<\/div>\n\t\t\t\t\t<\/div>\n\t\t<\/div>\n\t\t\t\t<div class=\"elementor-column elementor-col-50 elementor-inner-column elementor-element elementor-element-e05412d\" data-id=\"e05412d\" data-element_type=\"column\">\n\t\t\t<div class=\"elementor-widget-wrap elementor-element-populated\">\n\t\t\t\t\t\t<div class=\"elementor-element elementor-element-f735cde elementor-widget elementor-widget-image\" data-id=\"f735cde\" data-element_type=\"widget\" data-widget_type=\"image.default\">\n\t\t\t\t<div class=\"elementor-widget-container\">\n\t\t\t\t\t\t\t\t\t\t\t\t\t\t<a href=\"https:\/\/zweiteheimat-nuerburg.com\/wp-content\/uploads\/2020\/07\/natur-mountainbike.jpg\" data-elementor-open-lightbox=\"yes\" data-e-action-hash=\"#elementor-action%3Aaction%3Dlightbox%26settings%3DeyJpZCI6NTgwLCJ1cmwiOiJodHRwczpcL1wvendlaXRlaGVpbWF0LW51ZXJidXJnLmNvbVwvd3AtY29udGVudFwvdXBsb2Fkc1wvMjAyMFwvMDdcL25hdHVyLW1vdW50YWluYmlrZS5qcGcifQ%3D%3D\">\n\t\t\t\t\t\t\t<img fetchpriority=\"high\" decoding=\"async\" width=\"456\" height=\"304\" src=\"https:\/\/zweiteheimat-nuerburg.com\/wp-content\/uploads\/2020\/07\/natur-mountainbike.jpg\" class=\"attachment-medium_large size-medium_large wp-image-580\" alt=\"Mountainbike in der Eifel\" srcset=\"https:\/\/zweiteheimat-nuerburg.com\/wp-content\/uploads\/2020\/07\/natur-mountainbike.jpg 456w, https:\/\/zweiteheimat-nuerburg.com\/wp-content\/uploads\/2020\/07\/natur-mountainbike-300x200.jpg 300w\" sizes=\"(max-width: 456px) 100vw, 456px\" \/>\t\t\t\t\t\t\t\t<\/a>\n\t\t\t\t\t\t\t\t\t\t\t\t\t<\/div>\n\t\t\t\t<\/div>\n\t\t\t\t\t<\/div>\n\t\t<\/div>\n\t\t\t\t\t<\/div>\n\t\t<\/section>\n\t\t\t\t\t<\/div>\n\t\t<\/div>\n\t\t\t\t\t<\/div>\n\t\t<\/section>\n\t\t\t\t<section class=\"elementor-section elementor-top-section elementor-element elementor-element-21e2fd3 elementor-section-boxed elementor-section-height-default elementor-section-height-default\" data-id=\"21e2fd3\" data-element_type=\"section\">\n\t\t\t\t\t\t<div class=\"elementor-container elementor-column-gap-default\">\n\t\t\t\t\t<div class=\"elementor-column elementor-col-100 elementor-top-column elementor-element elementor-element-9f64baa\" data-id=\"9f64baa\" data-element_type=\"column\">\n\t\t\t<div class=\"elementor-widget-wrap elementor-element-populated\">\n\t\t\t\t\t\t<div class=\"elementor-element elementor-element-04fa524 elementor-widget elementor-widget-text-editor\" data-id=\"04fa524\" data-element_type=\"widget\" data-widget_type=\"text-editor.default\">\n\t\t\t\t<div class=\"elementor-widget-container\">\n\t\t\t\t\t\t\t<p><span style=\"font-size: 1rem;\">Equally worth seeing are the romantic hiking <\/span><strong style=\"font-size: 1rem;\">trails<\/strong><span style=\"font-size: 1rem;\"> of the Eifel. Starting at your accommodation, the Zweite Heimat, hiking trails lead past ancient ruins, impressive <\/span><strong style=\"font-size: 1rem;\">rocks<\/strong><span style=\"font-size: 1rem;\"> and blue <\/span><strong style=\"font-size: 1rem;\">lakes<\/strong><span style=\"font-size: 1rem;\"> through the green forests of the beautiful Eifel. There is an unlimited choice of day trips, walks or family outings. For passionate hikers and nature lovers, as well as for holidaymakers who are simply looking for some <\/span><strong style=\"font-size: 1rem;\">recuperation<\/strong><span style=\"font-size: 1rem;\"> recuperation , a hike in the Eifel is an incomparable experience and like balm for the soul. Here, we can especially recommend the partner trails of the <\/span><strong style=\"font-size: 1rem;\">Eifelstieg<\/strong><span style=\"font-size: 1rem;\"> for a romantic, adventurous hiking trip.<\/span><\/p>\t\t\t\t\t\t<\/div>\n\t\t\t\t<\/div>\n\t\t\t\t<section class=\"elementor-section elementor-inner-section elementor-element elementor-element-250dbcc elementor-section-boxed elementor-section-height-default elementor-section-height-default\" data-id=\"250dbcc\" data-element_type=\"section\">\n\t\t\t\t\t\t<div class=\"elementor-container elementor-column-gap-default\">\n\t\t\t\t\t<div class=\"elementor-column elementor-col-50 elementor-inner-column elementor-element elementor-element-1bb32f8\" data-id=\"1bb32f8\" data-element_type=\"column\">\n\t\t\t<div class=\"elementor-widget-wrap elementor-element-populated\">\n\t\t\t\t\t\t<div class=\"elementor-element elementor-element-d210ff7 elementor-widget elementor-widget-text-editor\" data-id=\"d210ff7\" data-element_type=\"widget\" data-widget_type=\"text-editor.default\">\n\t\t\t\t<div class=\"elementor-widget-container\">\n\t\t\t\t\t\t\t<p>Those who want a little more\u00a0<strong>action<\/strong>\u00a0during their stay in the Zweite Heimat can easily rent modern, high-quality mountain bikes from local providers and start a\u00a0<strong>mountain bike tour<\/strong>\u00a0. The Eifel with its fascinating routes also offers the ideal conditions for this. Whether individually or with the whole family, fun is guaranteed. For example, you can find a generous catalogue of tours\/routes in the\u00a0<strong>Eifel cycling app<\/strong>. For even more action, we encourage you to visit the \"Mountain Bike-Park H\u00fcrtgenwald\", where you are guaranteed to get your money's worth.<\/p>\t\t\t\t\t\t<\/div>\n\t\t\t\t<\/div>\n\t\t\t\t\t<\/div>\n\t\t<\/div>\n\t\t\t\t<div class=\"elementor-column elementor-col-50 elementor-inner-column elementor-element elementor-element-c82cd66\" data-id=\"c82cd66\" data-element_type=\"column\">\n\t\t\t<div class=\"elementor-widget-wrap elementor-element-populated\">\n\t\t\t\t\t\t<div class=\"elementor-element elementor-element-e85bad8 elementor-widget elementor-widget-image\" data-id=\"e85bad8\" data-element_type=\"widget\" data-widget_type=\"image.default\">\n\t\t\t\t<div class=\"elementor-widget-container\">\n\t\t\t\t\t\t\t\t\t\t\t\t\t\t<a href=\"https:\/\/zweiteheimat-nuerburg.com\/wp-content\/uploads\/2020\/08\/men-1245982_1920-1.jpg\" data-elementor-open-lightbox=\"yes\" data-e-action-hash=\"#elementor-action%3Aaction%3Dlightbox%26settings%3DeyJpZCI6NzE1LCJ1cmwiOiJodHRwczpcL1wvendlaXRlaGVpbWF0LW51ZXJidXJnLmNvbVwvd3AtY29udGVudFwvdXBsb2Fkc1wvMjAyMFwvMDhcL21lbi0xMjQ1OTgyXzE5MjAtMS5qcGcifQ%3D%3D\">\n\t\t\t\t\t\t\t<img decoding=\"async\" width=\"768\" height=\"510\" src=\"https:\/\/zweiteheimat-nuerburg.com\/wp-content\/uploads\/2020\/08\/men-1245982_1920-1-768x510.jpg\" class=\"attachment-medium_large size-medium_large wp-image-715\" alt=\"Wandern in der Eifel\" srcset=\"https:\/\/zweiteheimat-nuerburg.com\/wp-content\/uploads\/2020\/08\/men-1245982_1920-1-768x510.jpg 768w, https:\/\/zweiteheimat-nuerburg.com\/wp-content\/uploads\/2020\/08\/men-1245982_1920-1-300x199.jpg 300w, https:\/\/zweiteheimat-nuerburg.com\/wp-content\/uploads\/2020\/08\/men-1245982_1920-1-1024x680.jpg 1024w, https:\/\/zweiteheimat-nuerburg.com\/wp-content\/uploads\/2020\/08\/men-1245982_1920-1-1536x1020.jpg 1536w, https:\/\/zweiteheimat-nuerburg.com\/wp-content\/uploads\/2020\/08\/men-1245982_1920-1.jpg 1920w\" sizes=\"(max-width: 768px) 100vw, 768px\" \/>\t\t\t\t\t\t\t\t<\/a>\n\t\t\t\t\t\t\t\t\t\t\t\t\t<\/div>\n\t\t\t\t<\/div>\n\t\t\t\t\t<\/div>\n\t\t<\/div>\n\t\t\t\t\t<\/div>\n\t\t<\/section>\n\t\t\t\t\t<\/div>\n\t\t<\/div>\n\t\t\t\t\t<\/div>\n\t\t<\/section>\n\t\t\t\t<section class=\"elementor-section elementor-top-section elementor-element elementor-element-5b2cff7 elementor-section-boxed elementor-section-height-default elementor-section-height-default\" data-id=\"5b2cff7\" data-element_type=\"section\">\n\t\t\t\t\t\t<div class=\"elementor-container elementor-column-gap-default\">\n\t\t\t\t\t<div class=\"elementor-column elementor-col-100 elementor-top-column elementor-element elementor-element-b0d2b30\" data-id=\"b0d2b30\" data-element_type=\"column\">\n\t\t\t<div class=\"elementor-widget-wrap elementor-element-populated\">\n\t\t\t\t\t\t<div class=\"elementor-element elementor-element-b4acdf2 elementor-widget elementor-widget-text-editor\" data-id=\"b4acdf2\" data-element_type=\"widget\" data-widget_type=\"text-editor.default\">\n\t\t\t\t<div class=\"elementor-widget-container\">\n\t\t\t\t\t\t\t<p><span style=\"font-size: 1rem;\">For the ultimate relaxation, there are also numerous <\/span><a style=\"background-color: #ffffff; font-size: 1rem;\" href=\"https:\/\/zweiteheimat-nuerburg.com\/en\/appartements\/\">Apartments<\/a><span style=\"font-size: 1rem;\"> and multiple <\/span><strong style=\"font-size: 1rem;\">wellness offers<\/strong><span style=\"font-size: 1rem;\"> . Your relaxation is the focus here.<\/span><\/p><p>If you would also like to be enchanted by the picturesque natural paradise of the Eifel and its excursion destinations and are still looking for a comfortable, <strong>spacious accommodation<\/strong> , then simply book your overnight stay via our website. If you have any questions, you can contact us via our <span style=\"text-decoration: underline;\"><a href=\"https:\/\/zweiteheimat-nuerburg.com\/en\/kontakt\/\">Contact form<\/a><\/span> or by phone at +491736937401.<\/p><p>We from the Zweite Heimat N\u00fcrburgring are looking forward to seeing you!<\/p>\t\t\t\t\t\t<\/div>\n\t\t\t\t<\/div>\n\t\t\t\t\t<\/div>\n\t\t<\/div>\n\t\t\t\t\t<\/div>\n\t\t<\/section>\n\t\t\t\t<\/div>","protected":false},"excerpt":{"rendered":"<p>Kaum ein Gebiet in ganz Deutschland zeichnet sich durch so malerisch sch\u00f6ne Orte und Landschaften aus wie die Eifel. Neben aufregenden Aktivit\u00e4ten bietet die Eifel vor allem Entspannung in der [&hellip;]<\/p>","protected":false},"author":1,"featured_media":0,"parent":0,"menu_order":0,"comment_status":"closed","ping_status":"closed","template":"","meta":[],"yoast_head":"<!-- This site is optimized with the Yoast SEO plugin v20.11 - https:\/\/yoast.com\/wordpress\/plugins\/seo\/ -->\n<title>Natur erleben in der Eifel - Zweite Heimat N\u00fcrburg<\/title>\n<meta name=\"robots\" content=\"index, follow, max-snippet:-1, max-image-preview:large, max-video-preview:-1\" \/>\n<link rel=\"canonical\" href=\"https:\/\/zweiteheimat-nuerburg.com\/en\/natur-erleben-in-der-eifel\/\" \/>\n<meta property=\"og:locale\" content=\"en_US\" \/>\n<meta property=\"og:type\" content=\"article\" \/>\n<meta property=\"og:title\" content=\"Natur erleben in der Eifel - Zweite Heimat N\u00fcrburg\" \/>\n<meta property=\"og:description\" content=\"Kaum ein Gebiet in ganz Deutschland zeichnet sich durch so malerisch sch\u00f6ne Orte und Landschaften aus wie die Eifel. Neben aufregenden Aktivit\u00e4ten bietet die Eifel vor allem Entspannung in der [&hellip;]\" \/>\n<meta property=\"og:url\" content=\"https:\/\/zweiteheimat-nuerburg.com\/en\/natur-erleben-in-der-eifel\/\" \/>\n<meta property=\"og:site_name\" content=\"Zweite Heimat N\u00fcrburg\" \/>\n<meta property=\"article:modified_time\" content=\"2020-08-14T14:59:40+00:00\" \/>\n<meta property=\"og:image\" content=\"https:\/\/zweiteheimat-nuerburgring.com\/wp-content\/uploads\/2020\/07\/natur-mountainbike.jpg\" \/>\n<meta name=\"twitter:card\" content=\"summary_large_image\" \/>\n<meta name=\"twitter:label1\" content=\"Est. reading time\" \/>\n\t<meta name=\"twitter:data1\" content=\"2 minutes\" \/>\n<script type=\"application\/ld+json\" class=\"yoast-schema-graph\">{\"@context\":\"https:\/\/schema.org\",\"@graph\":[{\"@type\":\"WebPage\",\"@id\":\"https:\/\/zweiteheimat-nuerburg.com\/natur-erleben-in-der-eifel\/\",\"url\":\"https:\/\/zweiteheimat-nuerburg.com\/natur-erleben-in-der-eifel\/\",\"name\":\"Natur erleben in der Eifel - Zweite Heimat N\u00fcrburg\",\"isPartOf\":{\"@id\":\"https:\/\/zweiteheimat-nuerburg.com\/de\/#website\"},\"datePublished\":\"2020-08-04T17:52:24+00:00\",\"dateModified\":\"2020-08-14T14:59:40+00:00\",\"breadcrumb\":{\"@id\":\"https:\/\/zweiteheimat-nuerburg.com\/natur-erleben-in-der-eifel\/#breadcrumb\"},\"inLanguage\":\"en-US\",\"potentialAction\":[{\"@type\":\"ReadAction\",\"target\":[\"https:\/\/zweiteheimat-nuerburg.com\/natur-erleben-in-der-eifel\/\"]}]},{\"@type\":\"BreadcrumbList\",\"@id\":\"https:\/\/zweiteheimat-nuerburg.com\/natur-erleben-in-der-eifel\/#breadcrumb\",\"itemListElement\":[{\"@type\":\"ListItem\",\"position\":1,\"name\":\"Startseite\",\"item\":\"https:\/\/zweiteheimat-nuerburg.com\/\"},{\"@type\":\"ListItem\",\"position\":2,\"name\":\"Natur erleben in der Eifel\"}]},{\"@type\":\"WebSite\",\"@id\":\"https:\/\/zweiteheimat-nuerburg.com\/de\/#website\",\"url\":\"https:\/\/zweiteheimat-nuerburg.com\/de\/\",\"name\":\"Zweite Heimat N\u00fcrburg\",\"description\":\"Motosporthotel &amp; Apartments am N\u00fcrburgring\",\"potentialAction\":[{\"@type\":\"SearchAction\",\"target\":{\"@type\":\"EntryPoint\",\"urlTemplate\":\"https:\/\/zweiteheimat-nuerburg.com\/de\/?s={search_term_string}\"},\"query-input\":\"required name=search_term_string\"}],\"inLanguage\":\"en-US\"}]}<\/script>\n<!-- \/ Yoast SEO plugin. -->","yoast_head_json":{"title":"Natur erleben in der Eifel - Zweite Heimat N\u00fcrburg","robots":{"index":"index","follow":"follow","max-snippet":"max-snippet:-1","max-image-preview":"max-image-preview:large","max-video-preview":"max-video-preview:-1"},"canonical":"https:\/\/zweiteheimat-nuerburg.com\/en\/natur-erleben-in-der-eifel\/","og_locale":"en_US","og_type":"article","og_title":"Natur erleben in der Eifel - Zweite Heimat N\u00fcrburg","og_description":"Kaum ein Gebiet in ganz Deutschland zeichnet sich durch so malerisch sch\u00f6ne Orte und Landschaften aus wie die Eifel. Neben aufregenden Aktivit\u00e4ten bietet die Eifel vor allem Entspannung in der [&hellip;]","og_url":"https:\/\/zweiteheimat-nuerburg.com\/en\/natur-erleben-in-der-eifel\/","og_site_name":"Zweite Heimat N\u00fcrburg","article_modified_time":"2020-08-14T14:59:40+00:00","og_image":[{"url":"https:\/\/zweiteheimat-nuerburgring.com\/wp-content\/uploads\/2020\/07\/natur-mountainbike.jpg"}],"twitter_card":"summary_large_image","twitter_misc":{"Est. reading time":"2 minutes"},"schema":{"@context":"https:\/\/schema.org","@graph":[{"@type":"WebPage","@id":"https:\/\/zweiteheimat-nuerburg.com\/natur-erleben-in-der-eifel\/","url":"https:\/\/zweiteheimat-nuerburg.com\/natur-erleben-in-der-eifel\/","name":"Natur erleben in der Eifel - Zweite Heimat N\u00fcrburg","isPartOf":{"@id":"https:\/\/zweiteheimat-nuerburg.com\/de\/#website"},"datePublished":"2020-08-04T17:52:24+00:00","dateModified":"2020-08-14T14:59:40+00:00","breadcrumb":{"@id":"https:\/\/zweiteheimat-nuerburg.com\/natur-erleben-in-der-eifel\/#breadcrumb"},"inLanguage":"en-US","potentialAction":[{"@type":"ReadAction","target":["https:\/\/zweiteheimat-nuerburg.com\/natur-erleben-in-der-eifel\/"]}]},{"@type":"BreadcrumbList","@id":"https:\/\/zweiteheimat-nuerburg.com\/natur-erleben-in-der-eifel\/#breadcrumb","itemListElement":[{"@type":"ListItem","position":1,"name":"Startseite","item":"https:\/\/zweiteheimat-nuerburg.com\/"},{"@type":"ListItem","position":2,"name":"Natur erleben in der Eifel"}]},{"@type":"WebSite","@id":"https:\/\/zweiteheimat-nuerburg.com\/de\/#website","url":"https:\/\/zweiteheimat-nuerburg.com\/de\/","name":"Zweite Heimat N\u00fcrburg","description":"Motosporthotel &amp; Apartments am N\u00fcrburgring","potentialAction":[{"@type":"SearchAction","target":{"@type":"EntryPoint","urlTemplate":"https:\/\/zweiteheimat-nuerburg.com\/de\/?s={search_term_string}"},"query-input":"required name=search_term_string"}],"inLanguage":"en-US"}]}},"_links":{"self":[{"href":"https:\/\/zweiteheimat-nuerburg.com\/en\/wp-json\/wp\/v2\/pages\/698"}],"collection":[{"href":"https:\/\/zweiteheimat-nuerburg.com\/en\/wp-json\/wp\/v2\/pages"}],"about":[{"href":"https:\/\/zweiteheimat-nuerburg.com\/en\/wp-json\/wp\/v2\/types\/page"}],"author":[{"embeddable":true,"href":"https:\/\/zweiteheimat-nuerburg.com\/en\/wp-json\/wp\/v2\/users\/1"}],"replies":[{"embeddable":true,"href":"https:\/\/zweiteheimat-nuerburg.com\/en\/wp-json\/wp\/v2\/comments?post=698"}],"version-history":[{"count":13,"href":"https:\/\/zweiteheimat-nuerburg.com\/en\/wp-json\/wp\/v2\/pages\/698\/revisions"}],"predecessor-version":[{"id":722,"href":"https:\/\/zweiteheimat-nuerburg.com\/en\/wp-json\/wp\/v2\/pages\/698\/revisions\/722"}],"wp:attachment":[{"href":"https:\/\/zweiteheimat-nuerburg.com\/en\/wp-json\/wp\/v2\/media?parent=698"}],"curies":[{"name":"wp","href":"https:\/\/api.w.org\/{rel}","templated":true}]}}