{"id":694,"date":"2020-08-04T19:50:18","date_gmt":"2020-08-04T17:50:18","guid":{"rendered":"https:\/\/zweiteheimat-nuerburgring.com\/?page_id=694"},"modified":"2021-05-06T20:37:39","modified_gmt":"2021-05-06T18:37:39","slug":"motorsport-am-nuerburgring","status":"publish","type":"page","link":"https:\/\/zweiteheimat-nuerburg.com\/en\/motorsport-am-nuerburgring\/","title":{"rendered":"Motorsport that gets under your skin"},"content":{"rendered":"<div data-elementor-type=\"wp-page\" data-elementor-id=\"694\" class=\"elementor elementor-694\" data-elementor-post-type=\"page\">\n\t\t\t\t\t\t<section class=\"elementor-section elementor-top-section elementor-element elementor-element-2b74294 elementor-section-boxed elementor-section-height-default elementor-section-height-default\" data-id=\"2b74294\" data-element_type=\"section\">\n\t\t\t\t\t\t<div class=\"elementor-container elementor-column-gap-default\">\n\t\t\t\t\t<div class=\"elementor-column elementor-col-100 elementor-top-column elementor-element elementor-element-10da334\" data-id=\"10da334\" data-element_type=\"column\">\n\t\t\t<div class=\"elementor-widget-wrap elementor-element-populated\">\n\t\t\t\t\t\t<div class=\"elementor-element elementor-element-03f0047 elementor-widget elementor-widget-text-editor\" data-id=\"03f0047\" data-element_type=\"widget\" data-widget_type=\"text-editor.default\">\n\t\t\t\t<div class=\"elementor-widget-container\">\n\t\t\t\t\t\t\t<p>Hardly any other race track in Europe is as legendary and shrouded in legend as the <strong>N\u00fcrburgring<\/strong>. For motorsport fans, the <strong>racetrack<\/strong> built in 1927 is THE tourist attraction of the Eifel. We from the Zweite Heimat at the N\u00fcrburgring would like to introduce the numerous events and offers of the N\u00fcrburgring to you and warmly recommend them to you.<\/p><p>One of the many annual highlights is the <em>ADAC TOTAL 24 hours race.<\/em> Here, on the <strong>longest race track in the world<\/strong> , lightening-fast top class drivers battle it out in a fierce race for victory. A breathtaking experience for <strong>motor sport fans<\/strong>! This year the spectacle will take place from 24 to 27 September 2020.<\/p><p>Besides that, <strong>formula 1<\/strong> is a huge tourist magnet. For the first time after 7 years again at the N\u00fcrburgring. Experience the fastest cars and the best drivers in the world on the traditional track. We recommend you to book a pass for the whole weekend and to stay in one of the Zweite Heimat apartments to enjoy a <strong>relaxing time<\/strong> in the nature of the Eifel in addition to the <strong>motorsport experience.<\/strong> in der Natur der Eifel zu genie\u00dfen.<\/p><p>Further <strong>highlights<\/strong> are the NLS\/VLN, DTM, GT Masters and the \u201cEuropean Time Attack Masters\u201c event. Tickets and much more information can be found online at <a href=\"https:\/\/www.nuerburgring.de\/startseite.html\">https:\/\/www.nuerburgring.de\/startseite.html<\/a> .<\/p><p>If you prefer to sit behind the wheel <u>yourself<\/u> instead of watching, you've come to the right place. Various <strong>Training<\/strong> courses are offered, such as a driving safety training, a sports driver training or the legendary <em>Driving Academy<\/em>. Here you are guaranteed to get your money's worth! You can also book <strong>Kart<\/strong>rides and race for victory with your friends or book a <strong>Tourist Ride<\/strong>, where you will race your own car over the original N\u00fcrburgring race track. Parking space for your car is available free of charge at our Zweite Heimat apartments.<\/p><p>Also highly recommended is the <strong>Backstage-Tour<\/strong> Tour of the N\u00fcrburgring, where you can get exclusive insights into the world behind the closed doors. This is a very special feeling and definitely worth a trip. Another hot tip is also the<strong>Race Room Cafe<\/strong>\u201c. There, you can race head-to-head for victory with other players in virtual races in an impressive real simulation. Great fun for young and old.<\/p><p>If you don't want to miss the legendary N\u00fcrburgring and its <strong>Spectacular Events<\/strong> , and are still looking for <strong>Comfortable Accommodation<\/strong> in a practical yet <strong>relaxing location<\/strong> , book your stay easily and conveniently on our website. If you have any questions, you can contact us easily and conveniently via our <span style=\"text-decoration: underline;\"><a href=\"https:\/\/zweiteheimat-nuerburg.com\/en\/kontakt\/\">Contact form<\/a> <\/span>or by phone at +491736937401.<\/p><p>We from the Zweite Heimat N\u00fcrburgring are looking forward to seeing you!<\/p>\t\t\t\t\t\t<\/div>\n\t\t\t\t<\/div>\n\t\t\t\t<div class=\"elementor-element elementor-element-806f420 elementor-widget elementor-widget-spacer\" data-id=\"806f420\" data-element_type=\"widget\" data-widget_type=\"spacer.default\">\n\t\t\t\t<div class=\"elementor-widget-container\">\n\t\t\t\t\t<div class=\"elementor-spacer\">\n\t\t\t<div class=\"elementor-spacer-inner\"><\/div>\n\t\t<\/div>\n\t\t\t\t<\/div>\n\t\t\t\t<\/div>\n\t\t\t\t\t<\/div>\n\t\t<\/div>\n\t\t\t\t\t<\/div>\n\t\t<\/section>\n\t\t\t\t<\/div>","protected":false},"excerpt":{"rendered":"<p>Kaum eine Rennstrecke Europas ist so sagenumwoben und legend\u00e4r, wie der N\u00fcrburgring. F\u00fcr Motorsportfans ist die 1927 erbaute Rennstrecke DIE Touristenattraktion der Eifel. Wir von der Zweiten Heimat am N\u00fcrburgring [&hellip;]<\/p>","protected":false},"author":1,"featured_media":0,"parent":0,"menu_order":0,"comment_status":"closed","ping_status":"closed","template":"","meta":[],"yoast_head":"<!-- This site is optimized with the Yoast SEO plugin v20.11 - https:\/\/yoast.com\/wordpress\/plugins\/seo\/ -->\n<title>Motorsport am N\u00fcrburgring - Zweite Heimat N\u00fcrburg<\/title>\n<meta name=\"description\" content=\"Erlebe die legend\u00e4re Rennstrecke N\u00fcrburgring samt spektakul\u00e4rer Ereignisse live. Die Zweite Heimat bietet Dir dazu die perfekte Unterkunft f\u00fcr Dein Erlebnis\" \/>\n<meta name=\"robots\" content=\"index, follow, max-snippet:-1, max-image-preview:large, max-video-preview:-1\" \/>\n<link rel=\"canonical\" href=\"https:\/\/zweiteheimat-nuerburg.com\/en\/motorsport-am-nuerburgring\/\" \/>\n<meta property=\"og:locale\" content=\"en_US\" \/>\n<meta property=\"og:type\" content=\"article\" \/>\n<meta property=\"og:title\" content=\"Motorsport am N\u00fcrburgring - Zweite Heimat N\u00fcrburg\" \/>\n<meta property=\"og:description\" content=\"Erlebe die legend\u00e4re Rennstrecke N\u00fcrburgring samt spektakul\u00e4rer Ereignisse live. Die Zweite Heimat bietet Dir dazu die perfekte Unterkunft f\u00fcr Dein Erlebnis\" \/>\n<meta property=\"og:url\" content=\"https:\/\/zweiteheimat-nuerburg.com\/en\/motorsport-am-nuerburgring\/\" \/>\n<meta property=\"og:site_name\" content=\"Zweite Heimat N\u00fcrburg\" \/>\n<meta property=\"article:modified_time\" content=\"2021-05-06T18:37:39+00:00\" \/>\n<meta name=\"twitter:card\" content=\"summary_large_image\" \/>\n<meta name=\"twitter:label1\" content=\"Est. reading time\" \/>\n\t<meta name=\"twitter:data1\" content=\"2 minutes\" \/>\n<script type=\"application\/ld+json\" class=\"yoast-schema-graph\">{\"@context\":\"https:\/\/schema.org\",\"@graph\":[{\"@type\":\"WebPage\",\"@id\":\"https:\/\/zweiteheimat-nuerburg.com\/motorsport-am-nuerburgring\/\",\"url\":\"https:\/\/zweiteheimat-nuerburg.com\/motorsport-am-nuerburgring\/\",\"name\":\"Motorsport am N\u00fcrburgring - Zweite Heimat N\u00fcrburg\",\"isPartOf\":{\"@id\":\"https:\/\/zweiteheimat-nuerburg.com\/de\/#website\"},\"datePublished\":\"2020-08-04T17:50:18+00:00\",\"dateModified\":\"2021-05-06T18:37:39+00:00\",\"description\":\"Erlebe die legend\u00e4re Rennstrecke N\u00fcrburgring samt spektakul\u00e4rer Ereignisse live. Die Zweite Heimat bietet Dir dazu die perfekte Unterkunft f\u00fcr Dein Erlebnis\",\"breadcrumb\":{\"@id\":\"https:\/\/zweiteheimat-nuerburg.com\/motorsport-am-nuerburgring\/#breadcrumb\"},\"inLanguage\":\"en-US\",\"potentialAction\":[{\"@type\":\"ReadAction\",\"target\":[\"https:\/\/zweiteheimat-nuerburg.com\/motorsport-am-nuerburgring\/\"]}]},{\"@type\":\"BreadcrumbList\",\"@id\":\"https:\/\/zweiteheimat-nuerburg.com\/motorsport-am-nuerburgring\/#breadcrumb\",\"itemListElement\":[{\"@type\":\"ListItem\",\"position\":1,\"name\":\"Startseite\",\"item\":\"https:\/\/zweiteheimat-nuerburg.com\/\"},{\"@type\":\"ListItem\",\"position\":2,\"name\":\"Motorsport am N\u00fcrburgring\"}]},{\"@type\":\"WebSite\",\"@id\":\"https:\/\/zweiteheimat-nuerburg.com\/de\/#website\",\"url\":\"https:\/\/zweiteheimat-nuerburg.com\/de\/\",\"name\":\"Zweite Heimat N\u00fcrburg\",\"description\":\"Motosporthotel &amp; Apartments am N\u00fcrburgring\",\"potentialAction\":[{\"@type\":\"SearchAction\",\"target\":{\"@type\":\"EntryPoint\",\"urlTemplate\":\"https:\/\/zweiteheimat-nuerburg.com\/de\/?s={search_term_string}\"},\"query-input\":\"required name=search_term_string\"}],\"inLanguage\":\"en-US\"}]}<\/script>\n<!-- \/ Yoast SEO plugin. -->","yoast_head_json":{"title":"Motorsport am N\u00fcrburgring - Zweite Heimat N\u00fcrburg","description":"Erlebe die legend\u00e4re Rennstrecke N\u00fcrburgring samt spektakul\u00e4rer Ereignisse live. Die Zweite Heimat bietet Dir dazu die perfekte Unterkunft f\u00fcr Dein Erlebnis","robots":{"index":"index","follow":"follow","max-snippet":"max-snippet:-1","max-image-preview":"max-image-preview:large","max-video-preview":"max-video-preview:-1"},"canonical":"https:\/\/zweiteheimat-nuerburg.com\/en\/motorsport-am-nuerburgring\/","og_locale":"en_US","og_type":"article","og_title":"Motorsport am N\u00fcrburgring - Zweite Heimat N\u00fcrburg","og_description":"Erlebe die legend\u00e4re Rennstrecke N\u00fcrburgring samt spektakul\u00e4rer Ereignisse live. Die Zweite Heimat bietet Dir dazu die perfekte Unterkunft f\u00fcr Dein Erlebnis","og_url":"https:\/\/zweiteheimat-nuerburg.com\/en\/motorsport-am-nuerburgring\/","og_site_name":"Zweite Heimat N\u00fcrburg","article_modified_time":"2021-05-06T18:37:39+00:00","twitter_card":"summary_large_image","twitter_misc":{"Est. reading time":"2 minutes"},"schema":{"@context":"https:\/\/schema.org","@graph":[{"@type":"WebPage","@id":"https:\/\/zweiteheimat-nuerburg.com\/motorsport-am-nuerburgring\/","url":"https:\/\/zweiteheimat-nuerburg.com\/motorsport-am-nuerburgring\/","name":"Motorsport am N\u00fcrburgring - Zweite Heimat N\u00fcrburg","isPartOf":{"@id":"https:\/\/zweiteheimat-nuerburg.com\/de\/#website"},"datePublished":"2020-08-04T17:50:18+00:00","dateModified":"2021-05-06T18:37:39+00:00","description":"Erlebe die legend\u00e4re Rennstrecke N\u00fcrburgring samt spektakul\u00e4rer Ereignisse live. Die Zweite Heimat bietet Dir dazu die perfekte Unterkunft f\u00fcr Dein Erlebnis","breadcrumb":{"@id":"https:\/\/zweiteheimat-nuerburg.com\/motorsport-am-nuerburgring\/#breadcrumb"},"inLanguage":"en-US","potentialAction":[{"@type":"ReadAction","target":["https:\/\/zweiteheimat-nuerburg.com\/motorsport-am-nuerburgring\/"]}]},{"@type":"BreadcrumbList","@id":"https:\/\/zweiteheimat-nuerburg.com\/motorsport-am-nuerburgring\/#breadcrumb","itemListElement":[{"@type":"ListItem","position":1,"name":"Startseite","item":"https:\/\/zweiteheimat-nuerburg.com\/"},{"@type":"ListItem","position":2,"name":"Motorsport am N\u00fcrburgring"}]},{"@type":"WebSite","@id":"https:\/\/zweiteheimat-nuerburg.com\/de\/#website","url":"https:\/\/zweiteheimat-nuerburg.com\/de\/","name":"Zweite Heimat N\u00fcrburg","description":"Motosporthotel &amp; Apartments am N\u00fcrburgring","potentialAction":[{"@type":"SearchAction","target":{"@type":"EntryPoint","urlTemplate":"https:\/\/zweiteheimat-nuerburg.com\/de\/?s={search_term_string}"},"query-input":"required name=search_term_string"}],"inLanguage":"en-US"}]}},"_links":{"self":[{"href":"https:\/\/zweiteheimat-nuerburg.com\/en\/wp-json\/wp\/v2\/pages\/694"}],"collection":[{"href":"https:\/\/zweiteheimat-nuerburg.com\/en\/wp-json\/wp\/v2\/pages"}],"about":[{"href":"https:\/\/zweiteheimat-nuerburg.com\/en\/wp-json\/wp\/v2\/types\/page"}],"author":[{"embeddable":true,"href":"https:\/\/zweiteheimat-nuerburg.com\/en\/wp-json\/wp\/v2\/users\/1"}],"replies":[{"embeddable":true,"href":"https:\/\/zweiteheimat-nuerburg.com\/en\/wp-json\/wp\/v2\/comments?post=694"}],"version-history":[{"count":6,"href":"https:\/\/zweiteheimat-nuerburg.com\/en\/wp-json\/wp\/v2\/pages\/694\/revisions"}],"predecessor-version":[{"id":1148,"href":"https:\/\/zweiteheimat-nuerburg.com\/en\/wp-json\/wp\/v2\/pages\/694\/revisions\/1148"}],"wp:attachment":[{"href":"https:\/\/zweiteheimat-nuerburg.com\/en\/wp-json\/wp\/v2\/media?parent=694"}],"curies":[{"name":"wp","href":"https:\/\/api.w.org\/{rel}","templated":true}]}}