{"id":642,"date":"2020-07-27T13:19:05","date_gmt":"2020-07-27T11:19:05","guid":{"rendered":"https:\/\/zweiteheimat-nuerburgring.com\/appartement-3-breidscheid-copy\/"},"modified":"2020-07-27T13:22:43","modified_gmt":"2020-07-27T11:22:43","slug":"appartement-2-hatzenbach","status":"publish","type":"page","link":"https:\/\/zweiteheimat-nuerburg.com\/en\/appartement-2-hatzenbach\/","title":{"rendered":"Apartment 2 Hatzenbach"},"content":{"rendered":"<div data-elementor-type=\"wp-page\" data-elementor-id=\"642\" class=\"elementor elementor-642\" data-elementor-post-type=\"page\">\n\t\t\t\t\t\t<section class=\"elementor-section elementor-top-section elementor-element elementor-element-de93915 elementor-section-boxed elementor-section-height-default elementor-section-height-default\" data-id=\"de93915\" data-element_type=\"section\">\n\t\t\t\t\t\t<div class=\"elementor-container elementor-column-gap-default\">\n\t\t\t\t\t<div class=\"elementor-column elementor-col-100 elementor-top-column elementor-element elementor-element-766f19a\" data-id=\"766f19a\" data-element_type=\"column\">\n\t\t\t<div class=\"elementor-widget-wrap elementor-element-populated\">\n\t\t\t\t\t\t<div class=\"elementor-element elementor-element-ef4069d elementor-widget elementor-widget-shortcode\" data-id=\"ef4069d\" data-element_type=\"widget\" data-widget_type=\"shortcode.default\">\n\t\t\t\t<div class=\"elementor-widget-container\">\n\t\t\t\t\t<div class=\"elementor-shortcode\">[hb_booking_form accom_id=\"644\"]<\/div>\n\t\t\t\t<\/div>\n\t\t\t\t<\/div>\n\t\t\t\t\t<\/div>\n\t\t<\/div>\n\t\t\t\t\t<\/div>\n\t\t<\/section>\n\t\t\t\t<\/div>","protected":false},"excerpt":{"rendered":"<p>[hb_booking_form accom_id=&#8220;644&#8243;]<\/p>","protected":false},"author":1,"featured_media":0,"parent":0,"menu_order":0,"comment_status":"closed","ping_status":"closed","template":"","meta":[],"yoast_head":"<!-- This site is optimized with the Yoast SEO plugin v20.11 - https:\/\/yoast.com\/wordpress\/plugins\/seo\/ -->\n<title>Appartement 2 - Hatzenbach - Zweite Heimat N\u00fcrburg<\/title>\n<meta name=\"description\" content=\"Das 3. Appartement &quot;Breidscheid&quot; ist unser gr\u00f6\u00dftes Appartement (65qm) und bietet neben modernster Ausstattung auch einen Balkon mit gro\u00dfartigem Ausblick.\" \/>\n<meta name=\"robots\" content=\"index, follow, max-snippet:-1, max-image-preview:large, max-video-preview:-1\" \/>\n<link rel=\"canonical\" href=\"https:\/\/zweiteheimat-nuerburg.com\/en\/appartement-2-hatzenbach\/\" \/>\n<meta property=\"og:locale\" content=\"en_US\" \/>\n<meta property=\"og:type\" content=\"article\" \/>\n<meta property=\"og:title\" content=\"Appartement 2 - Hatzenbach - Zweite Heimat N\u00fcrburg\" \/>\n<meta property=\"og:description\" content=\"Das 3. Appartement &quot;Breidscheid&quot; ist unser gr\u00f6\u00dftes Appartement (65qm) und bietet neben modernster Ausstattung auch einen Balkon mit gro\u00dfartigem Ausblick.\" \/>\n<meta property=\"og:url\" content=\"https:\/\/zweiteheimat-nuerburg.com\/en\/appartement-2-hatzenbach\/\" \/>\n<meta property=\"og:site_name\" content=\"Zweite Heimat N\u00fcrburg\" \/>\n<meta property=\"article:modified_time\" content=\"2020-07-27T11:22:43+00:00\" \/>\n<meta name=\"twitter:card\" content=\"summary_large_image\" \/>\n<script type=\"application\/ld+json\" class=\"yoast-schema-graph\">{\"@context\":\"https:\/\/schema.org\",\"@graph\":[{\"@type\":\"WebPage\",\"@id\":\"https:\/\/zweiteheimat-nuerburg.com\/appartement-2-hatzenbach\/\",\"url\":\"https:\/\/zweiteheimat-nuerburg.com\/appartement-2-hatzenbach\/\",\"name\":\"Appartement 2 - Hatzenbach - Zweite Heimat N\u00fcrburg\",\"isPartOf\":{\"@id\":\"https:\/\/zweiteheimat-nuerburg.com\/de\/#website\"},\"datePublished\":\"2020-07-27T11:19:05+00:00\",\"dateModified\":\"2020-07-27T11:22:43+00:00\",\"description\":\"Das 3. Appartement \\\"Breidscheid\\\" ist unser gr\u00f6\u00dftes Appartement (65qm) und bietet neben modernster Ausstattung auch einen Balkon mit gro\u00dfartigem Ausblick.\",\"breadcrumb\":{\"@id\":\"https:\/\/zweiteheimat-nuerburg.com\/appartement-2-hatzenbach\/#breadcrumb\"},\"inLanguage\":\"en-US\",\"potentialAction\":[{\"@type\":\"ReadAction\",\"target\":[\"https:\/\/zweiteheimat-nuerburg.com\/appartement-2-hatzenbach\/\"]}]},{\"@type\":\"BreadcrumbList\",\"@id\":\"https:\/\/zweiteheimat-nuerburg.com\/appartement-2-hatzenbach\/#breadcrumb\",\"itemListElement\":[{\"@type\":\"ListItem\",\"position\":1,\"name\":\"Startseite\",\"item\":\"https:\/\/zweiteheimat-nuerburg.com\/\"},{\"@type\":\"ListItem\",\"position\":2,\"name\":\"Appartement 2 &#8211; Hatzenbach\"}]},{\"@type\":\"WebSite\",\"@id\":\"https:\/\/zweiteheimat-nuerburg.com\/de\/#website\",\"url\":\"https:\/\/zweiteheimat-nuerburg.com\/de\/\",\"name\":\"Zweite Heimat N\u00fcrburg\",\"description\":\"Motosporthotel &amp; Apartments am N\u00fcrburgring\",\"potentialAction\":[{\"@type\":\"SearchAction\",\"target\":{\"@type\":\"EntryPoint\",\"urlTemplate\":\"https:\/\/zweiteheimat-nuerburg.com\/de\/?s={search_term_string}\"},\"query-input\":\"required name=search_term_string\"}],\"inLanguage\":\"en-US\"}]}<\/script>\n<!-- \/ Yoast SEO plugin. -->","yoast_head_json":{"title":"Appartement 2 - Hatzenbach - Zweite Heimat N\u00fcrburg","description":"Das 3. Appartement \"Breidscheid\" ist unser gr\u00f6\u00dftes Appartement (65qm) und bietet neben modernster Ausstattung auch einen Balkon mit gro\u00dfartigem Ausblick.","robots":{"index":"index","follow":"follow","max-snippet":"max-snippet:-1","max-image-preview":"max-image-preview:large","max-video-preview":"max-video-preview:-1"},"canonical":"https:\/\/zweiteheimat-nuerburg.com\/en\/appartement-2-hatzenbach\/","og_locale":"en_US","og_type":"article","og_title":"Appartement 2 - Hatzenbach - Zweite Heimat N\u00fcrburg","og_description":"Das 3. Appartement \"Breidscheid\" ist unser gr\u00f6\u00dftes Appartement (65qm) und bietet neben modernster Ausstattung auch einen Balkon mit gro\u00dfartigem Ausblick.","og_url":"https:\/\/zweiteheimat-nuerburg.com\/en\/appartement-2-hatzenbach\/","og_site_name":"Zweite Heimat N\u00fcrburg","article_modified_time":"2020-07-27T11:22:43+00:00","twitter_card":"summary_large_image","schema":{"@context":"https:\/\/schema.org","@graph":[{"@type":"WebPage","@id":"https:\/\/zweiteheimat-nuerburg.com\/appartement-2-hatzenbach\/","url":"https:\/\/zweiteheimat-nuerburg.com\/appartement-2-hatzenbach\/","name":"Appartement 2 - Hatzenbach - Zweite Heimat N\u00fcrburg","isPartOf":{"@id":"https:\/\/zweiteheimat-nuerburg.com\/de\/#website"},"datePublished":"2020-07-27T11:19:05+00:00","dateModified":"2020-07-27T11:22:43+00:00","description":"Das 3. Appartement \"Breidscheid\" ist unser gr\u00f6\u00dftes Appartement (65qm) und bietet neben modernster Ausstattung auch einen Balkon mit gro\u00dfartigem Ausblick.","breadcrumb":{"@id":"https:\/\/zweiteheimat-nuerburg.com\/appartement-2-hatzenbach\/#breadcrumb"},"inLanguage":"en-US","potentialAction":[{"@type":"ReadAction","target":["https:\/\/zweiteheimat-nuerburg.com\/appartement-2-hatzenbach\/"]}]},{"@type":"BreadcrumbList","@id":"https:\/\/zweiteheimat-nuerburg.com\/appartement-2-hatzenbach\/#breadcrumb","itemListElement":[{"@type":"ListItem","position":1,"name":"Startseite","item":"https:\/\/zweiteheimat-nuerburg.com\/"},{"@type":"ListItem","position":2,"name":"Appartement 2 &#8211; Hatzenbach"}]},{"@type":"WebSite","@id":"https:\/\/zweiteheimat-nuerburg.com\/de\/#website","url":"https:\/\/zweiteheimat-nuerburg.com\/de\/","name":"Zweite Heimat N\u00fcrburg","description":"Motosporthotel &amp; Apartments am N\u00fcrburgring","potentialAction":[{"@type":"SearchAction","target":{"@type":"EntryPoint","urlTemplate":"https:\/\/zweiteheimat-nuerburg.com\/de\/?s={search_term_string}"},"query-input":"required name=search_term_string"}],"inLanguage":"en-US"}]}},"_links":{"self":[{"href":"https:\/\/zweiteheimat-nuerburg.com\/en\/wp-json\/wp\/v2\/pages\/642"}],"collection":[{"href":"https:\/\/zweiteheimat-nuerburg.com\/en\/wp-json\/wp\/v2\/pages"}],"about":[{"href":"https:\/\/zweiteheimat-nuerburg.com\/en\/wp-json\/wp\/v2\/types\/page"}],"author":[{"embeddable":true,"href":"https:\/\/zweiteheimat-nuerburg.com\/en\/wp-json\/wp\/v2\/users\/1"}],"replies":[{"embeddable":true,"href":"https:\/\/zweiteheimat-nuerburg.com\/en\/wp-json\/wp\/v2\/comments?post=642"}],"version-history":[{"count":2,"href":"https:\/\/zweiteheimat-nuerburg.com\/en\/wp-json\/wp\/v2\/pages\/642\/revisions"}],"predecessor-version":[{"id":647,"href":"https:\/\/zweiteheimat-nuerburg.com\/en\/wp-json\/wp\/v2\/pages\/642\/revisions\/647"}],"wp:attachment":[{"href":"https:\/\/zweiteheimat-nuerburg.com\/en\/wp-json\/wp\/v2\/media?parent=642"}],"curies":[{"name":"wp","href":"https:\/\/api.w.org\/{rel}","templated":true}]}}