{"id":1580,"date":"2023-04-28T15:37:20","date_gmt":"2023-04-28T13:37:20","guid":{"rendered":"http:\/\/zweiteheimat.webdesignbs.de\/?page_id=1580"},"modified":"2024-01-11T20:22:51","modified_gmt":"2024-01-11T19:22:51","slug":"trackdays","status":"publish","type":"page","link":"https:\/\/zweiteheimat-nuerburg.com\/en\/trackdays\/","title":{"rendered":"Trackdays"},"content":{"rendered":"<div data-elementor-type=\"wp-page\" data-elementor-id=\"1580\" class=\"elementor elementor-1580\" data-elementor-post-type=\"page\">\n\t\t\t\t\t\t<section class=\"elementor-section elementor-top-section elementor-element elementor-element-1a36ed5 elementor-section-boxed elementor-section-height-default elementor-section-height-default\" data-id=\"1a36ed5\" data-element_type=\"section\">\n\t\t\t\t\t\t<div class=\"elementor-container elementor-column-gap-default\">\n\t\t\t\t\t<div class=\"elementor-column elementor-col-100 elementor-top-column elementor-element elementor-element-5796108\" data-id=\"5796108\" data-element_type=\"column\">\n\t\t\t<div class=\"elementor-widget-wrap elementor-element-populated\">\n\t\t\t\t\t\t<div class=\"elementor-element elementor-element-8a43c73 elementor-widget elementor-widget-heading\" data-id=\"8a43c73\" data-element_type=\"widget\" data-widget_type=\"heading.default\">\n\t\t\t\t<div class=\"elementor-widget-container\">\n\t\t\t<h1 class=\"elementor-heading-title elementor-size-default\">Trackdays<\/h1>\t\t<\/div>\n\t\t\t\t<\/div>\n\t\t\t\t\t<\/div>\n\t\t<\/div>\n\t\t\t\t\t<\/div>\n\t\t<\/section>\n\t\t\t\t<section class=\"elementor-section elementor-top-section elementor-element elementor-element-1c1f40f7 elementor-section-boxed elementor-section-height-default elementor-section-height-default\" data-id=\"1c1f40f7\" data-element_type=\"section\">\n\t\t\t\t\t\t<div class=\"elementor-container elementor-column-gap-default\">\n\t\t\t\t\t<div class=\"elementor-column elementor-col-100 elementor-top-column elementor-element elementor-element-5878bc1c\" data-id=\"5878bc1c\" data-element_type=\"column\">\n\t\t\t<div class=\"elementor-widget-wrap elementor-element-populated\">\n\t\t\t\t\t\t<div class=\"elementor-element elementor-element-6c0b28e3 elementor-widget elementor-widget-text-editor\" data-id=\"6c0b28e3\" data-element_type=\"widget\" data-widget_type=\"text-editor.default\">\n\t\t\t\t<div class=\"elementor-widget-container\">\n\t\t\t\t\t\t\t<p>Besides our exciting and interesting <strong><a href=\"https:\/\/zweiteheimat-racing.com\/racing\/touren\/\">Tours<\/a> <\/strong>we are offering our cars for the popular TRACK DAYS. These events are one of our service\u2019s highlights. We use the term Track Day when an external event organizer rents the N\u00fcrburgring for a whole day or weekend. The respective organizer sells the tickets for the event with a limited number of participants. Since this exclusivity, the Track Days always have their own charm.<\/p>\n<p>Therefore, our Track Days are the perfect event for every motorsports fan who loves to spend the day on the speedway. Driving as long as you want and enjoying the time with a pleasant group of other people sharing your passion for cars and motorsports, what more could one want?<\/p>\n<p>For everyone who is also interested in the myth and the background of the N\u00fcrburgring, we are offering our guided <a href=\"https:\/\/zweiteheimat-racing.com\/de\/racing\/touren\/\"><strong>tours<\/strong> <\/a>like the \u201cN\u00fcrburgring Road Tour\u201d. The nearby speedway Spa-Francorchamps can be visited on one of our exciting tours as well. Without a doubt, you will enjoy a wonderful adventure, that you will never forget.<\/p>\t\t\t\t\t\t<\/div>\n\t\t\t\t<\/div>\n\t\t\t\t\t<\/div>\n\t\t<\/div>\n\t\t\t\t\t<\/div>\n\t\t<\/section>\n\t\t\t\t<section class=\"elementor-section elementor-top-section elementor-element elementor-element-9d77ad1 elementor-section-boxed elementor-section-height-default elementor-section-height-default\" data-id=\"9d77ad1\" data-element_type=\"section\">\n\t\t\t\t\t\t<div class=\"elementor-container elementor-column-gap-default\">\n\t\t\t\t\t<div class=\"elementor-column elementor-col-100 elementor-top-column elementor-element elementor-element-c42d446\" data-id=\"c42d446\" data-element_type=\"column\">\n\t\t\t<div class=\"elementor-widget-wrap elementor-element-populated\">\n\t\t\t\t\t\t<div class=\"elementor-element elementor-element-945fb32 elementor-widget elementor-widget-text-editor\" data-id=\"945fb32\" data-element_type=\"widget\" data-widget_type=\"text-editor.default\">\n\t\t\t\t<div class=\"elementor-widget-container\">\n\t\t\t\t\t\t\t<table class=\"table\"><tbody><tr><th>Date<\/th><th>Format<\/th><th>Organizer<\/th><th>Car types<\/th><th>To the offer<\/th><\/tr><tr><td>21.-22.04.2024<\/td><td>Sport Driver Training<\/td><td>All4track AG<\/td><td>Road Cars<\/td><td><a href=\"https:\/\/all4track.de\/events?filter=eyJ0cmFja3MiOlsiMTM2Il19&amp;limit=150\" target=\"_blank\" rel=\"nofollow noopener\"><u>Inquire<\/u><\/a><\/td><\/tr><tr><td>26.04.2024<\/td><td>Trackday<\/td><td>Pistenclub e.V.<\/td><td>Road Cars<\/td><td><a href=\"https:\/\/all4track.de\/events?filter=eyJ0cmFja3MiOlsiMTM2Il19&amp;limit=150\" target=\"_blank\" rel=\"nofollow noopener\"><u>Inquire<\/u><\/a><\/td><\/tr><tr><td>29.-30.04.2024<\/td><td>Trackday<\/td><td>Circuit Days &#8211; Trackdays &amp; Road Tours<\/td><td>Road Cars<\/td><td><a href=\"https:\/\/all4track.de\/events?filter=eyJ0cmFja3MiOlsiMTM2Il19&amp;limit=150\" target=\"_blank\" rel=\"nofollow noopener\"><u>Inquire<\/u><\/a><\/td><\/tr><tr><td>05.-08.05.2024<\/td><td>Sport Driver Training<\/td><td>Scuderia Hanseat GmbH<\/td><td>Road Cars<\/td><td><a href=\"https:\/\/all4track.de\/events?filter=eyJ0cmFja3MiOlsiMTM2Il19&amp;limit=150\" target=\"_blank\" rel=\"nofollow noopener\"><u>Inquire<\/u><\/a><\/td><\/tr><tr><td>10.05.2024<\/td><td>Trackday<\/td><td>DN Events Ringweekend Ltd<\/td><td>Road Cars<\/td><td><a href=\"https:\/\/all4track.de\/events?filter=eyJ0cmFja3MiOlsiMTM2Il19&amp;limit=150\" target=\"_blank\" rel=\"nofollow noopener\"><u>Inquire<\/u><\/a><\/td><\/tr><tr><td>13.05.2024<\/td><td>Trackday<\/td><td>Gedlich Racing<\/td><td>Road Cars<\/td><td><a href=\"https:\/\/all4track.de\/events?filter=eyJ0cmFja3MiOlsiMTM2Il19&amp;limit=150\" target=\"_blank\" rel=\"nofollow noopener\"><u>Inquire<\/u><\/a><\/td><\/tr><tr><td>15.-17.05.2024<\/td><td>Sport Driver Training<\/td><td>Scuderia S7 GmbH<\/td><td>Road Cars<\/td><td><a href=\"https:\/\/all4track.de\/events?filter=eyJ0cmFja3MiOlsiMTM2Il19&amp;limit=150\" target=\"_blank\" rel=\"nofollow noopener\"><u>Anfr<\/u><\/a><a href=\"https:\/\/all4track.de\/events?filter=eyJ0cmFja3MiOlsiMTM2Il19&amp;limit=150\" target=\"_blank\" rel=\"nofollow noopener\"><u>agen<\/u><\/a><\/td><\/tr><tr><td>26.-27.05.2024<\/td><td>Sport Driver Training<\/td><td>All4track AG<\/td><td>Road Cars<\/td><td><a href=\"https:\/\/all4track.de\/events?filter=eyJ0cmFja3MiOlsiMTM2Il19&amp;limit=150\" target=\"_blank\" rel=\"nofollow noopener\"><u>Inquire<\/u><\/a><\/td><\/tr><tr><td>04.-05.06.2024<\/td><td>Trackday<\/td><td>Gran Turismo Events<\/td><td>Road Cars<\/td><td><a href=\"https:\/\/all4track.de\/events?filter=eyJ0cmFja3MiOlsiMTM2Il19&amp;limit=150\" target=\"_blank\" rel=\"nofollow noopener\"><u>Inquire<\/u><\/a><\/td><\/tr><tr><td>21.06.2024<\/td><td>Trackday<\/td><td>Pistenclub e.V.<\/td><td>Road Cars<\/td><td><a href=\"https:\/\/all4track.de\/events?filter=eyJ0cmFja3MiOlsiMTM2Il19&amp;limit=150\" target=\"_blank\" rel=\"nofollow noopener\"><u>Inquire<\/u><\/a><\/td><\/tr><tr><td>28.06.2024<\/td><td>Trackday<\/td><td>Trackdays.de<\/td><td>Road Cars<\/td><td><a href=\"https:\/\/all4track.de\/events?filter=eyJ0cmFja3MiOlsiMTM2Il19&amp;limit=150\" target=\"_blank\" rel=\"nofollow noopener\"><u>Inquire<\/u><\/a><\/td><\/tr><tr><td>01.07.2024<\/td><td>Trackday<\/td><td>Circuit Days &#8211; Trackdays &amp; Road Tours<\/td><td>Road Cars<\/td><td><a href=\"https:\/\/all4track.de\/events?filter=eyJ0cmFja3MiOlsiMTM2Il19&amp;limit=150\" target=\"_blank\" rel=\"nofollow noopener\"><u>Inquire<\/u><\/a><\/td><\/tr><tr><td>03.-04.07.2024<\/td><td>Sport Driver Training<\/td><td>Sport Auto Perfektionstraining<\/td><td>Road Cars<\/td><td><a href=\"https:\/\/all4track.de\/events?filter=eyJ0cmFja3MiOlsiMTM2Il19&amp;limit=150\" target=\"_blank\" rel=\"nofollow noopener\"><u>Inquire<\/u><\/a><\/td><\/tr><tr><td>07.-08.07.2024<\/td><td>Sport Driver Training<\/td><td>All4track AG<\/td><td>Road Cars<\/td><td><a href=\"https:\/\/all4track.de\/events?filter=eyJ0cmFja3MiOlsiMTM2Il19&amp;limit=150\" target=\"_blank\" rel=\"nofollow noopener\"><u>Inquire<\/u><\/a><\/td><\/tr><tr><td>19.07.2024<\/td><td>Trackday<\/td><td>Skylimit Events<\/td><td>Road &amp; Race Cars<\/td><td><a href=\"https:\/\/all4track.de\/events?filter=eyJ0cmFja3MiOlsiMTM2Il19&amp;limit=150\" target=\"_blank\" rel=\"nofollow noopener\"><u>Inquire<\/u><\/a><\/td><\/tr><tr><td>22.07.2024<\/td><td>Trackday<\/td><td>Gedlich Racing<\/td><td>Road Cars<\/td><td><a href=\"https:\/\/all4track.de\/events?filter=eyJ0cmFja3MiOlsiMTM2Il19&amp;limit=150\" target=\"_blank\" rel=\"nofollow noopener\"><u>Inquire<\/u><\/a><\/td><\/tr><tr><td>25.-26.07.2024<\/td><td>Trackday<\/td><td>DN Events Ringweekend Ltd<\/td><td>Road Cars<\/td><td><a href=\"https:\/\/all4track.de\/events?filter=eyJ0cmFja3MiOlsiMTM2Il19&amp;limit=150\" target=\"_blank\" rel=\"nofollow noopener\"><u>Inquire<\/u><\/a><\/td><\/tr><tr><td>31.-01.08.2024<\/td><td>Sport Driver Training<\/td><td>Manthey Racing GmbH<\/td><td>Road Cars<\/td><td><a href=\"https:\/\/all4track.de\/events?filter=eyJ0cmFja3MiOlsiMTM2Il19&amp;limit=150\" target=\"_blank\" rel=\"nofollow noopener\"><u>Inquire<\/u><\/a><\/td><\/tr><tr><td>09.08.2024<\/td><td>Trackday<\/td><td>Bratke Exclusive Cars Motorsport GmbH &amp; Co. KG<\/td><td>Road &amp; Race Cars<\/td><td><a href=\"https:\/\/all4track.de\/events?filter=eyJ0cmFja3MiOlsiMTM2Il19&amp;limit=150\" target=\"_blank\" rel=\"nofollow noopener\"><u>Inquire<\/u><\/a><\/td><\/tr><tr><td>11.-12.08.2024<\/td><td>Sport Driver Training<\/td><td>All4track AG<\/td><td>Road Cars<\/td><td><a href=\"https:\/\/all4track.de\/events?filter=eyJ0cmFja3MiOlsiMTM2Il19&amp;limit=150\" target=\"_blank\" rel=\"nofollow noopener\"><u>Inquire<\/u><\/a><\/td><\/tr><tr><td>19.08.2024<\/td><td>Trackday<\/td><td>Pistenclub e.V.<\/td><td>Road Cars<\/td><td><a href=\"https:\/\/all4track.de\/events?filter=eyJ0cmFja3MiOlsiMTM2Il19&amp;limit=150\" target=\"_blank\" rel=\"nofollow noopener\"><u>Inquire<\/u><\/a><\/td><\/tr><tr><td>23.08.2024<\/td><td>Trackday<\/td><td>Trackdays.de<\/td><td>Road Cars<\/td><td><a href=\"https:\/\/all4track.de\/events?filter=eyJ0cmFja3MiOlsiMTM2Il19&amp;limit=150\" target=\"_blank\" rel=\"nofollow noopener\"><u>Inquire<\/u><\/a><\/td><\/tr><tr><td>28.-29.08.2024<\/td><td>Sport Driver Training<\/td><td>Sport Auto Perfektionstraining<\/td><td>Road Cars<\/td><td><a href=\"https:\/\/all4track.de\/events?filter=eyJ0cmFja3MiOlsiMTM2Il19&amp;limit=150\" target=\"_blank\" rel=\"nofollow noopener\"><u>Inquire<\/u><\/a><\/td><\/tr><tr><td>30.08.2024<\/td><td>Trackday<\/td><td>Skylimit Events<\/td><td>Road &amp; Race Cars<\/td><td><a href=\"https:\/\/all4track.de\/events?filter=eyJ0cmFja3MiOlsiMTM2Il19&amp;limit=150\" target=\"_blank\" rel=\"nofollow noopener\"><u>Inquire<\/u><\/a><\/td><\/tr><tr><td>02.-03.09.2024<\/td><td>Sport Driver Training<\/td><td>Scuderia S7 GmbH<\/td><td>Road Cars<\/td><td><a href=\"https:\/\/all4track.de\/events?filter=eyJ0cmFja3MiOlsiMTM2Il19&amp;limit=150\" target=\"_blank\" rel=\"nofollow noopener\"><u>Inquire<\/u><\/a><\/td><\/tr><tr><td>06.09.2024<\/td><td>Trackday<\/td><td>RSR N\u00fcrburg GmbH<\/td><td>Road &amp; Race Cars<\/td><td><a href=\"https:\/\/all4track.de\/events?filter=eyJ0cmFja3MiOlsiMTM2Il19&amp;limit=150\" target=\"_blank\" rel=\"nofollow noopener\"><u>Inquire<\/u><\/a><\/td><\/tr><tr><td>08.-09.09.2024<\/td><td>Sport Driver Training<\/td><td>All4track AG<\/td><td>Road Cars<\/td><td><a href=\"https:\/\/all4track.de\/events?filter=eyJ0cmFja3MiOlsiMTM2Il19&amp;limit=150\" target=\"_blank\" rel=\"nofollow noopener\"><u>Inquire<\/u><\/a><\/td><\/tr><tr><td>22.-25.09.2024<\/td><td>Sport Driver Training<\/td><td>Scuderia Hanseat GmbH<\/td><td>Road Cars<\/td><td><a href=\"https:\/\/all4track.de\/events?filter=eyJ0cmFja3MiOlsiMTM2Il19&amp;limit=150\" target=\"_blank\" rel=\"nofollow noopener\"><u>Inquire<\/u><\/a><\/td><\/tr><tr><td>26.-27.09.2024<\/td><td>Trackday<\/td><td>DN Events Ringweekend Ltd<\/td><td>Road Cars<\/td><td><a href=\"https:\/\/all4track.de\/events?filter=eyJ0cmFja3MiOlsiMTM2Il19&amp;limit=150\" target=\"_blank\" rel=\"nofollow noopener\"><u>Inquire<\/u><\/a><\/td><\/tr><tr><td>30.09.2024<\/td><td>Trackday<\/td><td>Gedlich Racing<\/td><td>Road Cars<\/td><td><a href=\"https:\/\/all4track.de\/events?filter=eyJ0cmFja3MiOlsiMTM2Il19&amp;limit=150\" target=\"_blank\" rel=\"nofollow noopener\"><u>Inquire<\/u><\/a><\/td><\/tr><tr><td>02.10.2024<\/td><td>Trackday<\/td><td>Pistenclub e.V.<\/td><td>Road Cars<\/td><td><a href=\"https:\/\/all4track.de\/events?filter=eyJ0cmFja3MiOlsiMTM2Il19&amp;limit=150\" target=\"_blank\" rel=\"nofollow noopener\"><u>Inquire<\/u><\/a><\/td><\/tr><tr><td>14.10.2024<\/td><td>Trackday<\/td><td>Circuit Days &#8211; Trackdays &amp; Road Tours<\/td><td>Road Cars<\/td><td><a href=\"https:\/\/all4track.de\/events?filter=eyJ0cmFja3MiOlsiMTM2Il19&amp;limit=150\" target=\"_blank\" rel=\"nofollow noopener\"><u>Inquire<\/u><\/a><\/td><\/tr><tr><td>11.11.2024<\/td><td>Trackday<\/td><td>Circiut Days &#8211; Trackdays &amp; Road Tours<\/td><td>Road Cars<\/td><td><a href=\"https:\/\/all4track.de\/events?filter=eyJ0cmFja3MiOlsiMTM2Il19&amp;limit=150\" target=\"_blank\" rel=\"nofollow noopener\"><u>Inquire<\/u><\/a><\/td><\/tr><\/tbody><\/table>\t\t\t\t\t\t<\/div>\n\t\t\t\t<\/div>\n\t\t\t\t\t<\/div>\n\t\t<\/div>\n\t\t\t\t\t<\/div>\n\t\t<\/section>\n\t\t\t\t<\/div>","protected":false},"excerpt":{"rendered":"<p>Trackdays Neben unseren spannenden Touren bieten wir unsere Fahrzeuge f\u00fcr beliebte TRACK DAYS an. Diese Track Days geh\u00f6ren zu den Highlights des Angebots vom N\u00fcrburgring. Wir sprechen von einem Track [&hellip;]<\/p>","protected":false},"author":1,"featured_media":0,"parent":0,"menu_order":0,"comment_status":"closed","ping_status":"closed","template":"templates\/page-elementor-fullwidth.php","meta":[],"yoast_head":"<!-- This site is optimized with the Yoast SEO plugin v20.11 - https:\/\/yoast.com\/wordpress\/plugins\/seo\/ -->\n<title>Trackdays - Zweite Heimat N\u00fcrburg<\/title>\n<meta name=\"robots\" content=\"index, follow, max-snippet:-1, max-image-preview:large, max-video-preview:-1\" \/>\n<link rel=\"canonical\" href=\"https:\/\/zweiteheimat-nuerburg.com\/en\/trackdays\/\" \/>\n<meta property=\"og:locale\" content=\"en_US\" \/>\n<meta property=\"og:type\" content=\"article\" \/>\n<meta property=\"og:title\" content=\"Trackdays - Zweite Heimat N\u00fcrburg\" \/>\n<meta property=\"og:description\" content=\"Trackdays Neben unseren spannenden Touren bieten wir unsere Fahrzeuge f\u00fcr beliebte TRACK DAYS an. Diese Track Days geh\u00f6ren zu den Highlights des Angebots vom N\u00fcrburgring. Wir sprechen von einem Track [&hellip;]\" \/>\n<meta property=\"og:url\" content=\"https:\/\/zweiteheimat-nuerburg.com\/en\/trackdays\/\" \/>\n<meta property=\"og:site_name\" content=\"Zweite Heimat N\u00fcrburg\" \/>\n<meta property=\"article:modified_time\" content=\"2024-01-11T19:22:51+00:00\" \/>\n<meta name=\"twitter:card\" content=\"summary_large_image\" \/>\n<meta name=\"twitter:label1\" content=\"Est. reading time\" \/>\n\t<meta name=\"twitter:data1\" content=\"3 minutes\" \/>\n<script type=\"application\/ld+json\" class=\"yoast-schema-graph\">{\"@context\":\"https:\/\/schema.org\",\"@graph\":[{\"@type\":\"WebPage\",\"@id\":\"https:\/\/zweiteheimat-nuerburg.com\/de\/trackdays\/\",\"url\":\"https:\/\/zweiteheimat-nuerburg.com\/de\/trackdays\/\",\"name\":\"Trackdays - Zweite Heimat N\u00fcrburg\",\"isPartOf\":{\"@id\":\"https:\/\/zweiteheimat-nuerburg.com\/de\/#website\"},\"datePublished\":\"2023-04-28T13:37:20+00:00\",\"dateModified\":\"2024-01-11T19:22:51+00:00\",\"breadcrumb\":{\"@id\":\"https:\/\/zweiteheimat-nuerburg.com\/de\/trackdays\/#breadcrumb\"},\"inLanguage\":\"en-US\",\"potentialAction\":[{\"@type\":\"ReadAction\",\"target\":[\"https:\/\/zweiteheimat-nuerburg.com\/de\/trackdays\/\"]}]},{\"@type\":\"BreadcrumbList\",\"@id\":\"https:\/\/zweiteheimat-nuerburg.com\/de\/trackdays\/#breadcrumb\",\"itemListElement\":[{\"@type\":\"ListItem\",\"position\":1,\"name\":\"Startseite\",\"item\":\"https:\/\/zweiteheimat-nuerburg.com\/\"},{\"@type\":\"ListItem\",\"position\":2,\"name\":\"Trackdays\"}]},{\"@type\":\"WebSite\",\"@id\":\"https:\/\/zweiteheimat-nuerburg.com\/de\/#website\",\"url\":\"https:\/\/zweiteheimat-nuerburg.com\/de\/\",\"name\":\"Zweite Heimat N\u00fcrburg\",\"description\":\"Motosporthotel &amp; Apartments am N\u00fcrburgring\",\"potentialAction\":[{\"@type\":\"SearchAction\",\"target\":{\"@type\":\"EntryPoint\",\"urlTemplate\":\"https:\/\/zweiteheimat-nuerburg.com\/de\/?s={search_term_string}\"},\"query-input\":\"required name=search_term_string\"}],\"inLanguage\":\"en-US\"}]}<\/script>\n<!-- \/ Yoast SEO plugin. -->","yoast_head_json":{"title":"Trackdays - Zweite Heimat N\u00fcrburg","robots":{"index":"index","follow":"follow","max-snippet":"max-snippet:-1","max-image-preview":"max-image-preview:large","max-video-preview":"max-video-preview:-1"},"canonical":"https:\/\/zweiteheimat-nuerburg.com\/en\/trackdays\/","og_locale":"en_US","og_type":"article","og_title":"Trackdays - Zweite Heimat N\u00fcrburg","og_description":"Trackdays Neben unseren spannenden Touren bieten wir unsere Fahrzeuge f\u00fcr beliebte TRACK DAYS an. Diese Track Days geh\u00f6ren zu den Highlights des Angebots vom N\u00fcrburgring. Wir sprechen von einem Track [&hellip;]","og_url":"https:\/\/zweiteheimat-nuerburg.com\/en\/trackdays\/","og_site_name":"Zweite Heimat N\u00fcrburg","article_modified_time":"2024-01-11T19:22:51+00:00","twitter_card":"summary_large_image","twitter_misc":{"Est. reading time":"3 minutes"},"schema":{"@context":"https:\/\/schema.org","@graph":[{"@type":"WebPage","@id":"https:\/\/zweiteheimat-nuerburg.com\/de\/trackdays\/","url":"https:\/\/zweiteheimat-nuerburg.com\/de\/trackdays\/","name":"Trackdays - Zweite Heimat N\u00fcrburg","isPartOf":{"@id":"https:\/\/zweiteheimat-nuerburg.com\/de\/#website"},"datePublished":"2023-04-28T13:37:20+00:00","dateModified":"2024-01-11T19:22:51+00:00","breadcrumb":{"@id":"https:\/\/zweiteheimat-nuerburg.com\/de\/trackdays\/#breadcrumb"},"inLanguage":"en-US","potentialAction":[{"@type":"ReadAction","target":["https:\/\/zweiteheimat-nuerburg.com\/de\/trackdays\/"]}]},{"@type":"BreadcrumbList","@id":"https:\/\/zweiteheimat-nuerburg.com\/de\/trackdays\/#breadcrumb","itemListElement":[{"@type":"ListItem","position":1,"name":"Startseite","item":"https:\/\/zweiteheimat-nuerburg.com\/"},{"@type":"ListItem","position":2,"name":"Trackdays"}]},{"@type":"WebSite","@id":"https:\/\/zweiteheimat-nuerburg.com\/de\/#website","url":"https:\/\/zweiteheimat-nuerburg.com\/de\/","name":"Zweite Heimat N\u00fcrburg","description":"Motosporthotel &amp; Apartments am N\u00fcrburgring","potentialAction":[{"@type":"SearchAction","target":{"@type":"EntryPoint","urlTemplate":"https:\/\/zweiteheimat-nuerburg.com\/de\/?s={search_term_string}"},"query-input":"required name=search_term_string"}],"inLanguage":"en-US"}]}},"_links":{"self":[{"href":"https:\/\/zweiteheimat-nuerburg.com\/en\/wp-json\/wp\/v2\/pages\/1580"}],"collection":[{"href":"https:\/\/zweiteheimat-nuerburg.com\/en\/wp-json\/wp\/v2\/pages"}],"about":[{"href":"https:\/\/zweiteheimat-nuerburg.com\/en\/wp-json\/wp\/v2\/types\/page"}],"author":[{"embeddable":true,"href":"https:\/\/zweiteheimat-nuerburg.com\/en\/wp-json\/wp\/v2\/users\/1"}],"replies":[{"embeddable":true,"href":"https:\/\/zweiteheimat-nuerburg.com\/en\/wp-json\/wp\/v2\/comments?post=1580"}],"version-history":[{"count":49,"href":"https:\/\/zweiteheimat-nuerburg.com\/en\/wp-json\/wp\/v2\/pages\/1580\/revisions"}],"predecessor-version":[{"id":2264,"href":"https:\/\/zweiteheimat-nuerburg.com\/en\/wp-json\/wp\/v2\/pages\/1580\/revisions\/2264"}],"wp:attachment":[{"href":"https:\/\/zweiteheimat-nuerburg.com\/en\/wp-json\/wp\/v2\/media?parent=1580"}],"curies":[{"name":"wp","href":"https:\/\/api.w.org\/{rel}","templated":true}]}}