{"id":1573,"date":"2023-04-28T15:27:40","date_gmt":"2023-04-28T13:27:40","guid":{"rendered":"http:\/\/zweiteheimat.webdesignbs.de\/?page_id=1573"},"modified":"2023-07-15T16:49:11","modified_gmt":"2023-07-15T14:49:11","slug":"track-talk","status":"publish","type":"page","link":"https:\/\/zweiteheimat-nuerburg.com\/en\/track-talk\/","title":{"rendered":"Track Talk"},"content":{"rendered":"<div data-elementor-type=\"wp-page\" data-elementor-id=\"1573\" class=\"elementor elementor-1573\" data-elementor-post-type=\"page\">\n\t\t\t\t\t\t<section class=\"elementor-section elementor-top-section elementor-element elementor-element-94831ba elementor-section-boxed elementor-section-height-default elementor-section-height-default\" data-id=\"94831ba\" data-element_type=\"section\">\n\t\t\t\t\t\t<div class=\"elementor-container elementor-column-gap-default\">\n\t\t\t\t\t<div class=\"elementor-column elementor-col-100 elementor-top-column elementor-element elementor-element-1cec25d\" data-id=\"1cec25d\" data-element_type=\"column\">\n\t\t\t<div class=\"elementor-widget-wrap elementor-element-populated\">\n\t\t\t\t\t\t<div class=\"elementor-element elementor-element-27a9e04 elementor-widget elementor-widget-heading\" data-id=\"27a9e04\" data-element_type=\"widget\" data-widget_type=\"heading.default\">\n\t\t\t\t<div class=\"elementor-widget-container\">\n\t\t\t<h1 class=\"elementor-heading-title elementor-size-default\"><h1 data-elementor-setting-key=\"title\" data-pen-placeholder=\"Eingabe hier...\" style=\"font-weight: 600; color: rgb(51, 51, 51); font-family: &quot;Open Sans&quot;, sans-serif;\">Track Talk<\/h1><\/h1>\t\t<\/div>\n\t\t\t\t<\/div>\n\t\t\t\t\t<\/div>\n\t\t<\/div>\n\t\t\t\t\t<\/div>\n\t\t<\/section>\n\t\t\t\t<section class=\"elementor-section elementor-top-section elementor-element elementor-element-685634a9 elementor-section-boxed elementor-section-height-default elementor-section-height-default\" data-id=\"685634a9\" data-element_type=\"section\">\n\t\t\t\t\t\t<div class=\"elementor-container elementor-column-gap-default\">\n\t\t\t\t\t<div class=\"elementor-column elementor-col-66 elementor-top-column elementor-element elementor-element-4612c86e\" data-id=\"4612c86e\" data-element_type=\"column\">\n\t\t\t<div class=\"elementor-widget-wrap elementor-element-populated\">\n\t\t\t\t\t\t<div class=\"elementor-element elementor-element-31df7247 elementor-widget elementor-widget-text-editor\" data-id=\"31df7247\" data-element_type=\"widget\" data-widget_type=\"text-editor.default\">\n\t\t\t\t<div class=\"elementor-widget-container\">\n\t\t\t\t\t\t\t<p>Our Track Talk is the perfect event for every passionate motorsport enthusiast.<\/p><p>We are learning, laughing and discussing about our love of motorsport, fast cars and many other things in a relaxed and comfortable atmosphere. No matter if we chat in the pit lane or hang out at our sunny terrace, the Track Talk is always a big enjoyment.<\/p>\t\t\t\t\t\t<\/div>\n\t\t\t\t<\/div>\n\t\t\t\t<div class=\"elementor-element elementor-element-6de594a9 elementor-widget elementor-widget-button\" data-id=\"6de594a9\" data-element_type=\"widget\" data-widget_type=\"button.default\">\n\t\t\t\t<div class=\"elementor-widget-container\">\n\t\t\t\t\t<div class=\"elementor-button-wrapper\">\n\t\t\t<a class=\"elementor-button elementor-button-link elementor-size-sm\" href=\"https:\/\/zweiteheimat-racing.com\/buchung-nuerburgring-tracktalk\/\">\n\t\t\t\t\t\t<span class=\"elementor-button-content-wrapper\">\n\t\t\t\t\t\t\t\t\t<span class=\"elementor-button-text\">Inquire now<\/span>\n\t\t\t\t\t<\/span>\n\t\t\t\t\t<\/a>\n\t\t<\/div>\n\t\t\t\t<\/div>\n\t\t\t\t<\/div>\n\t\t\t\t\t<\/div>\n\t\t<\/div>\n\t\t\t\t<div class=\"elementor-column elementor-col-33 elementor-top-column elementor-element elementor-element-5b356d20\" data-id=\"5b356d20\" data-element_type=\"column\">\n\t\t\t<div class=\"elementor-widget-wrap elementor-element-populated\">\n\t\t\t\t\t\t<div class=\"elementor-element elementor-element-44f18d7d elementor-widget elementor-widget-image\" data-id=\"44f18d7d\" data-element_type=\"widget\" data-widget_type=\"image.default\">\n\t\t\t\t<div class=\"elementor-widget-container\">\n\t\t\t\t\t\t\t\t\t\t\t\t\t<img fetchpriority=\"high\" decoding=\"async\" width=\"900\" height=\"675\" src=\"https:\/\/zweiteheimat-nuerburg.com\/wp-content\/uploads\/2023\/07\/fahrerlager2bykhadelberg.jpg\" class=\"attachment-large size-large wp-image-2007\" alt=\"\" srcset=\"https:\/\/zweiteheimat-nuerburg.com\/wp-content\/uploads\/2023\/07\/fahrerlager2bykhadelberg.jpg 900w, https:\/\/zweiteheimat-nuerburg.com\/wp-content\/uploads\/2023\/07\/fahrerlager2bykhadelberg-300x225.jpg 300w, https:\/\/zweiteheimat-nuerburg.com\/wp-content\/uploads\/2023\/07\/fahrerlager2bykhadelberg-768x576.jpg 768w, https:\/\/zweiteheimat-nuerburg.com\/wp-content\/uploads\/2023\/07\/fahrerlager2bykhadelberg-16x12.jpg 16w\" sizes=\"(max-width: 900px) 100vw, 900px\" \/>\t\t\t\t\t\t\t\t\t\t\t\t\t<\/div>\n\t\t\t\t<\/div>\n\t\t\t\t\t<\/div>\n\t\t<\/div>\n\t\t\t\t\t<\/div>\n\t\t<\/section>\n\t\t\t\t<section class=\"elementor-section elementor-top-section elementor-element elementor-element-6e42e58 elementor-section-boxed elementor-section-height-default elementor-section-height-default\" data-id=\"6e42e58\" data-element_type=\"section\">\n\t\t\t\t\t\t<div class=\"elementor-container elementor-column-gap-default\">\n\t\t\t\t\t<div class=\"elementor-column elementor-col-100 elementor-top-column elementor-element elementor-element-630ede27\" data-id=\"630ede27\" data-element_type=\"column\">\n\t\t\t<div class=\"elementor-widget-wrap elementor-element-populated\">\n\t\t\t\t\t\t<div class=\"elementor-element elementor-element-1fd6c66d elementor-widget-divider--view-line elementor-widget elementor-widget-divider\" data-id=\"1fd6c66d\" data-element_type=\"widget\" data-widget_type=\"divider.default\">\n\t\t\t\t<div class=\"elementor-widget-container\">\n\t\t\t\t\t<div class=\"elementor-divider\">\n\t\t\t<span class=\"elementor-divider-separator\">\n\t\t\t\t\t\t<\/span>\n\t\t<\/div>\n\t\t\t\t<\/div>\n\t\t\t\t<\/div>\n\t\t\t\t<div class=\"elementor-element elementor-element-40befe81 elementor-widget elementor-widget-text-editor\" data-id=\"40befe81\" data-element_type=\"widget\" data-widget_type=\"text-editor.default\">\n\t\t\t\t<div class=\"elementor-widget-container\">\n\t\t\t\t\t\t\t<p>You can choose between these Track-Talk-Topics:<\/p>\t\t\t\t\t\t<\/div>\n\t\t\t\t<\/div>\n\t\t\t\t\t<\/div>\n\t\t<\/div>\n\t\t\t\t\t<\/div>\n\t\t<\/section>\n\t\t\t\t<section class=\"elementor-section elementor-top-section elementor-element elementor-element-134179a0 elementor-section-boxed elementor-section-height-default elementor-section-height-default\" data-id=\"134179a0\" data-element_type=\"section\">\n\t\t\t\t\t\t<div class=\"elementor-container elementor-column-gap-default\">\n\t\t\t\t\t<div class=\"elementor-column elementor-col-50 elementor-top-column elementor-element elementor-element-5d9c3327\" data-id=\"5d9c3327\" data-element_type=\"column\">\n\t\t\t<div class=\"elementor-widget-wrap elementor-element-populated\">\n\t\t\t\t\t\t<div class=\"elementor-element elementor-element-714334ec elementor-widget elementor-widget-text-editor\" data-id=\"714334ec\" data-element_type=\"widget\" data-widget_type=\"text-editor.default\">\n\t\t\t\t<div class=\"elementor-widget-container\">\n\t\t\t\t\t\t\t<p><strong>Vehicle dynamics *<\/strong><\/p><p><b>\u2022<\/b>\u00a0Adhesion<br \/><b>\u2022<\/b>\u00a0Slippage<br \/><b>\u2022<\/b>\u00a0Contact pressure &amp; footprint <br \/><b>\u2022<\/b>\u00a0Evenness<br \/><b>\u2022<\/b>\u00a0Circle of frictional forces<br \/><b>\u2022<\/b>\u00a0Balance<\/p>\t\t\t\t\t\t<\/div>\n\t\t\t\t<\/div>\n\t\t\t\t\t<\/div>\n\t\t<\/div>\n\t\t\t\t<div class=\"elementor-column elementor-col-50 elementor-top-column elementor-element elementor-element-3b25d43f\" data-id=\"3b25d43f\" data-element_type=\"column\">\n\t\t\t<div class=\"elementor-widget-wrap elementor-element-populated\">\n\t\t\t\t\t\t<div class=\"elementor-element elementor-element-31effe31 elementor-widget elementor-widget-text-editor\" data-id=\"31effe31\" data-element_type=\"widget\" data-widget_type=\"text-editor.default\">\n\t\t\t\t<div class=\"elementor-widget-container\">\n\t\t\t\t\t\t\t<p><strong>Driving *<\/strong><\/p><p><b>\u2022<\/b>\u00a0Sitting position &amp; cockpit<br \/><b>\u2022 <\/b>View<br \/><b>\u2022 <\/b>Braking<br \/><b>\u2022<\/b>\u00a0Steering <br \/><b>\u2022<\/b>\u00a0Acceleration<\/p>\t\t\t\t\t\t<\/div>\n\t\t\t\t<\/div>\n\t\t\t\t\t<\/div>\n\t\t<\/div>\n\t\t\t\t\t<\/div>\n\t\t<\/section>\n\t\t\t\t<section class=\"elementor-section elementor-top-section elementor-element elementor-element-3360387f elementor-section-boxed elementor-section-height-default elementor-section-height-default\" data-id=\"3360387f\" data-element_type=\"section\">\n\t\t\t\t\t\t<div class=\"elementor-container elementor-column-gap-default\">\n\t\t\t\t\t<div class=\"elementor-column elementor-col-50 elementor-top-column elementor-element elementor-element-4bd96b8d\" data-id=\"4bd96b8d\" data-element_type=\"column\">\n\t\t\t<div class=\"elementor-widget-wrap elementor-element-populated\">\n\t\t\t\t\t\t<div class=\"elementor-element elementor-element-49ace6ca elementor-widget elementor-widget-text-editor\" data-id=\"49ace6ca\" data-element_type=\"widget\" data-widget_type=\"text-editor.default\">\n\t\t\t\t<div class=\"elementor-widget-container\">\n\t\t\t\t\t\t\t<p><strong>Driving to the limit *<\/strong><\/p>\n<p><b>\u2022<\/b>&nbsp;Driving to the limit<br><b>\u2022<\/b>&nbsp;input phase <br><b>\u2022<\/b>&nbsp;output phase <br><b>\u2022<\/b>&nbsp;Midway of curves <br><b>\u2022<\/b>&nbsp;Mistake management<br><b>\u2022<\/b>&nbsp;Minimizing mistakes<\/p>\t\t\t\t\t\t<\/div>\n\t\t\t\t<\/div>\n\t\t\t\t\t<\/div>\n\t\t<\/div>\n\t\t\t\t<div class=\"elementor-column elementor-col-50 elementor-top-column elementor-element elementor-element-5f60f79e\" data-id=\"5f60f79e\" data-element_type=\"column\">\n\t\t\t<div class=\"elementor-widget-wrap elementor-element-populated\">\n\t\t\t\t\t\t<div class=\"elementor-element elementor-element-568f0cf elementor-widget elementor-widget-text-editor\" data-id=\"568f0cf\" data-element_type=\"widget\" data-widget_type=\"text-editor.default\">\n\t\t\t\t<div class=\"elementor-widget-container\">\n\t\t\t\t\t\t\t<p><strong>Attacking the race track *<\/strong><\/p><p><b>\u2022<\/b>\u00a0Straight lines<br \/><b>\u2022 <\/b>Curves<br \/><b>\u2022<\/b>\u00a0Racing line<br \/><b>\u2022<\/b>\u00a0Evaluating parts of a curve <br \/><b>\u2022<\/b>\u00a0Evaluating track sections<\/p>\t\t\t\t\t\t<\/div>\n\t\t\t\t<\/div>\n\t\t\t\t\t<\/div>\n\t\t<\/div>\n\t\t\t\t\t<\/div>\n\t\t<\/section>\n\t\t\t\t<section class=\"elementor-section elementor-top-section elementor-element elementor-element-32d89c66 elementor-section-boxed elementor-section-height-default elementor-section-height-default\" data-id=\"32d89c66\" data-element_type=\"section\">\n\t\t\t\t\t\t<div class=\"elementor-container elementor-column-gap-default\">\n\t\t\t\t\t<div class=\"elementor-column elementor-col-100 elementor-top-column elementor-element elementor-element-763c465a\" data-id=\"763c465a\" data-element_type=\"column\">\n\t\t\t<div class=\"elementor-widget-wrap elementor-element-populated\">\n\t\t\t\t\t\t<div class=\"elementor-element elementor-element-2e92ce6e elementor-widget-divider--view-line elementor-widget elementor-widget-divider\" data-id=\"2e92ce6e\" data-element_type=\"widget\" data-widget_type=\"divider.default\">\n\t\t\t\t<div class=\"elementor-widget-container\">\n\t\t\t\t\t<div class=\"elementor-divider\">\n\t\t\t<span class=\"elementor-divider-separator\">\n\t\t\t\t\t\t<\/span>\n\t\t<\/div>\n\t\t\t\t<\/div>\n\t\t\t\t<\/div>\n\t\t\t\t<div class=\"elementor-element elementor-element-2cb6a5c0 elementor-widget elementor-widget-text-editor\" data-id=\"2cb6a5c0\" data-element_type=\"widget\" data-widget_type=\"text-editor.default\">\n\t\t\t\t<div class=\"elementor-widget-container\">\n\t\t\t\t\t\t\t<p>* Prices of the tours: 299\u20ac incl. VAT<\/p>\t\t\t\t\t\t<\/div>\n\t\t\t\t<\/div>\n\t\t\t\t\t<\/div>\n\t\t<\/div>\n\t\t\t\t\t<\/div>\n\t\t<\/section>\n\t\t\t\t<\/div>","protected":false},"excerpt":{"rendered":"<p>Track Talk Bei TRACK TALK geht es um benzingeladenen Gespr\u00e4chsstoff f\u00fcr Motorsportbegeisterte. In lockerer Atmosph\u00e4re auf unsere Sonnenterrasse oder in unserer Boxengasse der Zweiten Heimat, lernen, diskutieren und lachen wir [&hellip;]<\/p>","protected":false},"author":1,"featured_media":0,"parent":0,"menu_order":0,"comment_status":"closed","ping_status":"closed","template":"templates\/page-elementor-fullwidth.php","meta":[],"yoast_head":"<!-- This site is optimized with the Yoast SEO plugin v20.11 - https:\/\/yoast.com\/wordpress\/plugins\/seo\/ -->\n<title>Track Talk - Zweite Heimat N\u00fcrburg<\/title>\n<meta name=\"robots\" content=\"index, follow, max-snippet:-1, max-image-preview:large, max-video-preview:-1\" \/>\n<link rel=\"canonical\" href=\"https:\/\/zweiteheimat-nuerburg.com\/en\/track-talk\/\" \/>\n<meta property=\"og:locale\" content=\"en_US\" \/>\n<meta property=\"og:type\" content=\"article\" \/>\n<meta property=\"og:title\" content=\"Track Talk - Zweite Heimat N\u00fcrburg\" \/>\n<meta property=\"og:description\" content=\"Track Talk Bei TRACK TALK geht es um benzingeladenen Gespr\u00e4chsstoff f\u00fcr Motorsportbegeisterte. In lockerer Atmosph\u00e4re auf unsere Sonnenterrasse oder in unserer Boxengasse der Zweiten Heimat, lernen, diskutieren und lachen wir [&hellip;]\" \/>\n<meta property=\"og:url\" content=\"https:\/\/zweiteheimat-nuerburg.com\/en\/track-talk\/\" \/>\n<meta property=\"og:site_name\" content=\"Zweite Heimat N\u00fcrburg\" \/>\n<meta property=\"article:modified_time\" content=\"2023-07-15T14:49:11+00:00\" \/>\n<meta property=\"og:image\" content=\"https:\/\/zweiteheimat-nuerburg.com\/wp-content\/uploads\/2023\/07\/fahrerlager2bykhadelberg.jpg\" \/>\n<meta name=\"twitter:card\" content=\"summary_large_image\" \/>\n<meta name=\"twitter:label1\" content=\"Est. reading time\" \/>\n\t<meta name=\"twitter:data1\" content=\"1 minute\" \/>\n<script type=\"application\/ld+json\" class=\"yoast-schema-graph\">{\"@context\":\"https:\/\/schema.org\",\"@graph\":[{\"@type\":\"WebPage\",\"@id\":\"https:\/\/zweiteheimat-nuerburg.com\/track-talk\/\",\"url\":\"https:\/\/zweiteheimat-nuerburg.com\/track-talk\/\",\"name\":\"Track Talk - Zweite Heimat N\u00fcrburg\",\"isPartOf\":{\"@id\":\"https:\/\/zweiteheimat-nuerburg.com\/de\/#website\"},\"datePublished\":\"2023-04-28T13:27:40+00:00\",\"dateModified\":\"2023-07-15T14:49:11+00:00\",\"breadcrumb\":{\"@id\":\"https:\/\/zweiteheimat-nuerburg.com\/track-talk\/#breadcrumb\"},\"inLanguage\":\"en-US\",\"potentialAction\":[{\"@type\":\"ReadAction\",\"target\":[\"https:\/\/zweiteheimat-nuerburg.com\/track-talk\/\"]}]},{\"@type\":\"BreadcrumbList\",\"@id\":\"https:\/\/zweiteheimat-nuerburg.com\/track-talk\/#breadcrumb\",\"itemListElement\":[{\"@type\":\"ListItem\",\"position\":1,\"name\":\"Startseite\",\"item\":\"https:\/\/zweiteheimat-nuerburg.com\/\"},{\"@type\":\"ListItem\",\"position\":2,\"name\":\"Track Talk\"}]},{\"@type\":\"WebSite\",\"@id\":\"https:\/\/zweiteheimat-nuerburg.com\/de\/#website\",\"url\":\"https:\/\/zweiteheimat-nuerburg.com\/de\/\",\"name\":\"Zweite Heimat N\u00fcrburg\",\"description\":\"Motosporthotel &amp; Apartments am N\u00fcrburgring\",\"potentialAction\":[{\"@type\":\"SearchAction\",\"target\":{\"@type\":\"EntryPoint\",\"urlTemplate\":\"https:\/\/zweiteheimat-nuerburg.com\/de\/?s={search_term_string}\"},\"query-input\":\"required name=search_term_string\"}],\"inLanguage\":\"en-US\"}]}<\/script>\n<!-- \/ Yoast SEO plugin. -->","yoast_head_json":{"title":"Track Talk - Zweite Heimat N\u00fcrburg","robots":{"index":"index","follow":"follow","max-snippet":"max-snippet:-1","max-image-preview":"max-image-preview:large","max-video-preview":"max-video-preview:-1"},"canonical":"https:\/\/zweiteheimat-nuerburg.com\/en\/track-talk\/","og_locale":"en_US","og_type":"article","og_title":"Track Talk - Zweite Heimat N\u00fcrburg","og_description":"Track Talk Bei TRACK TALK geht es um benzingeladenen Gespr\u00e4chsstoff f\u00fcr Motorsportbegeisterte. In lockerer Atmosph\u00e4re auf unsere Sonnenterrasse oder in unserer Boxengasse der Zweiten Heimat, lernen, diskutieren und lachen wir [&hellip;]","og_url":"https:\/\/zweiteheimat-nuerburg.com\/en\/track-talk\/","og_site_name":"Zweite Heimat N\u00fcrburg","article_modified_time":"2023-07-15T14:49:11+00:00","og_image":[{"url":"https:\/\/zweiteheimat-nuerburg.com\/wp-content\/uploads\/2023\/07\/fahrerlager2bykhadelberg.jpg"}],"twitter_card":"summary_large_image","twitter_misc":{"Est. reading time":"1 minute"},"schema":{"@context":"https:\/\/schema.org","@graph":[{"@type":"WebPage","@id":"https:\/\/zweiteheimat-nuerburg.com\/track-talk\/","url":"https:\/\/zweiteheimat-nuerburg.com\/track-talk\/","name":"Track Talk - Zweite Heimat N\u00fcrburg","isPartOf":{"@id":"https:\/\/zweiteheimat-nuerburg.com\/de\/#website"},"datePublished":"2023-04-28T13:27:40+00:00","dateModified":"2023-07-15T14:49:11+00:00","breadcrumb":{"@id":"https:\/\/zweiteheimat-nuerburg.com\/track-talk\/#breadcrumb"},"inLanguage":"en-US","potentialAction":[{"@type":"ReadAction","target":["https:\/\/zweiteheimat-nuerburg.com\/track-talk\/"]}]},{"@type":"BreadcrumbList","@id":"https:\/\/zweiteheimat-nuerburg.com\/track-talk\/#breadcrumb","itemListElement":[{"@type":"ListItem","position":1,"name":"Startseite","item":"https:\/\/zweiteheimat-nuerburg.com\/"},{"@type":"ListItem","position":2,"name":"Track Talk"}]},{"@type":"WebSite","@id":"https:\/\/zweiteheimat-nuerburg.com\/de\/#website","url":"https:\/\/zweiteheimat-nuerburg.com\/de\/","name":"Zweite Heimat N\u00fcrburg","description":"Motosporthotel &amp; Apartments am N\u00fcrburgring","potentialAction":[{"@type":"SearchAction","target":{"@type":"EntryPoint","urlTemplate":"https:\/\/zweiteheimat-nuerburg.com\/de\/?s={search_term_string}"},"query-input":"required name=search_term_string"}],"inLanguage":"en-US"}]}},"_links":{"self":[{"href":"https:\/\/zweiteheimat-nuerburg.com\/en\/wp-json\/wp\/v2\/pages\/1573"}],"collection":[{"href":"https:\/\/zweiteheimat-nuerburg.com\/en\/wp-json\/wp\/v2\/pages"}],"about":[{"href":"https:\/\/zweiteheimat-nuerburg.com\/en\/wp-json\/wp\/v2\/types\/page"}],"author":[{"embeddable":true,"href":"https:\/\/zweiteheimat-nuerburg.com\/en\/wp-json\/wp\/v2\/users\/1"}],"replies":[{"embeddable":true,"href":"https:\/\/zweiteheimat-nuerburg.com\/en\/wp-json\/wp\/v2\/comments?post=1573"}],"version-history":[{"count":10,"href":"https:\/\/zweiteheimat-nuerburg.com\/en\/wp-json\/wp\/v2\/pages\/1573\/revisions"}],"predecessor-version":[{"id":2010,"href":"https:\/\/zweiteheimat-nuerburg.com\/en\/wp-json\/wp\/v2\/pages\/1573\/revisions\/2010"}],"wp:attachment":[{"href":"https:\/\/zweiteheimat-nuerburg.com\/en\/wp-json\/wp\/v2\/media?parent=1573"}],"curies":[{"name":"wp","href":"https:\/\/api.w.org\/{rel}","templated":true}]}}