{"id":1531,"date":"2023-04-28T15:04:08","date_gmt":"2023-04-28T13:04:08","guid":{"rendered":"http:\/\/zweiteheimat.webdesignbs.de\/?page_id=1531"},"modified":"2024-02-12T17:32:10","modified_gmt":"2024-02-12T16:32:10","slug":"coaching","status":"publish","type":"page","link":"https:\/\/zweiteheimat-nuerburg.com\/en\/coaching\/","title":{"rendered":"Coaching"},"content":{"rendered":"<div data-elementor-type=\"wp-page\" data-elementor-id=\"1531\" class=\"elementor elementor-1531\" data-elementor-post-type=\"page\">\n\t\t\t\t\t\t<section class=\"elementor-section elementor-top-section elementor-element elementor-element-b55390d elementor-section-boxed elementor-section-height-default elementor-section-height-default\" data-id=\"b55390d\" data-element_type=\"section\">\n\t\t\t\t\t\t<div class=\"elementor-container elementor-column-gap-default\">\n\t\t\t\t\t<div class=\"elementor-column elementor-col-100 elementor-top-column elementor-element elementor-element-667bbb1\" data-id=\"667bbb1\" data-element_type=\"column\">\n\t\t\t<div class=\"elementor-widget-wrap elementor-element-populated\">\n\t\t\t\t\t\t<div class=\"elementor-element elementor-element-046c921 elementor-widget elementor-widget-heading\" data-id=\"046c921\" data-element_type=\"widget\" data-widget_type=\"heading.default\">\n\t\t\t\t<div class=\"elementor-widget-container\">\n\t\t\t<h2 class=\"elementor-heading-title elementor-size-default\"><h1 data-elementor-setting-key=\"title\" data-pen-placeholder=\"Eingabe hier...\" style=\"font-weight: 600; color: rgb(51, 51, 51); font-family: &quot;Open Sans&quot;, sans-serif;\">Coaching<\/h1><\/h2>\t\t<\/div>\n\t\t\t\t<\/div>\n\t\t\t\t\t<\/div>\n\t\t<\/div>\n\t\t\t\t\t<\/div>\n\t\t<\/section>\n\t\t\t\t<section class=\"elementor-section elementor-top-section elementor-element elementor-element-7114aba7 elementor-section-boxed elementor-section-height-default elementor-section-height-default\" data-id=\"7114aba7\" data-element_type=\"section\">\n\t\t\t\t\t\t<div class=\"elementor-container elementor-column-gap-default\">\n\t\t\t\t\t<div class=\"elementor-column elementor-col-100 elementor-top-column elementor-element elementor-element-195d8df\" data-id=\"195d8df\" data-element_type=\"column\">\n\t\t\t<div class=\"elementor-widget-wrap elementor-element-populated\">\n\t\t\t\t\t\t<div class=\"elementor-element elementor-element-43ff051 elementor-widget elementor-widget-text-editor\" data-id=\"43ff051\" data-element_type=\"widget\" data-widget_type=\"text-editor.default\">\n\t\t\t\t<div class=\"elementor-widget-container\">\n\t\t\t\t\t\t\t<p>Have you ever wanted to drive fast and safe on the most famous and mysterious speedway of the world? Done deal!<br \/>Literally everybody, even pros, can profit from a professional coaching, because the development of a good driver never stops. Starting early is the key to success. This coaching teaches you all the information you need to drive fast and safely: Knowledge concerning the track, basic understanding of vehicle dynamics, tricks on optimizing the tenth of a second, and much more. Thanks to the really short distance to the famous and unique \u201cN\u00fcrburgring\u201d, we also have the perfect location to put your freshly gained knowledge into action. Well, when will you book your coaching?<\/p><div class=\"\"><div class=\"\">The rules of public transport apply in the context of tourist trips. In order to comply with these regulations, to be safe on the racetrack and to make the most of the experience at the N\u00fcrburgring, we recommend a detailed briefing by our instructor.<\/div><\/div>\t\t\t\t\t\t<\/div>\n\t\t\t\t<\/div>\n\t\t\t\t<div class=\"elementor-element elementor-element-20dce062 elementor-widget elementor-widget-button\" data-id=\"20dce062\" data-element_type=\"widget\" data-widget_type=\"button.default\">\n\t\t\t\t<div class=\"elementor-widget-container\">\n\t\t\t\t\t<div class=\"elementor-button-wrapper\">\n\t\t\t<a class=\"elementor-button elementor-button-link elementor-size-sm\" href=\"https:\/\/zweiteheimat-racing.com\/buchung-coaching\/\">\n\t\t\t\t\t\t<span class=\"elementor-button-content-wrapper\">\n\t\t\t\t\t\t\t\t\t<span class=\"elementor-button-text\">Request Coaching now<\/span>\n\t\t\t\t\t<\/span>\n\t\t\t\t\t<\/a>\n\t\t<\/div>\n\t\t\t\t<\/div>\n\t\t\t\t<\/div>\n\t\t\t\t\t<\/div>\n\t\t<\/div>\n\t\t\t\t\t<\/div>\n\t\t<\/section>\n\t\t\t\t<section class=\"elementor-section elementor-top-section elementor-element elementor-element-125d43c8 elementor-section-boxed elementor-section-height-default elementor-section-height-default\" data-id=\"125d43c8\" data-element_type=\"section\">\n\t\t\t\t\t\t<div class=\"elementor-container elementor-column-gap-default\">\n\t\t\t\t\t<div class=\"elementor-column elementor-col-100 elementor-top-column elementor-element elementor-element-3928e75c\" data-id=\"3928e75c\" data-element_type=\"column\">\n\t\t\t<div class=\"elementor-widget-wrap elementor-element-populated\">\n\t\t\t\t\t\t<div class=\"elementor-element elementor-element-4513ec7a elementor-widget-divider--view-line elementor-widget elementor-widget-divider\" data-id=\"4513ec7a\" data-element_type=\"widget\" data-widget_type=\"divider.default\">\n\t\t\t\t<div class=\"elementor-widget-container\">\n\t\t\t\t\t<div class=\"elementor-divider\">\n\t\t\t<span class=\"elementor-divider-separator\">\n\t\t\t\t\t\t<\/span>\n\t\t<\/div>\n\t\t\t\t<\/div>\n\t\t\t\t<\/div>\n\t\t\t\t<div class=\"elementor-element elementor-element-111e313d elementor-widget elementor-widget-text-editor\" data-id=\"111e313d\" data-element_type=\"widget\" data-widget_type=\"text-editor.default\">\n\t\t\t\t<div class=\"elementor-widget-container\">\n\t\t\t\t\t\t\t<p>Furthermore, the coaching involves the data capturing and an individual debriefing.<\/p>\t\t\t\t\t\t<\/div>\n\t\t\t\t<\/div>\n\t\t\t\t\t<\/div>\n\t\t<\/div>\n\t\t\t\t\t<\/div>\n\t\t<\/section>\n\t\t\t\t<section class=\"elementor-section elementor-top-section elementor-element elementor-element-63b22458 elementor-section-boxed elementor-section-height-default elementor-section-height-default\" data-id=\"63b22458\" data-element_type=\"section\">\n\t\t\t\t\t\t<div class=\"elementor-container elementor-column-gap-default\">\n\t\t\t\t\t<div class=\"elementor-column elementor-col-50 elementor-top-column elementor-element elementor-element-63fd720d\" data-id=\"63fd720d\" data-element_type=\"column\">\n\t\t\t<div class=\"elementor-widget-wrap elementor-element-populated\">\n\t\t\t\t\t\t<div class=\"elementor-element elementor-element-5408539d elementor-widget elementor-widget-image\" data-id=\"5408539d\" data-element_type=\"widget\" data-widget_type=\"image.default\">\n\t\t\t\t<div class=\"elementor-widget-container\">\n\t\t\t\t\t\t\t\t\t\t\t\t\t<img fetchpriority=\"high\" decoding=\"async\" width=\"461\" height=\"640\" src=\"https:\/\/zweiteheimat-nuerburg.com\/wp-content\/uploads\/2023\/04\/Coaching-Trainer-Fahrt-Nuerburgirng.jpeg\" class=\"attachment-large size-large wp-image-1533\" alt=\"\" srcset=\"https:\/\/zweiteheimat-nuerburg.com\/wp-content\/uploads\/2023\/04\/Coaching-Trainer-Fahrt-Nuerburgirng.jpeg 461w, https:\/\/zweiteheimat-nuerburg.com\/wp-content\/uploads\/2023\/04\/Coaching-Trainer-Fahrt-Nuerburgirng-216x300.jpeg 216w, https:\/\/zweiteheimat-nuerburg.com\/wp-content\/uploads\/2023\/04\/Coaching-Trainer-Fahrt-Nuerburgirng-9x12.jpeg 9w\" sizes=\"(max-width: 461px) 100vw, 461px\" \/>\t\t\t\t\t\t\t\t\t\t\t\t\t<\/div>\n\t\t\t\t<\/div>\n\t\t\t\t<div class=\"elementor-element elementor-element-728c561c elementor-widget elementor-widget-text-editor\" data-id=\"728c561c\" data-element_type=\"widget\" data-widget_type=\"text-editor.default\">\n\t\t\t\t<div class=\"elementor-widget-container\">\n\t\t\t\t\t\t\t<p>Coach &#8211; Christoph<\/p>\t\t\t\t\t\t<\/div>\n\t\t\t\t<\/div>\n\t\t\t\t\t<\/div>\n\t\t<\/div>\n\t\t\t\t<div class=\"elementor-column elementor-col-50 elementor-top-column elementor-element elementor-element-787785e2\" data-id=\"787785e2\" data-element_type=\"column\">\n\t\t\t<div class=\"elementor-widget-wrap elementor-element-populated\">\n\t\t\t\t\t\t<div class=\"elementor-element elementor-element-462b0618 elementor-widget elementor-widget-heading\" data-id=\"462b0618\" data-element_type=\"widget\" data-widget_type=\"heading.default\">\n\t\t\t\t<div class=\"elementor-widget-container\">\n\t\t\t<h2 class=\"elementor-heading-title elementor-size-default\">Past experiences in motorsports<\/h2>\t\t<\/div>\n\t\t\t\t<\/div>\n\t\t\t\t<div class=\"elementor-element elementor-element-1a99a623 elementor-widget elementor-widget-text-editor\" data-id=\"1a99a623\" data-element_type=\"widget\" data-widget_type=\"text-editor.default\">\n\t\t\t\t<div class=\"elementor-widget-container\">\n\t\t\t\t\t\t\t<ul>\n<li>starting in 1994: Driving karts at amateur level in different<br>Klassen<\/li>\n<li>starting in 2000: Taking part at open events of motorsports<br>(Slalom, Drift Cup &amp; Time Attack)<\/li>\n<li>starting in 2003: Driving at private events and<br>and timing races on the N\u00fcrburgring Nordschleife and<br>GP route<\/li>\n<li>2014-2018: permanent instructor at the N\u00fcrburgring<\/li>\n<li>2016-2018: Leading instructor at the N\u00fcrburgring (RSRN\u00fcrburg)<br>and at the Spa-Francorchamps (RSRSpa \u2013 back than: official<br>Racing Academy of the route)<\/li>\n<li>2016 \u2013 2018: Driver of the official race-cab at the N\u00fcrburgring<br>and Spa-Francorchamps<\/li>\n<li>starting in 2018: Project manager of the GT3-racing-team<\/li>\n<li>starting in 2019 until today: Consultant of motorsports and freelance instructor<br>at Michelin Deutschland AG<\/li>\n<li>starting in June, 2020 until today: Consultant of motorsports and freelance instructor<br>at Race Navigator<\/li>\n<\/ul>\t\t\t\t\t\t<\/div>\n\t\t\t\t<\/div>\n\t\t\t\t\t<\/div>\n\t\t<\/div>\n\t\t\t\t\t<\/div>\n\t\t<\/section>\n\t\t\t\t<\/div>","protected":false},"excerpt":{"rendered":"<p>Coaching Schnell und sicher fahren und das, auf der legend\u00e4rsten Rennstrecke der Welt. Ein Traum? Dann ist es Zeit, diesen Traum in Erf\u00fcllung gehen zu lassen!Mit einem Coaching f\u00fcr die [&hellip;]<\/p>","protected":false},"author":1,"featured_media":0,"parent":0,"menu_order":0,"comment_status":"closed","ping_status":"closed","template":"templates\/page-elementor-fullwidth.php","meta":[],"yoast_head":"<!-- This site is optimized with the Yoast SEO plugin v20.11 - https:\/\/yoast.com\/wordpress\/plugins\/seo\/ -->\n<title>Coaching - Zweite Heimat N\u00fcrburg<\/title>\n<meta name=\"robots\" content=\"index, follow, max-snippet:-1, max-image-preview:large, max-video-preview:-1\" \/>\n<link rel=\"canonical\" href=\"https:\/\/zweiteheimat-nuerburg.com\/en\/coaching\/\" \/>\n<meta property=\"og:locale\" content=\"en_US\" \/>\n<meta property=\"og:type\" content=\"article\" \/>\n<meta property=\"og:title\" content=\"Coaching - Zweite Heimat N\u00fcrburg\" \/>\n<meta property=\"og:description\" content=\"Coaching Schnell und sicher fahren und das, auf der legend\u00e4rsten Rennstrecke der Welt. Ein Traum? Dann ist es Zeit, diesen Traum in Erf\u00fcllung gehen zu lassen!Mit einem Coaching f\u00fcr die [&hellip;]\" \/>\n<meta property=\"og:url\" content=\"https:\/\/zweiteheimat-nuerburg.com\/en\/coaching\/\" \/>\n<meta property=\"og:site_name\" content=\"Zweite Heimat N\u00fcrburg\" \/>\n<meta property=\"article:modified_time\" content=\"2024-02-12T16:32:10+00:00\" \/>\n<meta property=\"og:image\" content=\"https:\/\/zweiteheimat-nuerburg.com\/wp-content\/uploads\/2023\/04\/Coaching-Trainer-Fahrt-Nuerburgirng.jpeg\" \/>\n<meta name=\"twitter:card\" content=\"summary_large_image\" \/>\n<meta name=\"twitter:label1\" content=\"Est. reading time\" \/>\n\t<meta name=\"twitter:data1\" content=\"2 minutes\" \/>\n<script type=\"application\/ld+json\" class=\"yoast-schema-graph\">{\"@context\":\"https:\/\/schema.org\",\"@graph\":[{\"@type\":\"WebPage\",\"@id\":\"https:\/\/zweiteheimat-nuerburg.com\/coaching\/\",\"url\":\"https:\/\/zweiteheimat-nuerburg.com\/coaching\/\",\"name\":\"Coaching - Zweite Heimat N\u00fcrburg\",\"isPartOf\":{\"@id\":\"https:\/\/zweiteheimat-nuerburg.com\/de\/#website\"},\"datePublished\":\"2023-04-28T13:04:08+00:00\",\"dateModified\":\"2024-02-12T16:32:10+00:00\",\"breadcrumb\":{\"@id\":\"https:\/\/zweiteheimat-nuerburg.com\/coaching\/#breadcrumb\"},\"inLanguage\":\"en-US\",\"potentialAction\":[{\"@type\":\"ReadAction\",\"target\":[\"https:\/\/zweiteheimat-nuerburg.com\/coaching\/\"]}]},{\"@type\":\"BreadcrumbList\",\"@id\":\"https:\/\/zweiteheimat-nuerburg.com\/coaching\/#breadcrumb\",\"itemListElement\":[{\"@type\":\"ListItem\",\"position\":1,\"name\":\"Startseite\",\"item\":\"https:\/\/zweiteheimat-nuerburg.com\/\"},{\"@type\":\"ListItem\",\"position\":2,\"name\":\"Coaching\"}]},{\"@type\":\"WebSite\",\"@id\":\"https:\/\/zweiteheimat-nuerburg.com\/de\/#website\",\"url\":\"https:\/\/zweiteheimat-nuerburg.com\/de\/\",\"name\":\"Zweite Heimat N\u00fcrburg\",\"description\":\"Motosporthotel &amp; Apartments am N\u00fcrburgring\",\"potentialAction\":[{\"@type\":\"SearchAction\",\"target\":{\"@type\":\"EntryPoint\",\"urlTemplate\":\"https:\/\/zweiteheimat-nuerburg.com\/de\/?s={search_term_string}\"},\"query-input\":\"required name=search_term_string\"}],\"inLanguage\":\"en-US\"}]}<\/script>\n<!-- \/ Yoast SEO plugin. -->","yoast_head_json":{"title":"Coaching - Zweite Heimat N\u00fcrburg","robots":{"index":"index","follow":"follow","max-snippet":"max-snippet:-1","max-image-preview":"max-image-preview:large","max-video-preview":"max-video-preview:-1"},"canonical":"https:\/\/zweiteheimat-nuerburg.com\/en\/coaching\/","og_locale":"en_US","og_type":"article","og_title":"Coaching - Zweite Heimat N\u00fcrburg","og_description":"Coaching Schnell und sicher fahren und das, auf der legend\u00e4rsten Rennstrecke der Welt. Ein Traum? Dann ist es Zeit, diesen Traum in Erf\u00fcllung gehen zu lassen!Mit einem Coaching f\u00fcr die [&hellip;]","og_url":"https:\/\/zweiteheimat-nuerburg.com\/en\/coaching\/","og_site_name":"Zweite Heimat N\u00fcrburg","article_modified_time":"2024-02-12T16:32:10+00:00","og_image":[{"url":"https:\/\/zweiteheimat-nuerburg.com\/wp-content\/uploads\/2023\/04\/Coaching-Trainer-Fahrt-Nuerburgirng.jpeg"}],"twitter_card":"summary_large_image","twitter_misc":{"Est. reading time":"2 minutes"},"schema":{"@context":"https:\/\/schema.org","@graph":[{"@type":"WebPage","@id":"https:\/\/zweiteheimat-nuerburg.com\/coaching\/","url":"https:\/\/zweiteheimat-nuerburg.com\/coaching\/","name":"Coaching - Zweite Heimat N\u00fcrburg","isPartOf":{"@id":"https:\/\/zweiteheimat-nuerburg.com\/de\/#website"},"datePublished":"2023-04-28T13:04:08+00:00","dateModified":"2024-02-12T16:32:10+00:00","breadcrumb":{"@id":"https:\/\/zweiteheimat-nuerburg.com\/coaching\/#breadcrumb"},"inLanguage":"en-US","potentialAction":[{"@type":"ReadAction","target":["https:\/\/zweiteheimat-nuerburg.com\/coaching\/"]}]},{"@type":"BreadcrumbList","@id":"https:\/\/zweiteheimat-nuerburg.com\/coaching\/#breadcrumb","itemListElement":[{"@type":"ListItem","position":1,"name":"Startseite","item":"https:\/\/zweiteheimat-nuerburg.com\/"},{"@type":"ListItem","position":2,"name":"Coaching"}]},{"@type":"WebSite","@id":"https:\/\/zweiteheimat-nuerburg.com\/de\/#website","url":"https:\/\/zweiteheimat-nuerburg.com\/de\/","name":"Zweite Heimat N\u00fcrburg","description":"Motosporthotel &amp; Apartments am N\u00fcrburgring","potentialAction":[{"@type":"SearchAction","target":{"@type":"EntryPoint","urlTemplate":"https:\/\/zweiteheimat-nuerburg.com\/de\/?s={search_term_string}"},"query-input":"required name=search_term_string"}],"inLanguage":"en-US"}]}},"_links":{"self":[{"href":"https:\/\/zweiteheimat-nuerburg.com\/en\/wp-json\/wp\/v2\/pages\/1531"}],"collection":[{"href":"https:\/\/zweiteheimat-nuerburg.com\/en\/wp-json\/wp\/v2\/pages"}],"about":[{"href":"https:\/\/zweiteheimat-nuerburg.com\/en\/wp-json\/wp\/v2\/types\/page"}],"author":[{"embeddable":true,"href":"https:\/\/zweiteheimat-nuerburg.com\/en\/wp-json\/wp\/v2\/users\/1"}],"replies":[{"embeddable":true,"href":"https:\/\/zweiteheimat-nuerburg.com\/en\/wp-json\/wp\/v2\/comments?post=1531"}],"version-history":[{"count":13,"href":"https:\/\/zweiteheimat-nuerburg.com\/en\/wp-json\/wp\/v2\/pages\/1531\/revisions"}],"predecessor-version":[{"id":2270,"href":"https:\/\/zweiteheimat-nuerburg.com\/en\/wp-json\/wp\/v2\/pages\/1531\/revisions\/2270"}],"wp:attachment":[{"href":"https:\/\/zweiteheimat-nuerburg.com\/en\/wp-json\/wp\/v2\/media?parent=1531"}],"curies":[{"name":"wp","href":"https:\/\/api.w.org\/{rel}","templated":true}]}}