{"id":698,"date":"2020-08-04T19:52:24","date_gmt":"2020-08-04T17:52:24","guid":{"rendered":"https:\/\/zweiteheimat-nuerburgring.com\/?page_id=698"},"modified":"2020-08-14T16:59:40","modified_gmt":"2020-08-14T14:59:40","slug":"natur-erleben-in-der-eifel","status":"publish","type":"page","link":"https:\/\/zweiteheimat-nuerburg.com\/de\/natur-erleben-in-der-eifel\/","title":{"rendered":"Natur erleben in der Eifel"},"content":{"rendered":"\t\t<div data-elementor-type=\"wp-page\" data-elementor-id=\"698\" class=\"elementor elementor-698\" data-elementor-post-type=\"page\">\n\t\t\t\t\t\t<section class=\"elementor-section elementor-top-section elementor-element elementor-element-dc54d1e elementor-section-boxed elementor-section-height-default elementor-section-height-default\" data-id=\"dc54d1e\" data-element_type=\"section\">\n\t\t\t\t\t\t<div class=\"elementor-container elementor-column-gap-default\">\n\t\t\t\t\t<div class=\"elementor-column elementor-col-100 elementor-top-column elementor-element elementor-element-b1222e0\" data-id=\"b1222e0\" data-element_type=\"column\">\n\t\t\t<div class=\"elementor-widget-wrap elementor-element-populated\">\n\t\t\t\t\t\t<div class=\"elementor-element elementor-element-c360e4d elementor-widget elementor-widget-text-editor\" data-id=\"c360e4d\" data-element_type=\"widget\" data-widget_type=\"text-editor.default\">\n\t\t\t\t<div class=\"elementor-widget-container\">\n\t\t\t\t\t\t\t<p>Kaum ein Gebiet in ganz Deutschland zeichnet sich durch so malerisch sch\u00f6ne Orte und Landschaften aus wie die <strong>Eifel<\/strong>. Neben aufregenden <strong>Aktivit\u00e4ten<\/strong> bietet die Eifel vor allem <strong>Entspannung<\/strong> in der Natur. Der perfekte Ort zum Durchatmen, um den stressigen Alltag hinter sich zu lassen und abzuschalten. Wir von \u201eZweite Heimat\u201c m\u00f6chten Ihnen unser Lieblings-Erholungsgebirge hiermit einmal n\u00e4her vorstellen.<\/p>\t\t\t\t\t\t<\/div>\n\t\t\t\t<\/div>\n\t\t\t\t<section class=\"elementor-section elementor-inner-section elementor-element elementor-element-b26210d elementor-section-boxed elementor-section-height-default elementor-section-height-default\" data-id=\"b26210d\" data-element_type=\"section\">\n\t\t\t\t\t\t<div class=\"elementor-container elementor-column-gap-default\">\n\t\t\t\t\t<div class=\"elementor-column elementor-col-50 elementor-inner-column elementor-element elementor-element-1b6296e\" data-id=\"1b6296e\" data-element_type=\"column\">\n\t\t\t<div class=\"elementor-widget-wrap elementor-element-populated\">\n\t\t\t\t\t\t<div class=\"elementor-element elementor-element-123aa80 elementor-widget elementor-widget-text-editor\" data-id=\"123aa80\" data-element_type=\"widget\" data-widget_type=\"text-editor.default\">\n\t\t\t\t<div class=\"elementor-widget-container\">\n\t\t\t\t\t\t\t<p>Die Eifel verf\u00fcgt \u00fcber\u00a0<strong>spannende Ausflugsziele<\/strong>, die alleine schon eine Reise wert sind. Von mittelalterlichen, sagenumwobenen Burgen \u00fcber die traumhaft sch\u00f6nen Maare der\u00a0<strong>Vulkaneifel<\/strong>\u00a0bis hin zum Nationalpark-Zentrum ist f\u00fcr jeden Geschmack etwas passendes dabei. Besonders hervorzuheben ist auch der legend\u00e4re\u00a0<strong>N\u00fcrburgring<\/strong>, dessen atmosph\u00e4rische Motorsport-Veranstaltungen das\u00a0<strong>Adrenalin<\/strong>\u00a0jedes Besuchers h\u00f6her schie\u00dfen lassen. Dein \u201eZweite Heimat\u201c -Team empfiehlt Dir vor allem eine Besichtigung der \u201eGenovaburg\u201c, die unter anderem das Eifelmuseum enth\u00e4lt, und die \u201eManderscheider Burgen\u201c, um die sich spektakul\u00e4re Mythen ragen.<\/p>\t\t\t\t\t\t<\/div>\n\t\t\t\t<\/div>\n\t\t\t\t\t<\/div>\n\t\t<\/div>\n\t\t\t\t<div class=\"elementor-column elementor-col-50 elementor-inner-column elementor-element elementor-element-e05412d\" data-id=\"e05412d\" data-element_type=\"column\">\n\t\t\t<div class=\"elementor-widget-wrap elementor-element-populated\">\n\t\t\t\t\t\t<div class=\"elementor-element elementor-element-f735cde elementor-widget elementor-widget-image\" data-id=\"f735cde\" data-element_type=\"widget\" data-widget_type=\"image.default\">\n\t\t\t\t<div class=\"elementor-widget-container\">\n\t\t\t\t\t\t\t\t\t\t\t\t\t\t<a href=\"https:\/\/zweiteheimat-nuerburg.com\/wp-content\/uploads\/2020\/07\/natur-mountainbike.jpg\" data-elementor-open-lightbox=\"yes\" data-e-action-hash=\"#elementor-action%3Aaction%3Dlightbox%26settings%3DeyJpZCI6NTgwLCJ1cmwiOiJodHRwczpcL1wvendlaXRlaGVpbWF0LW51ZXJidXJnLmNvbVwvd3AtY29udGVudFwvdXBsb2Fkc1wvMjAyMFwvMDdcL25hdHVyLW1vdW50YWluYmlrZS5qcGcifQ%3D%3D\">\n\t\t\t\t\t\t\t<img fetchpriority=\"high\" decoding=\"async\" width=\"456\" height=\"304\" src=\"https:\/\/zweiteheimat-nuerburg.com\/wp-content\/uploads\/2020\/07\/natur-mountainbike.jpg\" class=\"attachment-medium_large size-medium_large wp-image-580\" alt=\"Mountainbike in der Eifel\" srcset=\"https:\/\/zweiteheimat-nuerburg.com\/wp-content\/uploads\/2020\/07\/natur-mountainbike.jpg 456w, https:\/\/zweiteheimat-nuerburg.com\/wp-content\/uploads\/2020\/07\/natur-mountainbike-300x200.jpg 300w\" sizes=\"(max-width: 456px) 100vw, 456px\" \/>\t\t\t\t\t\t\t\t<\/a>\n\t\t\t\t\t\t\t\t\t\t\t\t\t<\/div>\n\t\t\t\t<\/div>\n\t\t\t\t\t<\/div>\n\t\t<\/div>\n\t\t\t\t\t<\/div>\n\t\t<\/section>\n\t\t\t\t\t<\/div>\n\t\t<\/div>\n\t\t\t\t\t<\/div>\n\t\t<\/section>\n\t\t\t\t<section class=\"elementor-section elementor-top-section elementor-element elementor-element-21e2fd3 elementor-section-boxed elementor-section-height-default elementor-section-height-default\" data-id=\"21e2fd3\" data-element_type=\"section\">\n\t\t\t\t\t\t<div class=\"elementor-container elementor-column-gap-default\">\n\t\t\t\t\t<div class=\"elementor-column elementor-col-100 elementor-top-column elementor-element elementor-element-9f64baa\" data-id=\"9f64baa\" data-element_type=\"column\">\n\t\t\t<div class=\"elementor-widget-wrap elementor-element-populated\">\n\t\t\t\t\t\t<div class=\"elementor-element elementor-element-04fa524 elementor-widget elementor-widget-text-editor\" data-id=\"04fa524\" data-element_type=\"widget\" data-widget_type=\"text-editor.default\">\n\t\t\t\t<div class=\"elementor-widget-container\">\n\t\t\t\t\t\t\t<p><span style=\"font-size: 1rem;\">Genauso sehenswert sind die romantischen <\/span><strong style=\"font-size: 1rem;\">Wanderwege<\/strong><span style=\"font-size: 1rem;\"> der Eifel. Beginnend an Deiner Unterkunft, der Zweiten Heimat f\u00fchren Wanderpfade vorbei an alten Ruinen, beeindruckenden <\/span><strong style=\"font-size: 1rem;\">Felsen<\/strong><span style=\"font-size: 1rem;\"> und blauen <\/span><strong style=\"font-size: 1rem;\">Seen<\/strong><span style=\"font-size: 1rem;\"> durch die gr\u00fcnen W\u00e4lder der sch\u00f6nen Eifel. Es gibt eine unbegrenzte Auswahl an Tagestouren, Spazierg\u00e4ngen oder Familienausfl\u00fcgen. Sowohl f\u00fcr leidenschaftliche Wanderer und Naturliebhaber, als auch f\u00fcr Urlauber, die einfach etwas <\/span><strong style=\"font-size: 1rem;\">Erholung<\/strong><span style=\"font-size: 1rem;\"> suchen, ist eine Wanderung in der Eifel ein unvergleichliches Erlebnis und wie Balsam f\u00fcr die Seele. Hier k\u00f6nnen wir besonders die Partnerwege des <\/span><strong style=\"font-size: 1rem;\">Eifelstiegs<\/strong><span style=\"font-size: 1rem;\"> f\u00fcr einen romantischen, abenteuerlichen Wander-Trip empfehlen.<\/span><\/p>\t\t\t\t\t\t<\/div>\n\t\t\t\t<\/div>\n\t\t\t\t<section class=\"elementor-section elementor-inner-section elementor-element elementor-element-250dbcc elementor-section-boxed elementor-section-height-default elementor-section-height-default\" data-id=\"250dbcc\" data-element_type=\"section\">\n\t\t\t\t\t\t<div class=\"elementor-container elementor-column-gap-default\">\n\t\t\t\t\t<div class=\"elementor-column elementor-col-50 elementor-inner-column elementor-element elementor-element-1bb32f8\" data-id=\"1bb32f8\" data-element_type=\"column\">\n\t\t\t<div class=\"elementor-widget-wrap elementor-element-populated\">\n\t\t\t\t\t\t<div class=\"elementor-element elementor-element-d210ff7 elementor-widget elementor-widget-text-editor\" data-id=\"d210ff7\" data-element_type=\"widget\" data-widget_type=\"text-editor.default\">\n\t\t\t\t<div class=\"elementor-widget-container\">\n\t\t\t\t\t\t\t<p>Wer etwas mehr\u00a0<strong>Action<\/strong>\u00a0bei seinem Aufenthalt in der Zweiten Heimat w\u00fcnscht, kann sich bei lokalen Anbietern bequem moderne, qualitativ hochwertige Mountainbikes ausleihen und eine\u00a0<strong>Mountainbike-Tour<\/strong>\u00a0starten. Auch hierzu bietet die Eifel mit ihren faszinierenden Strecken die optimalen Voraussetzungen. Egal ob einzeln oder mit der ganzen Familie, hier ist der Spa\u00df vorprogrammiert. Einen gro\u00dfz\u00fcgigen Katalog an Touren\/Strecken findest Du beispielsweise in der\u00a0<strong>Eifel-Radtouren-App<\/strong>. F\u00fcr noch mehr Action regen wir Dich an den \u201eMountainbike-Park H\u00fcrtgenwald\u201c zu besuchen, wo du als Radsportler garantiert auf deine Kosten kommst.<\/p>\t\t\t\t\t\t<\/div>\n\t\t\t\t<\/div>\n\t\t\t\t\t<\/div>\n\t\t<\/div>\n\t\t\t\t<div class=\"elementor-column elementor-col-50 elementor-inner-column elementor-element elementor-element-c82cd66\" data-id=\"c82cd66\" data-element_type=\"column\">\n\t\t\t<div class=\"elementor-widget-wrap elementor-element-populated\">\n\t\t\t\t\t\t<div class=\"elementor-element elementor-element-e85bad8 elementor-widget elementor-widget-image\" data-id=\"e85bad8\" data-element_type=\"widget\" data-widget_type=\"image.default\">\n\t\t\t\t<div class=\"elementor-widget-container\">\n\t\t\t\t\t\t\t\t\t\t\t\t\t\t<a href=\"https:\/\/zweiteheimat-nuerburg.com\/wp-content\/uploads\/2020\/08\/men-1245982_1920-1.jpg\" data-elementor-open-lightbox=\"yes\" data-e-action-hash=\"#elementor-action%3Aaction%3Dlightbox%26settings%3DeyJpZCI6NzE1LCJ1cmwiOiJodHRwczpcL1wvendlaXRlaGVpbWF0LW51ZXJidXJnLmNvbVwvd3AtY29udGVudFwvdXBsb2Fkc1wvMjAyMFwvMDhcL21lbi0xMjQ1OTgyXzE5MjAtMS5qcGcifQ%3D%3D\">\n\t\t\t\t\t\t\t<img decoding=\"async\" width=\"768\" height=\"510\" src=\"https:\/\/zweiteheimat-nuerburg.com\/wp-content\/uploads\/2020\/08\/men-1245982_1920-1-768x510.jpg\" class=\"attachment-medium_large size-medium_large wp-image-715\" alt=\"Wandern in der Eifel\" srcset=\"https:\/\/zweiteheimat-nuerburg.com\/wp-content\/uploads\/2020\/08\/men-1245982_1920-1-768x510.jpg 768w, https:\/\/zweiteheimat-nuerburg.com\/wp-content\/uploads\/2020\/08\/men-1245982_1920-1-300x199.jpg 300w, https:\/\/zweiteheimat-nuerburg.com\/wp-content\/uploads\/2020\/08\/men-1245982_1920-1-1024x680.jpg 1024w, https:\/\/zweiteheimat-nuerburg.com\/wp-content\/uploads\/2020\/08\/men-1245982_1920-1-1536x1020.jpg 1536w, https:\/\/zweiteheimat-nuerburg.com\/wp-content\/uploads\/2020\/08\/men-1245982_1920-1.jpg 1920w\" sizes=\"(max-width: 768px) 100vw, 768px\" \/>\t\t\t\t\t\t\t\t<\/a>\n\t\t\t\t\t\t\t\t\t\t\t\t\t<\/div>\n\t\t\t\t<\/div>\n\t\t\t\t\t<\/div>\n\t\t<\/div>\n\t\t\t\t\t<\/div>\n\t\t<\/section>\n\t\t\t\t\t<\/div>\n\t\t<\/div>\n\t\t\t\t\t<\/div>\n\t\t<\/section>\n\t\t\t\t<section class=\"elementor-section elementor-top-section elementor-element elementor-element-5b2cff7 elementor-section-boxed elementor-section-height-default elementor-section-height-default\" data-id=\"5b2cff7\" data-element_type=\"section\">\n\t\t\t\t\t\t<div class=\"elementor-container elementor-column-gap-default\">\n\t\t\t\t\t<div class=\"elementor-column elementor-col-100 elementor-top-column elementor-element elementor-element-b0d2b30\" data-id=\"b0d2b30\" data-element_type=\"column\">\n\t\t\t<div class=\"elementor-widget-wrap elementor-element-populated\">\n\t\t\t\t\t\t<div class=\"elementor-element elementor-element-b4acdf2 elementor-widget elementor-widget-text-editor\" data-id=\"b4acdf2\" data-element_type=\"widget\" data-widget_type=\"text-editor.default\">\n\t\t\t\t<div class=\"elementor-widget-container\">\n\t\t\t\t\t\t\t<p><span style=\"font-size: 1rem;\">F\u00fcr die ultimative Erholung gibt es im nahen Umkreis unserer gro\u00dfz\u00fcgig eingerichteten <\/span><a style=\"background-color: #ffffff; font-size: 1rem;\" href=\"https:\/\/zweiteheimat-nuerburg.com\/appartements\/\">Appartements<\/a><span style=\"font-size: 1rem;\"> au\u00dferdem zahlreiche <\/span><strong style=\"font-size: 1rem;\">Wellness-Angebote<\/strong><span style=\"font-size: 1rem;\"> jeder Art. Deine Entspannung steht hier im Vordergrund.<\/span><\/p><p>Wenn Du Dich auch von dem malerischen Natur-Paradis der Eifel und ihren Ausflugszielen verzaubern lassen m\u00f6chtest und noch eine komfortable, <strong>gro\u00dfz\u00fcgige Unterkunft<\/strong> daf\u00fcr suchst, dann buche Deine \u00dcbernachtung doch einfach \u00fcber unsere Website. Bei Fragen kannst Du uns einfach \u00fcber unser <span style=\"text-decoration: underline;\"><a href=\"https:\/\/zweiteheimat-nuerburg.com\/kontakt\/\">Kontaktformular<\/a><\/span> oder telefonisch unter +491736937401 erreichen.<\/p><p>Wir von der Zweiten Heimat N\u00fcrburgring freuen uns schon auf Dich!<\/p>\t\t\t\t\t\t<\/div>\n\t\t\t\t<\/div>\n\t\t\t\t\t<\/div>\n\t\t<\/div>\n\t\t\t\t\t<\/div>\n\t\t<\/section>\n\t\t\t\t<\/div>\n\t\t","protected":false},"excerpt":{"rendered":"<p>Kaum ein Gebiet in ganz Deutschland zeichnet sich durch so malerisch sch\u00f6ne Orte und Landschaften aus wie die Eifel. Neben aufregenden Aktivit\u00e4ten bietet die Eifel vor allem Entspannung in der [&hellip;]<\/p>\n","protected":false},"author":1,"featured_media":0,"parent":0,"menu_order":0,"comment_status":"closed","ping_status":"closed","template":"","meta":[],"yoast_head":"<!-- This site is optimized with the Yoast SEO plugin v20.11 - https:\/\/yoast.com\/wordpress\/plugins\/seo\/ -->\n<title>Natur erleben in der Eifel - Zweite Heimat N\u00fcrburg<\/title>\n<meta name=\"robots\" content=\"index, follow, max-snippet:-1, max-image-preview:large, max-video-preview:-1\" \/>\n<link rel=\"canonical\" href=\"https:\/\/zweiteheimat-nuerburg.com\/de\/natur-erleben-in-der-eifel\/\" \/>\n<meta property=\"og:locale\" content=\"de_DE\" \/>\n<meta property=\"og:type\" content=\"article\" \/>\n<meta property=\"og:title\" content=\"Natur erleben in der Eifel - Zweite Heimat N\u00fcrburg\" \/>\n<meta property=\"og:description\" content=\"Kaum ein Gebiet in ganz Deutschland zeichnet sich durch so malerisch sch\u00f6ne Orte und Landschaften aus wie die Eifel. Neben aufregenden Aktivit\u00e4ten bietet die Eifel vor allem Entspannung in der [&hellip;]\" \/>\n<meta property=\"og:url\" content=\"https:\/\/zweiteheimat-nuerburg.com\/de\/natur-erleben-in-der-eifel\/\" \/>\n<meta property=\"og:site_name\" content=\"Zweite Heimat N\u00fcrburg\" \/>\n<meta property=\"article:modified_time\" content=\"2020-08-14T14:59:40+00:00\" \/>\n<meta property=\"og:image\" content=\"https:\/\/zweiteheimat-nuerburgring.com\/wp-content\/uploads\/2020\/07\/natur-mountainbike.jpg\" \/>\n<meta name=\"twitter:card\" content=\"summary_large_image\" \/>\n<meta name=\"twitter:label1\" content=\"Gesch\u00e4tzte Lesezeit\" \/>\n\t<meta name=\"twitter:data1\" content=\"2\u00a0Minuten\" \/>\n<script type=\"application\/ld+json\" class=\"yoast-schema-graph\">{\"@context\":\"https:\/\/schema.org\",\"@graph\":[{\"@type\":\"WebPage\",\"@id\":\"https:\/\/zweiteheimat-nuerburg.com\/natur-erleben-in-der-eifel\/\",\"url\":\"https:\/\/zweiteheimat-nuerburg.com\/natur-erleben-in-der-eifel\/\",\"name\":\"Natur erleben in der Eifel - Zweite Heimat N\u00fcrburg\",\"isPartOf\":{\"@id\":\"https:\/\/zweiteheimat-nuerburg.com\/de\/#website\"},\"datePublished\":\"2020-08-04T17:52:24+00:00\",\"dateModified\":\"2020-08-14T14:59:40+00:00\",\"breadcrumb\":{\"@id\":\"https:\/\/zweiteheimat-nuerburg.com\/natur-erleben-in-der-eifel\/#breadcrumb\"},\"inLanguage\":\"de\",\"potentialAction\":[{\"@type\":\"ReadAction\",\"target\":[\"https:\/\/zweiteheimat-nuerburg.com\/natur-erleben-in-der-eifel\/\"]}]},{\"@type\":\"BreadcrumbList\",\"@id\":\"https:\/\/zweiteheimat-nuerburg.com\/natur-erleben-in-der-eifel\/#breadcrumb\",\"itemListElement\":[{\"@type\":\"ListItem\",\"position\":1,\"name\":\"Startseite\",\"item\":\"https:\/\/zweiteheimat-nuerburg.com\/\"},{\"@type\":\"ListItem\",\"position\":2,\"name\":\"Natur erleben in der Eifel\"}]},{\"@type\":\"WebSite\",\"@id\":\"https:\/\/zweiteheimat-nuerburg.com\/de\/#website\",\"url\":\"https:\/\/zweiteheimat-nuerburg.com\/de\/\",\"name\":\"Zweite Heimat N\u00fcrburg\",\"description\":\"Motosporthotel &amp; Apartments am N\u00fcrburgring\",\"potentialAction\":[{\"@type\":\"SearchAction\",\"target\":{\"@type\":\"EntryPoint\",\"urlTemplate\":\"https:\/\/zweiteheimat-nuerburg.com\/de\/?s={search_term_string}\"},\"query-input\":\"required name=search_term_string\"}],\"inLanguage\":\"de\"}]}<\/script>\n<!-- \/ Yoast SEO plugin. -->","yoast_head_json":{"title":"Natur erleben in der Eifel - Zweite Heimat N\u00fcrburg","robots":{"index":"index","follow":"follow","max-snippet":"max-snippet:-1","max-image-preview":"max-image-preview:large","max-video-preview":"max-video-preview:-1"},"canonical":"https:\/\/zweiteheimat-nuerburg.com\/de\/natur-erleben-in-der-eifel\/","og_locale":"de_DE","og_type":"article","og_title":"Natur erleben in der Eifel - Zweite Heimat N\u00fcrburg","og_description":"Kaum ein Gebiet in ganz Deutschland zeichnet sich durch so malerisch sch\u00f6ne Orte und Landschaften aus wie die Eifel. Neben aufregenden Aktivit\u00e4ten bietet die Eifel vor allem Entspannung in der [&hellip;]","og_url":"https:\/\/zweiteheimat-nuerburg.com\/de\/natur-erleben-in-der-eifel\/","og_site_name":"Zweite Heimat N\u00fcrburg","article_modified_time":"2020-08-14T14:59:40+00:00","og_image":[{"url":"https:\/\/zweiteheimat-nuerburgring.com\/wp-content\/uploads\/2020\/07\/natur-mountainbike.jpg"}],"twitter_card":"summary_large_image","twitter_misc":{"Gesch\u00e4tzte Lesezeit":"2\u00a0Minuten"},"schema":{"@context":"https:\/\/schema.org","@graph":[{"@type":"WebPage","@id":"https:\/\/zweiteheimat-nuerburg.com\/natur-erleben-in-der-eifel\/","url":"https:\/\/zweiteheimat-nuerburg.com\/natur-erleben-in-der-eifel\/","name":"Natur erleben in der Eifel - Zweite Heimat N\u00fcrburg","isPartOf":{"@id":"https:\/\/zweiteheimat-nuerburg.com\/de\/#website"},"datePublished":"2020-08-04T17:52:24+00:00","dateModified":"2020-08-14T14:59:40+00:00","breadcrumb":{"@id":"https:\/\/zweiteheimat-nuerburg.com\/natur-erleben-in-der-eifel\/#breadcrumb"},"inLanguage":"de","potentialAction":[{"@type":"ReadAction","target":["https:\/\/zweiteheimat-nuerburg.com\/natur-erleben-in-der-eifel\/"]}]},{"@type":"BreadcrumbList","@id":"https:\/\/zweiteheimat-nuerburg.com\/natur-erleben-in-der-eifel\/#breadcrumb","itemListElement":[{"@type":"ListItem","position":1,"name":"Startseite","item":"https:\/\/zweiteheimat-nuerburg.com\/"},{"@type":"ListItem","position":2,"name":"Natur erleben in der Eifel"}]},{"@type":"WebSite","@id":"https:\/\/zweiteheimat-nuerburg.com\/de\/#website","url":"https:\/\/zweiteheimat-nuerburg.com\/de\/","name":"Zweite Heimat N\u00fcrburg","description":"Motosporthotel &amp; Apartments am N\u00fcrburgring","potentialAction":[{"@type":"SearchAction","target":{"@type":"EntryPoint","urlTemplate":"https:\/\/zweiteheimat-nuerburg.com\/de\/?s={search_term_string}"},"query-input":"required name=search_term_string"}],"inLanguage":"de"}]}},"_links":{"self":[{"href":"https:\/\/zweiteheimat-nuerburg.com\/de\/wp-json\/wp\/v2\/pages\/698"}],"collection":[{"href":"https:\/\/zweiteheimat-nuerburg.com\/de\/wp-json\/wp\/v2\/pages"}],"about":[{"href":"https:\/\/zweiteheimat-nuerburg.com\/de\/wp-json\/wp\/v2\/types\/page"}],"author":[{"embeddable":true,"href":"https:\/\/zweiteheimat-nuerburg.com\/de\/wp-json\/wp\/v2\/users\/1"}],"replies":[{"embeddable":true,"href":"https:\/\/zweiteheimat-nuerburg.com\/de\/wp-json\/wp\/v2\/comments?post=698"}],"version-history":[{"count":13,"href":"https:\/\/zweiteheimat-nuerburg.com\/de\/wp-json\/wp\/v2\/pages\/698\/revisions"}],"predecessor-version":[{"id":722,"href":"https:\/\/zweiteheimat-nuerburg.com\/de\/wp-json\/wp\/v2\/pages\/698\/revisions\/722"}],"wp:attachment":[{"href":"https:\/\/zweiteheimat-nuerburg.com\/de\/wp-json\/wp\/v2\/media?parent=698"}],"curies":[{"name":"wp","href":"https:\/\/api.w.org\/{rel}","templated":true}]}}