{"id":694,"date":"2020-08-04T19:50:18","date_gmt":"2020-08-04T17:50:18","guid":{"rendered":"https:\/\/zweiteheimat-nuerburgring.com\/?page_id=694"},"modified":"2021-05-06T20:37:39","modified_gmt":"2021-05-06T18:37:39","slug":"motorsport-am-nuerburgring","status":"publish","type":"page","link":"https:\/\/zweiteheimat-nuerburg.com\/de\/motorsport-am-nuerburgring\/","title":{"rendered":"Motorsport am N\u00fcrburgring"},"content":{"rendered":"\t\t<div data-elementor-type=\"wp-page\" data-elementor-id=\"694\" class=\"elementor elementor-694\" data-elementor-post-type=\"page\">\n\t\t\t\t\t\t<section class=\"elementor-section elementor-top-section elementor-element elementor-element-2b74294 elementor-section-boxed elementor-section-height-default elementor-section-height-default\" data-id=\"2b74294\" data-element_type=\"section\">\n\t\t\t\t\t\t<div class=\"elementor-container elementor-column-gap-default\">\n\t\t\t\t\t<div class=\"elementor-column elementor-col-100 elementor-top-column elementor-element elementor-element-10da334\" data-id=\"10da334\" data-element_type=\"column\">\n\t\t\t<div class=\"elementor-widget-wrap elementor-element-populated\">\n\t\t\t\t\t\t<div class=\"elementor-element elementor-element-03f0047 elementor-widget elementor-widget-text-editor\" data-id=\"03f0047\" data-element_type=\"widget\" data-widget_type=\"text-editor.default\">\n\t\t\t\t<div class=\"elementor-widget-container\">\n\t\t\t\t\t\t\t<p>Kaum eine Rennstrecke Europas ist so sagenumwoben und legend\u00e4r, wie der <strong>N\u00fcrburgring<\/strong>. F\u00fcr Motorsportfans ist die 1927 erbaute <strong>Rennstrecke<\/strong> DIE Touristenattraktion der Eifel. Wir von der Zweiten Heimat am N\u00fcrburgring m\u00f6chten Dir die zahlreichen Veranstaltungen und Angebote des N\u00fcrburgrings einmal n\u00e4her vorstellen und sie Dir w\u00e4rmstens ans Herz legen.<\/p><p>Eines der vielen j\u00e4hrlichen Highlights ist das <em>ADAC TOTAL 24 Stunden Rennen.<\/em> Hier liefern sich auf der <strong>l\u00e4ngsten Rennstrecke der Welt<\/strong> pfeilschnelle Spitzenklasse-Fahrer ein erbittertes Rennen um den Sieg. Ein atemberaubendes Erlebnis f\u00fcr <strong>Motorsportfans<\/strong>! Dieses Jahr findet das Spektakel vom 24. bis zum 27. September 2020 statt.<\/p><p>Neben dessen ist die <strong>Formel 1<\/strong> ein riesiger Touristen-Magnet. Erstmals nach 7 Jahren wieder am N\u00fcrburgring. Erlebe die schnellsten Autos und die besten Fahrer der Welt auf der traditionsreichen Strecke. Wir empfehlen Dir einen Pass f\u00fcr das ganze Wochenende zu buchen und Dich in einem unserer \u201eZweite Heimat\u201c -Appartements einzuquartieren, um neben dem <strong>Motorsporterlebnis<\/strong> noch zus\u00e4tzlich eine <strong>erholsame Zeit<\/strong> in der Natur der Eifel zu genie\u00dfen.<\/p><p>Weitere <strong>Highlights<\/strong> sind die Rennserie NLS\/VLN, DTM, GT Masters und das \u201eEuropean Time-Attack Masters\u201c Event. Tickets hierzu und noch viel mehr Informationen findest Du unter <a href=\"https:\/\/www.nuerburgring.de\/startseite.html\">https:\/\/www.nuerburgring.de\/startseite.html<\/a> .<\/p><p>Falls Du anstatt zuzugucken lieber <u>selbst<\/u> hinter dem Steuer sitzt, bist Du hier ebenso richtig. Es werden Dir diverse <strong>Trainings<\/strong> angeboten, wie z.B. ein Fahrsicherheitstraining, ein Sportfahrertraining oder die legend\u00e4re <em>Driving Academy<\/em>. Hier kommst Du garantiert auf Deine Kosten! Zudem kannst Du <strong>Kart<\/strong>-Fahrten buchen und zum Beispiel mit Deinen Freunden um den Sieg fahren oder Du buchst eine <strong>Touristen-Fahrt<\/strong>, wo Du mit Deinem eigenen PKW \u00fcber die originale N\u00fcrburgring Rennstrecke brausen wirst. Parkpl\u00e4tze f\u00fcr Deinen PKW stellen wir Dir kostenlos an unseren Zweite-Heimat-Appartements zur Verf\u00fcgung-.<\/p><p>Sehr zu empfehlen ist au\u00dferdem die <strong>Backstage-Tour<\/strong> des N\u00fcrburgrings, wo Du exklusive Einblicke in die Welt hinter den verschlossenen T\u00fcren bekommst. Das ist ein ganz besonderes Gef\u00fchl und unbedingt einen Ausflug wert. Ein neuer hei\u00dfer Tipp ist des Weiteren das \u201e<strong>Race Room Cafe<\/strong>\u201c. Dort kannst Du Dir in virtuellen Rennen per beeindruckend echter Simulation mit anderen Mitspieler ein Kopf an Kopf Rennen um den Triumph liefern. Ein gro\u00dfer Spa\u00df f\u00fcr Jung&amp;Alt.<\/p><p>Wenn Du Dir den sagenumwobenen N\u00fcrburgring samt <strong>spektakul\u00e4rer Events<\/strong> nicht entgehen lassen willst, und noch eine <strong>komfortable Unterkunft<\/strong> mit praktischer und gleichzeitig <strong>erholsamer Lage<\/strong> suchst, buche Deinen Aufenthalt einfach und bequem \u00fcber unsere Website. Bei Fragen kannst du uns einfach und bequem \u00fcber unser <span style=\"text-decoration: underline;\"><a href=\"https:\/\/zweiteheimat-nuerburg.com\/kontakt\/\">Kontaktformular<\/a> <\/span>oder telefonisch unter +491736937401 erreichen.<\/p><p>Wir von der Zweiten Heimat N\u00fcrburgring freuen uns schon auf Dich!<\/p>\t\t\t\t\t\t<\/div>\n\t\t\t\t<\/div>\n\t\t\t\t<div class=\"elementor-element elementor-element-806f420 elementor-widget elementor-widget-spacer\" data-id=\"806f420\" data-element_type=\"widget\" data-widget_type=\"spacer.default\">\n\t\t\t\t<div class=\"elementor-widget-container\">\n\t\t\t\t\t<div class=\"elementor-spacer\">\n\t\t\t<div class=\"elementor-spacer-inner\"><\/div>\n\t\t<\/div>\n\t\t\t\t<\/div>\n\t\t\t\t<\/div>\n\t\t\t\t\t<\/div>\n\t\t<\/div>\n\t\t\t\t\t<\/div>\n\t\t<\/section>\n\t\t\t\t<\/div>\n\t\t","protected":false},"excerpt":{"rendered":"<p>Kaum eine Rennstrecke Europas ist so sagenumwoben und legend\u00e4r, wie der N\u00fcrburgring. F\u00fcr Motorsportfans ist die 1927 erbaute Rennstrecke DIE Touristenattraktion der Eifel. Wir von der Zweiten Heimat am N\u00fcrburgring [&hellip;]<\/p>\n","protected":false},"author":1,"featured_media":0,"parent":0,"menu_order":0,"comment_status":"closed","ping_status":"closed","template":"","meta":[],"yoast_head":"<!-- This site is optimized with the Yoast SEO plugin v20.11 - https:\/\/yoast.com\/wordpress\/plugins\/seo\/ -->\n<title>Motorsport am N\u00fcrburgring - Zweite Heimat N\u00fcrburg<\/title>\n<meta name=\"description\" content=\"Erlebe die legend\u00e4re Rennstrecke N\u00fcrburgring samt spektakul\u00e4rer Ereignisse live. Die Zweite Heimat bietet Dir dazu die perfekte Unterkunft f\u00fcr Dein Erlebnis\" \/>\n<meta name=\"robots\" content=\"index, follow, max-snippet:-1, max-image-preview:large, max-video-preview:-1\" \/>\n<link rel=\"canonical\" href=\"https:\/\/zweiteheimat-nuerburg.com\/de\/motorsport-am-nuerburgring\/\" \/>\n<meta property=\"og:locale\" content=\"de_DE\" \/>\n<meta property=\"og:type\" content=\"article\" \/>\n<meta property=\"og:title\" content=\"Motorsport am N\u00fcrburgring - Zweite Heimat N\u00fcrburg\" \/>\n<meta property=\"og:description\" content=\"Erlebe die legend\u00e4re Rennstrecke N\u00fcrburgring samt spektakul\u00e4rer Ereignisse live. Die Zweite Heimat bietet Dir dazu die perfekte Unterkunft f\u00fcr Dein Erlebnis\" \/>\n<meta property=\"og:url\" content=\"https:\/\/zweiteheimat-nuerburg.com\/de\/motorsport-am-nuerburgring\/\" \/>\n<meta property=\"og:site_name\" content=\"Zweite Heimat N\u00fcrburg\" \/>\n<meta property=\"article:modified_time\" content=\"2021-05-06T18:37:39+00:00\" \/>\n<meta name=\"twitter:card\" content=\"summary_large_image\" \/>\n<meta name=\"twitter:label1\" content=\"Gesch\u00e4tzte Lesezeit\" \/>\n\t<meta name=\"twitter:data1\" content=\"2\u00a0Minuten\" \/>\n<script type=\"application\/ld+json\" class=\"yoast-schema-graph\">{\"@context\":\"https:\/\/schema.org\",\"@graph\":[{\"@type\":\"WebPage\",\"@id\":\"https:\/\/zweiteheimat-nuerburg.com\/motorsport-am-nuerburgring\/\",\"url\":\"https:\/\/zweiteheimat-nuerburg.com\/motorsport-am-nuerburgring\/\",\"name\":\"Motorsport am N\u00fcrburgring - Zweite Heimat N\u00fcrburg\",\"isPartOf\":{\"@id\":\"https:\/\/zweiteheimat-nuerburg.com\/de\/#website\"},\"datePublished\":\"2020-08-04T17:50:18+00:00\",\"dateModified\":\"2021-05-06T18:37:39+00:00\",\"description\":\"Erlebe die legend\u00e4re Rennstrecke N\u00fcrburgring samt spektakul\u00e4rer Ereignisse live. Die Zweite Heimat bietet Dir dazu die perfekte Unterkunft f\u00fcr Dein Erlebnis\",\"breadcrumb\":{\"@id\":\"https:\/\/zweiteheimat-nuerburg.com\/motorsport-am-nuerburgring\/#breadcrumb\"},\"inLanguage\":\"de\",\"potentialAction\":[{\"@type\":\"ReadAction\",\"target\":[\"https:\/\/zweiteheimat-nuerburg.com\/motorsport-am-nuerburgring\/\"]}]},{\"@type\":\"BreadcrumbList\",\"@id\":\"https:\/\/zweiteheimat-nuerburg.com\/motorsport-am-nuerburgring\/#breadcrumb\",\"itemListElement\":[{\"@type\":\"ListItem\",\"position\":1,\"name\":\"Startseite\",\"item\":\"https:\/\/zweiteheimat-nuerburg.com\/\"},{\"@type\":\"ListItem\",\"position\":2,\"name\":\"Motorsport am N\u00fcrburgring\"}]},{\"@type\":\"WebSite\",\"@id\":\"https:\/\/zweiteheimat-nuerburg.com\/de\/#website\",\"url\":\"https:\/\/zweiteheimat-nuerburg.com\/de\/\",\"name\":\"Zweite Heimat N\u00fcrburg\",\"description\":\"Motosporthotel &amp; Apartments am N\u00fcrburgring\",\"potentialAction\":[{\"@type\":\"SearchAction\",\"target\":{\"@type\":\"EntryPoint\",\"urlTemplate\":\"https:\/\/zweiteheimat-nuerburg.com\/de\/?s={search_term_string}\"},\"query-input\":\"required name=search_term_string\"}],\"inLanguage\":\"de\"}]}<\/script>\n<!-- \/ Yoast SEO plugin. -->","yoast_head_json":{"title":"Motorsport am N\u00fcrburgring - Zweite Heimat N\u00fcrburg","description":"Erlebe die legend\u00e4re Rennstrecke N\u00fcrburgring samt spektakul\u00e4rer Ereignisse live. Die Zweite Heimat bietet Dir dazu die perfekte Unterkunft f\u00fcr Dein Erlebnis","robots":{"index":"index","follow":"follow","max-snippet":"max-snippet:-1","max-image-preview":"max-image-preview:large","max-video-preview":"max-video-preview:-1"},"canonical":"https:\/\/zweiteheimat-nuerburg.com\/de\/motorsport-am-nuerburgring\/","og_locale":"de_DE","og_type":"article","og_title":"Motorsport am N\u00fcrburgring - Zweite Heimat N\u00fcrburg","og_description":"Erlebe die legend\u00e4re Rennstrecke N\u00fcrburgring samt spektakul\u00e4rer Ereignisse live. Die Zweite Heimat bietet Dir dazu die perfekte Unterkunft f\u00fcr Dein Erlebnis","og_url":"https:\/\/zweiteheimat-nuerburg.com\/de\/motorsport-am-nuerburgring\/","og_site_name":"Zweite Heimat N\u00fcrburg","article_modified_time":"2021-05-06T18:37:39+00:00","twitter_card":"summary_large_image","twitter_misc":{"Gesch\u00e4tzte Lesezeit":"2\u00a0Minuten"},"schema":{"@context":"https:\/\/schema.org","@graph":[{"@type":"WebPage","@id":"https:\/\/zweiteheimat-nuerburg.com\/motorsport-am-nuerburgring\/","url":"https:\/\/zweiteheimat-nuerburg.com\/motorsport-am-nuerburgring\/","name":"Motorsport am N\u00fcrburgring - Zweite Heimat N\u00fcrburg","isPartOf":{"@id":"https:\/\/zweiteheimat-nuerburg.com\/de\/#website"},"datePublished":"2020-08-04T17:50:18+00:00","dateModified":"2021-05-06T18:37:39+00:00","description":"Erlebe die legend\u00e4re Rennstrecke N\u00fcrburgring samt spektakul\u00e4rer Ereignisse live. Die Zweite Heimat bietet Dir dazu die perfekte Unterkunft f\u00fcr Dein Erlebnis","breadcrumb":{"@id":"https:\/\/zweiteheimat-nuerburg.com\/motorsport-am-nuerburgring\/#breadcrumb"},"inLanguage":"de","potentialAction":[{"@type":"ReadAction","target":["https:\/\/zweiteheimat-nuerburg.com\/motorsport-am-nuerburgring\/"]}]},{"@type":"BreadcrumbList","@id":"https:\/\/zweiteheimat-nuerburg.com\/motorsport-am-nuerburgring\/#breadcrumb","itemListElement":[{"@type":"ListItem","position":1,"name":"Startseite","item":"https:\/\/zweiteheimat-nuerburg.com\/"},{"@type":"ListItem","position":2,"name":"Motorsport am N\u00fcrburgring"}]},{"@type":"WebSite","@id":"https:\/\/zweiteheimat-nuerburg.com\/de\/#website","url":"https:\/\/zweiteheimat-nuerburg.com\/de\/","name":"Zweite Heimat N\u00fcrburg","description":"Motosporthotel &amp; Apartments am N\u00fcrburgring","potentialAction":[{"@type":"SearchAction","target":{"@type":"EntryPoint","urlTemplate":"https:\/\/zweiteheimat-nuerburg.com\/de\/?s={search_term_string}"},"query-input":"required name=search_term_string"}],"inLanguage":"de"}]}},"_links":{"self":[{"href":"https:\/\/zweiteheimat-nuerburg.com\/de\/wp-json\/wp\/v2\/pages\/694"}],"collection":[{"href":"https:\/\/zweiteheimat-nuerburg.com\/de\/wp-json\/wp\/v2\/pages"}],"about":[{"href":"https:\/\/zweiteheimat-nuerburg.com\/de\/wp-json\/wp\/v2\/types\/page"}],"author":[{"embeddable":true,"href":"https:\/\/zweiteheimat-nuerburg.com\/de\/wp-json\/wp\/v2\/users\/1"}],"replies":[{"embeddable":true,"href":"https:\/\/zweiteheimat-nuerburg.com\/de\/wp-json\/wp\/v2\/comments?post=694"}],"version-history":[{"count":6,"href":"https:\/\/zweiteheimat-nuerburg.com\/de\/wp-json\/wp\/v2\/pages\/694\/revisions"}],"predecessor-version":[{"id":1148,"href":"https:\/\/zweiteheimat-nuerburg.com\/de\/wp-json\/wp\/v2\/pages\/694\/revisions\/1148"}],"wp:attachment":[{"href":"https:\/\/zweiteheimat-nuerburg.com\/de\/wp-json\/wp\/v2\/media?parent=694"}],"curies":[{"name":"wp","href":"https:\/\/api.w.org\/{rel}","templated":true}]}}