{"id":521,"date":"2020-07-02T12:12:22","date_gmt":"2020-07-02T10:12:22","guid":{"rendered":"http:\/\/dev.2heimat-nuerburgring.com\/appartement-hohe-acht-copy\/"},"modified":"2020-07-04T15:40:59","modified_gmt":"2020-07-04T13:40:59","slug":"appartement-5-doettinger-hoehe","status":"publish","type":"page","link":"https:\/\/zweiteheimat-nuerburg.com\/de\/appartement-5-doettinger-hoehe\/","title":{"rendered":"Appartement 5 &#8211; D\u00f6ttinger H\u00f6he"},"content":{"rendered":"\t\t<div data-elementor-type=\"wp-page\" data-elementor-id=\"521\" class=\"elementor elementor-521\" data-elementor-post-type=\"page\">\n\t\t\t\t\t\t<section class=\"elementor-section elementor-top-section elementor-element elementor-element-de93915 elementor-section-boxed elementor-section-height-default elementor-section-height-default\" data-id=\"de93915\" data-element_type=\"section\">\n\t\t\t\t\t\t<div class=\"elementor-container elementor-column-gap-default\">\n\t\t\t\t\t<div class=\"elementor-column elementor-col-100 elementor-top-column elementor-element elementor-element-766f19a\" data-id=\"766f19a\" data-element_type=\"column\">\n\t\t\t<div class=\"elementor-widget-wrap elementor-element-populated\">\n\t\t\t\t\t\t<div class=\"elementor-element elementor-element-ef4069d elementor-widget elementor-widget-shortcode\" data-id=\"ef4069d\" data-element_type=\"widget\" data-widget_type=\"shortcode.default\">\n\t\t\t\t<div class=\"elementor-widget-container\">\n\t\t\t\t\t<div class=\"elementor-shortcode\">[hb_booking_form accom_id=\"516\"]<\/div>\n\t\t\t\t<\/div>\n\t\t\t\t<\/div>\n\t\t\t\t\t<\/div>\n\t\t<\/div>\n\t\t\t\t\t<\/div>\n\t\t<\/section>\n\t\t\t\t<\/div>\n\t\t","protected":false},"excerpt":{"rendered":"<p>[hb_booking_form accom_id=&#8220;516&#8243;]<\/p>\n","protected":false},"author":1,"featured_media":0,"parent":0,"menu_order":0,"comment_status":"closed","ping_status":"closed","template":"","meta":[],"yoast_head":"<!-- This site is optimized with the Yoast SEO plugin v20.11 - https:\/\/yoast.com\/wordpress\/plugins\/seo\/ -->\n<title>Appartement 5 - D\u00f6ttinger H\u00f6he - Zweite Heimat N\u00fcrburg<\/title>\n<meta name=\"description\" content=\"Das 5. Appartement &quot;D\u00f6ttinger H\u00f6he&quot; in der 1. Etage zeichnet sich durch Gro\u00dfr\u00e4umigkeit, eine komfortable K\u00fcche und eine ruhige Lage aus.\" \/>\n<meta name=\"robots\" content=\"index, follow, max-snippet:-1, max-image-preview:large, max-video-preview:-1\" \/>\n<link rel=\"canonical\" href=\"https:\/\/zweiteheimat-nuerburg.com\/de\/appartement-5-doettinger-hoehe\/\" \/>\n<meta property=\"og:locale\" content=\"de_DE\" \/>\n<meta property=\"og:type\" content=\"article\" \/>\n<meta property=\"og:title\" content=\"Appartement 5 - D\u00f6ttinger H\u00f6he - Zweite Heimat N\u00fcrburg\" \/>\n<meta property=\"og:description\" content=\"Das 5. Appartement &quot;D\u00f6ttinger H\u00f6he&quot; in der 1. Etage zeichnet sich durch Gro\u00dfr\u00e4umigkeit, eine komfortable K\u00fcche und eine ruhige Lage aus.\" \/>\n<meta property=\"og:url\" content=\"https:\/\/zweiteheimat-nuerburg.com\/de\/appartement-5-doettinger-hoehe\/\" \/>\n<meta property=\"og:site_name\" content=\"Zweite Heimat N\u00fcrburg\" \/>\n<meta property=\"article:modified_time\" content=\"2020-07-04T13:40:59+00:00\" \/>\n<meta name=\"twitter:card\" content=\"summary_large_image\" \/>\n<script type=\"application\/ld+json\" class=\"yoast-schema-graph\">{\"@context\":\"https:\/\/schema.org\",\"@graph\":[{\"@type\":\"WebPage\",\"@id\":\"https:\/\/zweiteheimat-nuerburg.com\/appartement-5-doettinger-hoehe\/\",\"url\":\"https:\/\/zweiteheimat-nuerburg.com\/appartement-5-doettinger-hoehe\/\",\"name\":\"Appartement 5 - D\u00f6ttinger H\u00f6he - Zweite Heimat N\u00fcrburg\",\"isPartOf\":{\"@id\":\"https:\/\/zweiteheimat-nuerburg.com\/de\/#website\"},\"datePublished\":\"2020-07-02T10:12:22+00:00\",\"dateModified\":\"2020-07-04T13:40:59+00:00\",\"description\":\"Das 5. Appartement \\\"D\u00f6ttinger H\u00f6he\\\" in der 1. Etage zeichnet sich durch Gro\u00dfr\u00e4umigkeit, eine komfortable K\u00fcche und eine ruhige Lage aus.\",\"breadcrumb\":{\"@id\":\"https:\/\/zweiteheimat-nuerburg.com\/appartement-5-doettinger-hoehe\/#breadcrumb\"},\"inLanguage\":\"de\",\"potentialAction\":[{\"@type\":\"ReadAction\",\"target\":[\"https:\/\/zweiteheimat-nuerburg.com\/appartement-5-doettinger-hoehe\/\"]}]},{\"@type\":\"BreadcrumbList\",\"@id\":\"https:\/\/zweiteheimat-nuerburg.com\/appartement-5-doettinger-hoehe\/#breadcrumb\",\"itemListElement\":[{\"@type\":\"ListItem\",\"position\":1,\"name\":\"Startseite\",\"item\":\"https:\/\/zweiteheimat-nuerburg.com\/\"},{\"@type\":\"ListItem\",\"position\":2,\"name\":\"Appartement 5 &#8211; D\u00f6ttinger H\u00f6he\"}]},{\"@type\":\"WebSite\",\"@id\":\"https:\/\/zweiteheimat-nuerburg.com\/de\/#website\",\"url\":\"https:\/\/zweiteheimat-nuerburg.com\/de\/\",\"name\":\"Zweite Heimat N\u00fcrburg\",\"description\":\"Motosporthotel &amp; Apartments am N\u00fcrburgring\",\"potentialAction\":[{\"@type\":\"SearchAction\",\"target\":{\"@type\":\"EntryPoint\",\"urlTemplate\":\"https:\/\/zweiteheimat-nuerburg.com\/de\/?s={search_term_string}\"},\"query-input\":\"required name=search_term_string\"}],\"inLanguage\":\"de\"}]}<\/script>\n<!-- \/ Yoast SEO plugin. -->","yoast_head_json":{"title":"Appartement 5 - D\u00f6ttinger H\u00f6he - Zweite Heimat N\u00fcrburg","description":"Das 5. Appartement \"D\u00f6ttinger H\u00f6he\" in der 1. Etage zeichnet sich durch Gro\u00dfr\u00e4umigkeit, eine komfortable K\u00fcche und eine ruhige Lage aus.","robots":{"index":"index","follow":"follow","max-snippet":"max-snippet:-1","max-image-preview":"max-image-preview:large","max-video-preview":"max-video-preview:-1"},"canonical":"https:\/\/zweiteheimat-nuerburg.com\/de\/appartement-5-doettinger-hoehe\/","og_locale":"de_DE","og_type":"article","og_title":"Appartement 5 - D\u00f6ttinger H\u00f6he - Zweite Heimat N\u00fcrburg","og_description":"Das 5. Appartement \"D\u00f6ttinger H\u00f6he\" in der 1. Etage zeichnet sich durch Gro\u00dfr\u00e4umigkeit, eine komfortable K\u00fcche und eine ruhige Lage aus.","og_url":"https:\/\/zweiteheimat-nuerburg.com\/de\/appartement-5-doettinger-hoehe\/","og_site_name":"Zweite Heimat N\u00fcrburg","article_modified_time":"2020-07-04T13:40:59+00:00","twitter_card":"summary_large_image","schema":{"@context":"https:\/\/schema.org","@graph":[{"@type":"WebPage","@id":"https:\/\/zweiteheimat-nuerburg.com\/appartement-5-doettinger-hoehe\/","url":"https:\/\/zweiteheimat-nuerburg.com\/appartement-5-doettinger-hoehe\/","name":"Appartement 5 - D\u00f6ttinger H\u00f6he - Zweite Heimat N\u00fcrburg","isPartOf":{"@id":"https:\/\/zweiteheimat-nuerburg.com\/de\/#website"},"datePublished":"2020-07-02T10:12:22+00:00","dateModified":"2020-07-04T13:40:59+00:00","description":"Das 5. Appartement \"D\u00f6ttinger H\u00f6he\" in der 1. Etage zeichnet sich durch Gro\u00dfr\u00e4umigkeit, eine komfortable K\u00fcche und eine ruhige Lage aus.","breadcrumb":{"@id":"https:\/\/zweiteheimat-nuerburg.com\/appartement-5-doettinger-hoehe\/#breadcrumb"},"inLanguage":"de","potentialAction":[{"@type":"ReadAction","target":["https:\/\/zweiteheimat-nuerburg.com\/appartement-5-doettinger-hoehe\/"]}]},{"@type":"BreadcrumbList","@id":"https:\/\/zweiteheimat-nuerburg.com\/appartement-5-doettinger-hoehe\/#breadcrumb","itemListElement":[{"@type":"ListItem","position":1,"name":"Startseite","item":"https:\/\/zweiteheimat-nuerburg.com\/"},{"@type":"ListItem","position":2,"name":"Appartement 5 &#8211; D\u00f6ttinger H\u00f6he"}]},{"@type":"WebSite","@id":"https:\/\/zweiteheimat-nuerburg.com\/de\/#website","url":"https:\/\/zweiteheimat-nuerburg.com\/de\/","name":"Zweite Heimat N\u00fcrburg","description":"Motosporthotel &amp; Apartments am N\u00fcrburgring","potentialAction":[{"@type":"SearchAction","target":{"@type":"EntryPoint","urlTemplate":"https:\/\/zweiteheimat-nuerburg.com\/de\/?s={search_term_string}"},"query-input":"required name=search_term_string"}],"inLanguage":"de"}]}},"_links":{"self":[{"href":"https:\/\/zweiteheimat-nuerburg.com\/de\/wp-json\/wp\/v2\/pages\/521"}],"collection":[{"href":"https:\/\/zweiteheimat-nuerburg.com\/de\/wp-json\/wp\/v2\/pages"}],"about":[{"href":"https:\/\/zweiteheimat-nuerburg.com\/de\/wp-json\/wp\/v2\/types\/page"}],"author":[{"embeddable":true,"href":"https:\/\/zweiteheimat-nuerburg.com\/de\/wp-json\/wp\/v2\/users\/1"}],"replies":[{"embeddable":true,"href":"https:\/\/zweiteheimat-nuerburg.com\/de\/wp-json\/wp\/v2\/comments?post=521"}],"version-history":[{"count":4,"href":"https:\/\/zweiteheimat-nuerburg.com\/de\/wp-json\/wp\/v2\/pages\/521\/revisions"}],"predecessor-version":[{"id":565,"href":"https:\/\/zweiteheimat-nuerburg.com\/de\/wp-json\/wp\/v2\/pages\/521\/revisions\/565"}],"wp:attachment":[{"href":"https:\/\/zweiteheimat-nuerburg.com\/de\/wp-json\/wp\/v2\/media?parent=521"}],"curies":[{"name":"wp","href":"https:\/\/api.w.org\/{rel}","templated":true}]}}