{"id":509,"date":"2020-07-01T20:49:01","date_gmt":"2020-07-01T18:49:01","guid":{"rendered":"http:\/\/dev.2heimat-nuerburgring.com\/?page_id=509"},"modified":"2024-09-04T09:36:59","modified_gmt":"2024-09-04T07:36:59","slug":"agb","status":"publish","type":"page","link":"https:\/\/zweiteheimat-nuerburg.com\/de\/agb\/","title":{"rendered":"AGBs"},"content":{"rendered":"\t\t<div data-elementor-type=\"wp-page\" data-elementor-id=\"509\" class=\"elementor elementor-509\" data-elementor-post-type=\"page\">\n\t\t\t\t\t\t<section class=\"elementor-section elementor-top-section elementor-element elementor-element-c832a30 elementor-section-boxed elementor-section-height-default elementor-section-height-default\" data-id=\"c832a30\" data-element_type=\"section\">\n\t\t\t\t\t\t<div class=\"elementor-container elementor-column-gap-default\">\n\t\t\t\t\t<div class=\"elementor-column elementor-col-100 elementor-top-column elementor-element elementor-element-9ea46c1\" data-id=\"9ea46c1\" data-element_type=\"column\">\n\t\t\t<div class=\"elementor-widget-wrap elementor-element-populated\">\n\t\t\t\t\t\t<div class=\"elementor-element elementor-element-6f3f447 elementor-widget elementor-widget-text-editor\" data-id=\"6f3f447\" data-element_type=\"widget\" data-widget_type=\"text-editor.default\">\n\t\t\t\t<div class=\"elementor-widget-container\">\n\t\t\t\t\t\t\t<p class=\"\" align=\"justify\"><strong class=\"\">1. Anreise \/ Abreise<\/strong><br class=\"\">Die Anreise ist ab 16:00Uhr m\u00f6glich. Die Abreise sollte sp\u00e4testens bis 10.00 Uhr geschehen. Die An- und Abreisezeiten gelten an allen Wochentagen.<br>Sollte die Abreise sich um mehr als 1 Stunde verz\u00f6gern, wird ein Late Check-out in H\u00f6he von 20\u20ac berechnet.&nbsp;<\/p>\n<p>Ab der dritten Person wird in allen Appartments eine Geb\u00fchr von 20\u20ac pro Nacht berechnet. Sollten spontan mehr Personen anreisen, ist diese Geb\u00fchr vor Ort pro Person und Nacht zu bezahlen.&nbsp;<\/p>\n<p class=\"\" align=\"justify\"><strong class=\"\">2. Sonderleistungen&nbsp;<\/strong><\/p>\n<p class=\"\" align=\"justify\">Besondere Leistungen sind grunds\u00e4tzlich m\u00f6glich und k\u00f6nnen w\u00e4hrend der Buchung oder im Anschluss gebucht werden. Sie bed\u00fcrfen der schriftlichen Best\u00e4tigung durch den Vermieter.&nbsp;<\/p>\n<p class=\"\" align=\"justify\"><strong class=\"\">3. Bezahlung<\/strong><\/p>\n<p class=\"\" align=\"justify\"><span class=\"\">Der Buchungsvertrag ist abgeschlossen, sobald das Appartement gebucht und &nbsp;best\u00e4tigt ist.&nbsp;<\/span><span class=\"\">Der Abschluss des Buchungsvertrages verpflichtet die Vertragspartner zur Erf\u00fcllung des Vertrages, gleichg\u00fcltig, auf welche Dauer der Vertrag abgeschlossen&nbsp;ist.&nbsp;<\/span>Die Zahlung der Rechnungssumme ist innerhalb von sieben Tagen nach Erhalt der Buchungsunterlagen zur Zahlung f\u00e4llig. Werden die Zahlungsfristen nicht eingehalten, so kann der Vermieter vom Buchungsvertrag zur\u00fccktreten. Die Nichtzahlung gilt als R\u00fccktritt und berechtigt zur Neuvermietung.&nbsp;<\/p>\n<p class=\"\" align=\"justify\"><strong class=\"\">4. Stornierung\/Umbuchung&nbsp;<\/strong><br class=\"\">Eine Stornierung des gebuchten Appartements ist jederzeit m\u00f6glich. Die Stornierung muss schriftlich erfolgen. Im Falle einer Stornierung wird folgenderma\u00dfen verfahren:<\/p>\n<p class=\"\" align=\"justify\">\u2022&nbsp;<span class=\"\">Bis 90 Tage vor Ankunftstag werden &nbsp;60% des Gesamtpreises erstattet.<\/span><\/p>\n<p class=\"\" align=\"justify\">\u2022&nbsp;<span class=\"\">bis 89 Tage vor dem Ankunftstag werden 40% des Gesamtpreises erstattet.<\/span><\/p>\n<p class=\"\" align=\"justify\">\u2022&nbsp;<span class=\"\">ab 29 Tage werden 100% des Gesamtpreises ohne Erstattung f\u00e4llig.&nbsp;<\/span><\/p>\n<p class=\"\" align=\"justify\">Es z\u00e4hlt jeweils das Empfangsdatum Ihrer Stornierung. Eine Ersatzperson, die zu genannten Bedingungen in Ihren Buchungsvertrag eintritt, kann von Ihnen gestellt werden. Eine schriftliche Benachrichtigung gen\u00fcgt.<\/p>\n<p class=\"\" align=\"justify\"><strong class=\"\">5. Pflichten des Mieters<\/strong><br class=\"\">Der Mieter verpflichtet sich, die gemieteten Sachen (Appartement, Inventar und Au\u00dfenanlagen) pfleglich zu behandeln. Wenn w\u00e4hrend des Aufenthalts Sch\u00e4den am Appartement und \/ oder dessen Inventar auftreten, ist der Mieter verpflichtet, dies unverz\u00fcglich anzuzeigen. Bereits bei der Ankunft festgestellte M\u00e4ngel und Sch\u00e4den m\u00fcssen sofort gemeldet werden, ansonsten haftet der Mieter f\u00fcr diese Sch\u00e4den. Zur Beseitigung von Sch\u00e4den und M\u00e4ngeln ist eine angemessene Frist einzur\u00e4umen. Anspr\u00fcche aus Beanstandungen, die nicht unverz\u00fcglich vor Ort gemeldet werden, sind ausgeschlossen. Reklamationen, die erst am Ende des Aufenthaltes bzw. nach Verlassen des Appartements bei dem Vermieter eingehen, sind ebenfalls vom Schadenersatz ausgeschlossen.<\/p>\t\t\t\t\t\t<\/div>\n\t\t\t\t<\/div>\n\t\t\t\t\t<\/div>\n\t\t<\/div>\n\t\t\t\t\t<\/div>\n\t\t<\/section>\n\t\t\t\t<\/div>\n\t\t","protected":false},"excerpt":{"rendered":"<p>1. Anreise \/ AbreiseDie Anreise ist ab 16:00Uhr m\u00f6glich. Die Abreise sollte sp\u00e4testens bis 10.00 Uhr geschehen. Die An- und Abreisezeiten gelten an allen Wochentagen.Sollte die Abreise sich um mehr [&hellip;]<\/p>\n","protected":false},"author":1,"featured_media":0,"parent":0,"menu_order":0,"comment_status":"closed","ping_status":"closed","template":"","meta":[],"yoast_head":"<!-- This site is optimized with the Yoast SEO plugin v20.11 - https:\/\/yoast.com\/wordpress\/plugins\/seo\/ -->\n<title>AGBs - Zweite Heimat N\u00fcrburg<\/title>\n<meta name=\"robots\" content=\"noindex, follow\" \/>\n<meta property=\"og:locale\" content=\"de_DE\" \/>\n<meta property=\"og:type\" content=\"article\" \/>\n<meta property=\"og:title\" content=\"AGBs - Zweite Heimat N\u00fcrburg\" \/>\n<meta property=\"og:description\" content=\"1. Anreise \/ AbreiseDie Anreise ist ab 16:00Uhr m\u00f6glich. Die Abreise sollte sp\u00e4testens bis 10.00 Uhr geschehen. Die An- und Abreisezeiten gelten an allen Wochentagen.Sollte die Abreise sich um mehr [&hellip;]\" \/>\n<meta property=\"og:url\" content=\"https:\/\/zweiteheimat-nuerburg.com\/de\/agb\/\" \/>\n<meta property=\"og:site_name\" content=\"Zweite Heimat N\u00fcrburg\" \/>\n<meta property=\"article:modified_time\" content=\"2024-09-04T07:36:59+00:00\" \/>\n<meta name=\"twitter:card\" content=\"summary_large_image\" \/>\n<meta name=\"twitter:label1\" content=\"Gesch\u00e4tzte Lesezeit\" \/>\n\t<meta name=\"twitter:data1\" content=\"2\u00a0Minuten\" \/>\n<script type=\"application\/ld+json\" class=\"yoast-schema-graph\">{\"@context\":\"https:\/\/schema.org\",\"@graph\":[{\"@type\":\"WebPage\",\"@id\":\"https:\/\/zweiteheimat-nuerburg.com\/agb\/\",\"url\":\"https:\/\/zweiteheimat-nuerburg.com\/agb\/\",\"name\":\"AGBs - Zweite Heimat N\u00fcrburg\",\"isPartOf\":{\"@id\":\"https:\/\/zweiteheimat-nuerburg.com\/de\/#website\"},\"datePublished\":\"2020-07-01T18:49:01+00:00\",\"dateModified\":\"2024-09-04T07:36:59+00:00\",\"breadcrumb\":{\"@id\":\"https:\/\/zweiteheimat-nuerburg.com\/agb\/#breadcrumb\"},\"inLanguage\":\"de\",\"potentialAction\":[{\"@type\":\"ReadAction\",\"target\":[\"https:\/\/zweiteheimat-nuerburg.com\/agb\/\"]}]},{\"@type\":\"BreadcrumbList\",\"@id\":\"https:\/\/zweiteheimat-nuerburg.com\/agb\/#breadcrumb\",\"itemListElement\":[{\"@type\":\"ListItem\",\"position\":1,\"name\":\"Startseite\",\"item\":\"https:\/\/zweiteheimat-nuerburg.com\/\"},{\"@type\":\"ListItem\",\"position\":2,\"name\":\"AGBs\"}]},{\"@type\":\"WebSite\",\"@id\":\"https:\/\/zweiteheimat-nuerburg.com\/de\/#website\",\"url\":\"https:\/\/zweiteheimat-nuerburg.com\/de\/\",\"name\":\"Zweite Heimat N\u00fcrburg\",\"description\":\"Motosporthotel &amp; Apartments am N\u00fcrburgring\",\"potentialAction\":[{\"@type\":\"SearchAction\",\"target\":{\"@type\":\"EntryPoint\",\"urlTemplate\":\"https:\/\/zweiteheimat-nuerburg.com\/de\/?s={search_term_string}\"},\"query-input\":\"required name=search_term_string\"}],\"inLanguage\":\"de\"}]}<\/script>\n<!-- \/ Yoast SEO plugin. -->","yoast_head_json":{"title":"AGBs - Zweite Heimat N\u00fcrburg","robots":{"index":"noindex","follow":"follow"},"og_locale":"de_DE","og_type":"article","og_title":"AGBs - Zweite Heimat N\u00fcrburg","og_description":"1. Anreise \/ AbreiseDie Anreise ist ab 16:00Uhr m\u00f6glich. Die Abreise sollte sp\u00e4testens bis 10.00 Uhr geschehen. Die An- und Abreisezeiten gelten an allen Wochentagen.Sollte die Abreise sich um mehr [&hellip;]","og_url":"https:\/\/zweiteheimat-nuerburg.com\/de\/agb\/","og_site_name":"Zweite Heimat N\u00fcrburg","article_modified_time":"2024-09-04T07:36:59+00:00","twitter_card":"summary_large_image","twitter_misc":{"Gesch\u00e4tzte Lesezeit":"2\u00a0Minuten"},"schema":{"@context":"https:\/\/schema.org","@graph":[{"@type":"WebPage","@id":"https:\/\/zweiteheimat-nuerburg.com\/agb\/","url":"https:\/\/zweiteheimat-nuerburg.com\/agb\/","name":"AGBs - Zweite Heimat N\u00fcrburg","isPartOf":{"@id":"https:\/\/zweiteheimat-nuerburg.com\/de\/#website"},"datePublished":"2020-07-01T18:49:01+00:00","dateModified":"2024-09-04T07:36:59+00:00","breadcrumb":{"@id":"https:\/\/zweiteheimat-nuerburg.com\/agb\/#breadcrumb"},"inLanguage":"de","potentialAction":[{"@type":"ReadAction","target":["https:\/\/zweiteheimat-nuerburg.com\/agb\/"]}]},{"@type":"BreadcrumbList","@id":"https:\/\/zweiteheimat-nuerburg.com\/agb\/#breadcrumb","itemListElement":[{"@type":"ListItem","position":1,"name":"Startseite","item":"https:\/\/zweiteheimat-nuerburg.com\/"},{"@type":"ListItem","position":2,"name":"AGBs"}]},{"@type":"WebSite","@id":"https:\/\/zweiteheimat-nuerburg.com\/de\/#website","url":"https:\/\/zweiteheimat-nuerburg.com\/de\/","name":"Zweite Heimat N\u00fcrburg","description":"Motosporthotel &amp; Apartments am N\u00fcrburgring","potentialAction":[{"@type":"SearchAction","target":{"@type":"EntryPoint","urlTemplate":"https:\/\/zweiteheimat-nuerburg.com\/de\/?s={search_term_string}"},"query-input":"required name=search_term_string"}],"inLanguage":"de"}]}},"_links":{"self":[{"href":"https:\/\/zweiteheimat-nuerburg.com\/de\/wp-json\/wp\/v2\/pages\/509"}],"collection":[{"href":"https:\/\/zweiteheimat-nuerburg.com\/de\/wp-json\/wp\/v2\/pages"}],"about":[{"href":"https:\/\/zweiteheimat-nuerburg.com\/de\/wp-json\/wp\/v2\/types\/page"}],"author":[{"embeddable":true,"href":"https:\/\/zweiteheimat-nuerburg.com\/de\/wp-json\/wp\/v2\/users\/1"}],"replies":[{"embeddable":true,"href":"https:\/\/zweiteheimat-nuerburg.com\/de\/wp-json\/wp\/v2\/comments?post=509"}],"version-history":[{"count":15,"href":"https:\/\/zweiteheimat-nuerburg.com\/de\/wp-json\/wp\/v2\/pages\/509\/revisions"}],"predecessor-version":[{"id":2454,"href":"https:\/\/zweiteheimat-nuerburg.com\/de\/wp-json\/wp\/v2\/pages\/509\/revisions\/2454"}],"wp:attachment":[{"href":"https:\/\/zweiteheimat-nuerburg.com\/de\/wp-json\/wp\/v2\/media?parent=509"}],"curies":[{"name":"wp","href":"https:\/\/api.w.org\/{rel}","templated":true}]}}