{"id":43,"date":"2020-04-04T21:27:10","date_gmt":"2020-04-04T19:27:10","guid":{"rendered":"http:\/\/dev.2heimat-nuerburgring.com\/?page_id=43"},"modified":"2024-03-19T11:12:44","modified_gmt":"2024-03-19T10:12:44","slug":"impressum","status":"publish","type":"page","link":"https:\/\/zweiteheimat-nuerburg.com\/de\/impressum\/","title":{"rendered":"Impressum"},"content":{"rendered":"\n<h2>Verantwortlicher Dienstleister gem\u00e4\u00df \u00a7 5 TMG<\/h2>\n\n\n\n<p>C&amp;V GmbH<br>Heinrich-Heine-Strasse 31<br>38440 Wolfsburg<\/p>\n\n\n\n<p>Handelsregister: 208152<br>Registergericht: Amtsgericht Braunschweig<\/p>\n\n\n\n<p><strong>Vertreten durch:<\/strong><br>Valentin Lachenmayer<\/p>\n\n\n\n<h2>Inhaltlich Verantwortlicher gem\u00e4\u00df \u00a7 18 Abs. 2 MStV:<\/h2>\n\n\n\n<p>Valentin Lachenmayer<br>Heinrich-Heine-Stra\u00dfe 31<br>38440 Wolfsburg<\/p>\n\n\n\n<p>Telefon: +49 171 5264509<br>E-Mail: info@zweiteheimat-nuerburg.com<\/p>\n\n\n\n<h2>Umsatzsteuer-ID<\/h2>\n\n\n\n<p>Umsatzsteuer-Identifikationsnummer gem\u00e4\u00df \u00a7 27 a Umsatzsteuergesetz: DE327340662<\/p>\n","protected":false},"excerpt":{"rendered":"<p>Verantwortlicher Dienstleister gem\u00e4\u00df \u00a7 5 TMG C&amp;V GmbHHeinrich-Heine-Strasse 3138440 Wolfsburg Handelsregister: 208152Registergericht: Amtsgericht Braunschweig Vertreten durch:Valentin Lachenmayer Inhaltlich Verantwortlicher gem\u00e4\u00df \u00a7 18 Abs. 2 MStV: Valentin LachenmayerHeinrich-Heine-Stra\u00dfe 3138440 Wolfsburg Telefon: [&hellip;]<\/p>\n","protected":false},"author":1,"featured_media":0,"parent":0,"menu_order":0,"comment_status":"closed","ping_status":"closed","template":"","meta":[],"yoast_head":"<!-- This site is optimized with the Yoast SEO plugin v20.11 - https:\/\/yoast.com\/wordpress\/plugins\/seo\/ -->\n<title>Impressum - Zweite Heimat N\u00fcrburg<\/title>\n<meta name=\"robots\" content=\"noindex, follow\" \/>\n<meta property=\"og:locale\" content=\"de_DE\" \/>\n<meta property=\"og:type\" content=\"article\" \/>\n<meta property=\"og:title\" content=\"Impressum - Zweite Heimat N\u00fcrburg\" \/>\n<meta property=\"og:description\" content=\"Verantwortlicher Dienstleister gem\u00e4\u00df \u00a7 5 TMG C&amp;V GmbHHeinrich-Heine-Strasse 3138440 Wolfsburg Handelsregister: 208152Registergericht: Amtsgericht Braunschweig Vertreten durch:Valentin Lachenmayer Inhaltlich Verantwortlicher gem\u00e4\u00df \u00a7 18 Abs. 2 MStV: Valentin LachenmayerHeinrich-Heine-Stra\u00dfe 3138440 Wolfsburg Telefon: [&hellip;]\" \/>\n<meta property=\"og:url\" content=\"https:\/\/zweiteheimat-nuerburg.com\/de\/impressum\/\" \/>\n<meta property=\"og:site_name\" content=\"Zweite Heimat N\u00fcrburg\" \/>\n<meta property=\"article:modified_time\" content=\"2024-03-19T10:12:44+00:00\" \/>\n<meta name=\"twitter:card\" content=\"summary_large_image\" \/>\n<meta name=\"twitter:label1\" content=\"Gesch\u00e4tzte Lesezeit\" \/>\n\t<meta name=\"twitter:data1\" content=\"1\u00a0Minute\" \/>\n<script type=\"application\/ld+json\" class=\"yoast-schema-graph\">{\"@context\":\"https:\/\/schema.org\",\"@graph\":[{\"@type\":\"WebPage\",\"@id\":\"https:\/\/zweiteheimat-nuerburg.com\/impressum\/\",\"url\":\"https:\/\/zweiteheimat-nuerburg.com\/impressum\/\",\"name\":\"Impressum - Zweite Heimat N\u00fcrburg\",\"isPartOf\":{\"@id\":\"https:\/\/zweiteheimat-nuerburg.com\/de\/#website\"},\"datePublished\":\"2020-04-04T19:27:10+00:00\",\"dateModified\":\"2024-03-19T10:12:44+00:00\",\"breadcrumb\":{\"@id\":\"https:\/\/zweiteheimat-nuerburg.com\/impressum\/#breadcrumb\"},\"inLanguage\":\"de\",\"potentialAction\":[{\"@type\":\"ReadAction\",\"target\":[\"https:\/\/zweiteheimat-nuerburg.com\/impressum\/\"]}]},{\"@type\":\"BreadcrumbList\",\"@id\":\"https:\/\/zweiteheimat-nuerburg.com\/impressum\/#breadcrumb\",\"itemListElement\":[{\"@type\":\"ListItem\",\"position\":1,\"name\":\"Startseite\",\"item\":\"https:\/\/zweiteheimat-nuerburg.com\/\"},{\"@type\":\"ListItem\",\"position\":2,\"name\":\"Impressum\"}]},{\"@type\":\"WebSite\",\"@id\":\"https:\/\/zweiteheimat-nuerburg.com\/de\/#website\",\"url\":\"https:\/\/zweiteheimat-nuerburg.com\/de\/\",\"name\":\"Zweite Heimat N\u00fcrburg\",\"description\":\"Motosporthotel &amp; Apartments am N\u00fcrburgring\",\"potentialAction\":[{\"@type\":\"SearchAction\",\"target\":{\"@type\":\"EntryPoint\",\"urlTemplate\":\"https:\/\/zweiteheimat-nuerburg.com\/de\/?s={search_term_string}\"},\"query-input\":\"required name=search_term_string\"}],\"inLanguage\":\"de\"}]}<\/script>\n<!-- \/ Yoast SEO plugin. -->","yoast_head_json":{"title":"Impressum - Zweite Heimat N\u00fcrburg","robots":{"index":"noindex","follow":"follow"},"og_locale":"de_DE","og_type":"article","og_title":"Impressum - Zweite Heimat N\u00fcrburg","og_description":"Verantwortlicher Dienstleister gem\u00e4\u00df \u00a7 5 TMG C&amp;V GmbHHeinrich-Heine-Strasse 3138440 Wolfsburg Handelsregister: 208152Registergericht: Amtsgericht Braunschweig Vertreten durch:Valentin Lachenmayer Inhaltlich Verantwortlicher gem\u00e4\u00df \u00a7 18 Abs. 2 MStV: Valentin LachenmayerHeinrich-Heine-Stra\u00dfe 3138440 Wolfsburg Telefon: [&hellip;]","og_url":"https:\/\/zweiteheimat-nuerburg.com\/de\/impressum\/","og_site_name":"Zweite Heimat N\u00fcrburg","article_modified_time":"2024-03-19T10:12:44+00:00","twitter_card":"summary_large_image","twitter_misc":{"Gesch\u00e4tzte Lesezeit":"1\u00a0Minute"},"schema":{"@context":"https:\/\/schema.org","@graph":[{"@type":"WebPage","@id":"https:\/\/zweiteheimat-nuerburg.com\/impressum\/","url":"https:\/\/zweiteheimat-nuerburg.com\/impressum\/","name":"Impressum - Zweite Heimat N\u00fcrburg","isPartOf":{"@id":"https:\/\/zweiteheimat-nuerburg.com\/de\/#website"},"datePublished":"2020-04-04T19:27:10+00:00","dateModified":"2024-03-19T10:12:44+00:00","breadcrumb":{"@id":"https:\/\/zweiteheimat-nuerburg.com\/impressum\/#breadcrumb"},"inLanguage":"de","potentialAction":[{"@type":"ReadAction","target":["https:\/\/zweiteheimat-nuerburg.com\/impressum\/"]}]},{"@type":"BreadcrumbList","@id":"https:\/\/zweiteheimat-nuerburg.com\/impressum\/#breadcrumb","itemListElement":[{"@type":"ListItem","position":1,"name":"Startseite","item":"https:\/\/zweiteheimat-nuerburg.com\/"},{"@type":"ListItem","position":2,"name":"Impressum"}]},{"@type":"WebSite","@id":"https:\/\/zweiteheimat-nuerburg.com\/de\/#website","url":"https:\/\/zweiteheimat-nuerburg.com\/de\/","name":"Zweite Heimat N\u00fcrburg","description":"Motosporthotel &amp; Apartments am N\u00fcrburgring","potentialAction":[{"@type":"SearchAction","target":{"@type":"EntryPoint","urlTemplate":"https:\/\/zweiteheimat-nuerburg.com\/de\/?s={search_term_string}"},"query-input":"required name=search_term_string"}],"inLanguage":"de"}]}},"_links":{"self":[{"href":"https:\/\/zweiteheimat-nuerburg.com\/de\/wp-json\/wp\/v2\/pages\/43"}],"collection":[{"href":"https:\/\/zweiteheimat-nuerburg.com\/de\/wp-json\/wp\/v2\/pages"}],"about":[{"href":"https:\/\/zweiteheimat-nuerburg.com\/de\/wp-json\/wp\/v2\/types\/page"}],"author":[{"embeddable":true,"href":"https:\/\/zweiteheimat-nuerburg.com\/de\/wp-json\/wp\/v2\/users\/1"}],"replies":[{"embeddable":true,"href":"https:\/\/zweiteheimat-nuerburg.com\/de\/wp-json\/wp\/v2\/comments?post=43"}],"version-history":[{"count":9,"href":"https:\/\/zweiteheimat-nuerburg.com\/de\/wp-json\/wp\/v2\/pages\/43\/revisions"}],"predecessor-version":[{"id":2306,"href":"https:\/\/zweiteheimat-nuerburg.com\/de\/wp-json\/wp\/v2\/pages\/43\/revisions\/2306"}],"wp:attachment":[{"href":"https:\/\/zweiteheimat-nuerburg.com\/de\/wp-json\/wp\/v2\/media?parent=43"}],"curies":[{"name":"wp","href":"https:\/\/api.w.org\/{rel}","templated":true}]}}