{"id":1564,"date":"2023-04-28T15:24:23","date_gmt":"2023-04-28T13:24:23","guid":{"rendered":"http:\/\/zweiteheimat.webdesignbs.de\/?page_id=1564"},"modified":"2023-09-18T21:48:34","modified_gmt":"2023-09-18T19:48:34","slug":"touren","status":"publish","type":"page","link":"https:\/\/zweiteheimat-nuerburg.com\/de\/touren\/","title":{"rendered":"Touren"},"content":{"rendered":"\t\t<div data-elementor-type=\"wp-page\" data-elementor-id=\"1564\" class=\"elementor elementor-1564\" data-elementor-post-type=\"page\">\n\t\t\t\t\t\t<section class=\"elementor-section elementor-top-section elementor-element elementor-element-2bcc70b5 elementor-section-boxed elementor-section-height-default elementor-section-height-default\" data-id=\"2bcc70b5\" data-element_type=\"section\">\n\t\t\t\t\t\t<div class=\"elementor-container elementor-column-gap-default\">\n\t\t\t\t\t<div class=\"elementor-column elementor-col-100 elementor-top-column elementor-element elementor-element-2c560458\" data-id=\"2c560458\" data-element_type=\"column\">\n\t\t\t<div class=\"elementor-widget-wrap elementor-element-populated\">\n\t\t\t\t\t\t<div class=\"elementor-element elementor-element-db04cb7 elementor-widget elementor-widget-heading\" data-id=\"db04cb7\" data-element_type=\"widget\" data-widget_type=\"heading.default\">\n\t\t\t\t<div class=\"elementor-widget-container\">\n\t\t\t<h2 class=\"elementor-heading-title elementor-size-default\"><h1 data-elementor-setting-key=\"title\" data-pen-placeholder=\"Eingabe hier...\" style=\"font-weight: 600; color: rgb(51, 51, 51); font-family: &quot;Open Sans&quot;, sans-serif;\">Touren<\/h1><\/h2>\t\t<\/div>\n\t\t\t\t<\/div>\n\t\t\t\t\t<\/div>\n\t\t<\/div>\n\t\t\t\t\t<\/div>\n\t\t<\/section>\n\t\t\t\t<section class=\"elementor-section elementor-top-section elementor-element elementor-element-2682725a elementor-section-boxed elementor-section-height-default elementor-section-height-default\" data-id=\"2682725a\" data-element_type=\"section\">\n\t\t\t\t\t\t<div class=\"elementor-container elementor-column-gap-default\">\n\t\t\t\t\t<div class=\"elementor-column elementor-col-50 elementor-top-column elementor-element elementor-element-73d740f6\" data-id=\"73d740f6\" data-element_type=\"column\">\n\t\t\t<div class=\"elementor-widget-wrap elementor-element-populated\">\n\t\t\t\t\t\t<div class=\"elementor-element elementor-element-3a3040a2 elementor-widget elementor-widget-image\" data-id=\"3a3040a2\" data-element_type=\"widget\" data-widget_type=\"image.default\">\n\t\t\t\t<div class=\"elementor-widget-container\">\n\t\t\t\t\t\t\t\t\t\t\t\t\t<img fetchpriority=\"high\" decoding=\"async\" width=\"1000\" height=\"563\" src=\"https:\/\/zweiteheimat-nuerburg.com\/wp-content\/uploads\/2023\/04\/BMW-Touren-verpixelt.jpg\" class=\"attachment-large size-large wp-image-1566\" alt=\"\" srcset=\"https:\/\/zweiteheimat-nuerburg.com\/wp-content\/uploads\/2023\/04\/BMW-Touren-verpixelt.jpg 1000w, https:\/\/zweiteheimat-nuerburg.com\/wp-content\/uploads\/2023\/04\/BMW-Touren-verpixelt-300x169.jpg 300w, https:\/\/zweiteheimat-nuerburg.com\/wp-content\/uploads\/2023\/04\/BMW-Touren-verpixelt-768x432.jpg 768w, https:\/\/zweiteheimat-nuerburg.com\/wp-content\/uploads\/2023\/04\/BMW-Touren-verpixelt-18x10.jpg 18w\" sizes=\"(max-width: 1000px) 100vw, 1000px\" \/>\t\t\t\t\t\t\t\t\t\t\t\t\t<\/div>\n\t\t\t\t<\/div>\n\t\t\t\t<div class=\"elementor-element elementor-element-64ab24c7 elementor-widget elementor-widget-heading\" data-id=\"64ab24c7\" data-element_type=\"widget\" data-widget_type=\"heading.default\">\n\t\t\t\t<div class=\"elementor-widget-container\">\n\t\t\t<h2 class=\"elementor-heading-title elementor-size-default\">N\u00fcrburgring Road Tour *<\/h2>\t\t<\/div>\n\t\t\t\t<\/div>\n\t\t\t\t<div class=\"elementor-element elementor-element-168c3510 elementor-widget elementor-widget-text-editor\" data-id=\"168c3510\" data-element_type=\"widget\" data-widget_type=\"text-editor.default\">\n\t\t\t\t<div class=\"elementor-widget-container\">\n\t\t\t\t\t\t\t<p>Wer sich einen Eindruck davon verschaffen m\u00f6chte, was die Faszination von der Rennstrecke ausmacht, ist hier genau richtig: Der N\u00fcrburgring, absoluter Mythos und die vermutlich bekannteste Rennstrecke der Welt. Daf\u00fcr gibt es jede Menge Gr\u00fcnde und wir bringen euch diesen Mythos bei einer gef\u00fchrten Tour \u00fcber die wundersch\u00f6nen Landstra\u00dfen der Eifel n\u00e4her. Der perfekte Einstieg in die Welt des Motorsports und um die Faszination im wahrsten Sinne des Wortes selbst zu erfahren. Selbst f\u00fcr erfahrene Besucher ist hier noch etwas dabei, denn jeder kann hier noch ganz neue Seiten entdecken. Egal ob als gro\u00dfe Gruppe oder mit geringer Teilnehmerzahl, wir sorgen f\u00fcr eine gro\u00dfartige Erfahrung.<\/p>\t\t\t\t\t\t<\/div>\n\t\t\t\t<\/div>\n\t\t\t\t<div class=\"elementor-element elementor-element-eee6a29 elementor-mobile-align-center elementor-hidden-desktop elementor-hidden-tablet elementor-widget elementor-widget-button\" data-id=\"eee6a29\" data-element_type=\"widget\" data-widget_type=\"button.default\">\n\t\t\t\t<div class=\"elementor-widget-container\">\n\t\t\t\t\t<div class=\"elementor-button-wrapper\">\n\t\t\t<a class=\"elementor-button elementor-button-link elementor-size-sm\" href=\"https:\/\/zweiteheimat-racing.com\/buchung-nuerburgring-touren\/\">\n\t\t\t\t\t\t<span class=\"elementor-button-content-wrapper\">\n\t\t\t\t\t\t\t\t\t<span class=\"elementor-button-text\">Jetzt Anfragen<\/span>\n\t\t\t\t\t<\/span>\n\t\t\t\t\t<\/a>\n\t\t<\/div>\n\t\t\t\t<\/div>\n\t\t\t\t<\/div>\n\t\t\t\t\t<\/div>\n\t\t<\/div>\n\t\t\t\t<div class=\"elementor-column elementor-col-50 elementor-top-column elementor-element elementor-element-45423798\" data-id=\"45423798\" data-element_type=\"column\">\n\t\t\t<div class=\"elementor-widget-wrap elementor-element-populated\">\n\t\t\t\t\t\t<div class=\"elementor-element elementor-element-1cbdfa5a elementor-widget elementor-widget-image\" data-id=\"1cbdfa5a\" data-element_type=\"widget\" data-widget_type=\"image.default\">\n\t\t\t\t<div class=\"elementor-widget-container\">\n\t\t\t\t\t\t\t\t\t\t\t\t\t<img decoding=\"async\" width=\"1000\" height=\"668\" src=\"https:\/\/zweiteheimat-nuerburg.com\/wp-content\/uploads\/2023\/09\/tour-spa-francorchamps.jpg\" class=\"attachment-large size-large wp-image-2119\" alt=\"\" srcset=\"https:\/\/zweiteheimat-nuerburg.com\/wp-content\/uploads\/2023\/09\/tour-spa-francorchamps.jpg 1000w, https:\/\/zweiteheimat-nuerburg.com\/wp-content\/uploads\/2023\/09\/tour-spa-francorchamps-300x200.jpg 300w, https:\/\/zweiteheimat-nuerburg.com\/wp-content\/uploads\/2023\/09\/tour-spa-francorchamps-768x513.jpg 768w, https:\/\/zweiteheimat-nuerburg.com\/wp-content\/uploads\/2023\/09\/tour-spa-francorchamps-18x12.jpg 18w\" sizes=\"(max-width: 1000px) 100vw, 1000px\" \/>\t\t\t\t\t\t\t\t\t\t\t\t\t<\/div>\n\t\t\t\t<\/div>\n\t\t\t\t<div class=\"elementor-element elementor-element-4beae2a8 elementor-widget elementor-widget-heading\" data-id=\"4beae2a8\" data-element_type=\"widget\" data-widget_type=\"heading.default\">\n\t\t\t\t<div class=\"elementor-widget-container\">\n\t\t\t<h2 class=\"elementor-heading-title elementor-size-default\">N\u00fcrburgring Spa-Francorchamps Road Tour *<\/h2>\t\t<\/div>\n\t\t\t\t<\/div>\n\t\t\t\t<div class=\"elementor-element elementor-element-5f3cde9a elementor-widget elementor-widget-text-editor\" data-id=\"5f3cde9a\" data-element_type=\"widget\" data-widget_type=\"text-editor.default\">\n\t\t\t\t<div class=\"elementor-widget-container\">\n\t\t\t\t\t\t\t<p>Wer den N\u00fcrburgring schon ausgiebig erkundet hat, f\u00fcr den ist vielleicht eine Tour rund um die nahe gelegene Rennstrecke Spa-Francorchamps die richtige Wahl. Nur eine gute Stunde Fahrt vom N\u00fcrburgring entfernt kann man bereits auf dem Weg dorthin die Freude am Fahren genie\u00dfen. F\u00fcr viele Fahrer der Formel 1 ist Spa-Francorchamps der alleinige Favorit unter den Rennstrecken und der ein oder andere wird sogar behaupten, sie w\u00e4re die beste Rennstrecke der Welt. Ist sie das? Finde es selbst bei einer Tour mit uns heraus!<\/p>\t\t\t\t\t\t<\/div>\n\t\t\t\t<\/div>\n\t\t\t\t<div class=\"elementor-element elementor-element-38cb78f4 elementor-mobile-align-center elementor-hidden-desktop elementor-hidden-tablet elementor-widget elementor-widget-button\" data-id=\"38cb78f4\" data-element_type=\"widget\" data-widget_type=\"button.default\">\n\t\t\t\t<div class=\"elementor-widget-container\">\n\t\t\t\t\t<div class=\"elementor-button-wrapper\">\n\t\t\t<a class=\"elementor-button elementor-button-link elementor-size-sm\" href=\"https:\/\/zweiteheimat-racing.com\/buchung-nuerburgring-touren\/\">\n\t\t\t\t\t\t<span class=\"elementor-button-content-wrapper\">\n\t\t\t\t\t\t\t\t\t<span class=\"elementor-button-text\">Jetzt Anfragen<\/span>\n\t\t\t\t\t<\/span>\n\t\t\t\t\t<\/a>\n\t\t<\/div>\n\t\t\t\t<\/div>\n\t\t\t\t<\/div>\n\t\t\t\t\t<\/div>\n\t\t<\/div>\n\t\t\t\t\t<\/div>\n\t\t<\/section>\n\t\t\t\t<section class=\"elementor-section elementor-top-section elementor-element elementor-element-1f22dec elementor-section-boxed elementor-section-height-default elementor-section-height-default\" data-id=\"1f22dec\" data-element_type=\"section\">\n\t\t\t\t\t\t<div class=\"elementor-container elementor-column-gap-default\">\n\t\t\t\t\t<div class=\"elementor-column elementor-col-50 elementor-top-column elementor-element elementor-element-7a934bfa\" data-id=\"7a934bfa\" data-element_type=\"column\">\n\t\t\t<div class=\"elementor-widget-wrap elementor-element-populated\">\n\t\t\t\t\t\t<div class=\"elementor-element elementor-element-76d92843 elementor-mobile-align-center elementor-hidden-phone elementor-widget elementor-widget-button\" data-id=\"76d92843\" data-element_type=\"widget\" data-widget_type=\"button.default\">\n\t\t\t\t<div class=\"elementor-widget-container\">\n\t\t\t\t\t<div class=\"elementor-button-wrapper\">\n\t\t\t<a class=\"elementor-button elementor-button-link elementor-size-sm\" href=\"https:\/\/zweiteheimat-racing.com\/buchung-nuerburgring-touren\/\">\n\t\t\t\t\t\t<span class=\"elementor-button-content-wrapper\">\n\t\t\t\t\t\t\t\t\t<span class=\"elementor-button-text\">Jetzt Anfragen<\/span>\n\t\t\t\t\t<\/span>\n\t\t\t\t\t<\/a>\n\t\t<\/div>\n\t\t\t\t<\/div>\n\t\t\t\t<\/div>\n\t\t\t\t\t<\/div>\n\t\t<\/div>\n\t\t\t\t<div class=\"elementor-column elementor-col-50 elementor-top-column elementor-element elementor-element-6fb8e376\" data-id=\"6fb8e376\" data-element_type=\"column\">\n\t\t\t<div class=\"elementor-widget-wrap elementor-element-populated\">\n\t\t\t\t\t\t<div class=\"elementor-element elementor-element-59484ae2 elementor-mobile-align-center elementor-hidden-phone elementor-widget elementor-widget-button\" data-id=\"59484ae2\" data-element_type=\"widget\" data-widget_type=\"button.default\">\n\t\t\t\t<div class=\"elementor-widget-container\">\n\t\t\t\t\t<div class=\"elementor-button-wrapper\">\n\t\t\t<a class=\"elementor-button elementor-button-link elementor-size-sm\" href=\"https:\/\/zweiteheimat-racing.com\/buchung-nuerburgring-touren\/\">\n\t\t\t\t\t\t<span class=\"elementor-button-content-wrapper\">\n\t\t\t\t\t\t\t\t\t<span class=\"elementor-button-text\">Jetzt Anfragen<\/span>\n\t\t\t\t\t<\/span>\n\t\t\t\t\t<\/a>\n\t\t<\/div>\n\t\t\t\t<\/div>\n\t\t\t\t<\/div>\n\t\t\t\t\t<\/div>\n\t\t<\/div>\n\t\t\t\t\t<\/div>\n\t\t<\/section>\n\t\t\t\t<section class=\"elementor-section elementor-top-section elementor-element elementor-element-3f6bfecc elementor-section-boxed elementor-section-height-default elementor-section-height-default\" data-id=\"3f6bfecc\" data-element_type=\"section\">\n\t\t\t\t\t\t<div class=\"elementor-container elementor-column-gap-default\">\n\t\t\t\t\t<div class=\"elementor-column elementor-col-100 elementor-top-column elementor-element elementor-element-5c59031a\" data-id=\"5c59031a\" data-element_type=\"column\">\n\t\t\t<div class=\"elementor-widget-wrap elementor-element-populated\">\n\t\t\t\t\t\t<div class=\"elementor-element elementor-element-342ef0bd elementor-widget-divider--view-line elementor-widget elementor-widget-divider\" data-id=\"342ef0bd\" data-element_type=\"widget\" data-widget_type=\"divider.default\">\n\t\t\t\t<div class=\"elementor-widget-container\">\n\t\t\t\t\t<div class=\"elementor-divider\">\n\t\t\t<span class=\"elementor-divider-separator\">\n\t\t\t\t\t\t<\/span>\n\t\t<\/div>\n\t\t\t\t<\/div>\n\t\t\t\t<\/div>\n\t\t\t\t<div class=\"elementor-element elementor-element-697ad03f elementor-widget elementor-widget-text-editor\" data-id=\"697ad03f\" data-element_type=\"widget\" data-widget_type=\"text-editor.default\">\n\t\t\t\t<div class=\"elementor-widget-container\">\n\t\t\t\t\t\t\t<p>* Preise der Touren: 449\u20ac inkl. MwSt<br>* L\u00e4nge der Touren: 4 Stunden<br>* Bis zu 5 Autos m\u00f6glich<\/p>\t\t\t\t\t\t<\/div>\n\t\t\t\t<\/div>\n\t\t\t\t\t<\/div>\n\t\t<\/div>\n\t\t\t\t\t<\/div>\n\t\t<\/section>\n\t\t\t\t<\/div>\n\t\t","protected":false},"excerpt":{"rendered":"<p>Touren N\u00fcrburgring Road Tour * Wer sich einen Eindruck davon verschaffen m\u00f6chte, was die Faszination von der Rennstrecke ausmacht, ist hier genau richtig: Der N\u00fcrburgring, absoluter Mythos und die vermutlich [&hellip;]<\/p>\n","protected":false},"author":1,"featured_media":0,"parent":0,"menu_order":0,"comment_status":"closed","ping_status":"closed","template":"templates\/page-elementor-fullwidth.php","meta":[],"yoast_head":"<!-- This site is optimized with the Yoast SEO plugin v20.11 - https:\/\/yoast.com\/wordpress\/plugins\/seo\/ -->\n<title>Touren - Zweite Heimat N\u00fcrburg<\/title>\n<meta name=\"robots\" content=\"index, follow, max-snippet:-1, max-image-preview:large, max-video-preview:-1\" \/>\n<link rel=\"canonical\" href=\"https:\/\/zweiteheimat-nuerburg.com\/de\/touren\/\" \/>\n<meta property=\"og:locale\" content=\"de_DE\" \/>\n<meta property=\"og:type\" content=\"article\" \/>\n<meta property=\"og:title\" content=\"Touren - Zweite Heimat N\u00fcrburg\" \/>\n<meta property=\"og:description\" content=\"Touren N\u00fcrburgring Road Tour * Wer sich einen Eindruck davon verschaffen m\u00f6chte, was die Faszination von der Rennstrecke ausmacht, ist hier genau richtig: Der N\u00fcrburgring, absoluter Mythos und die vermutlich [&hellip;]\" \/>\n<meta property=\"og:url\" content=\"https:\/\/zweiteheimat-nuerburg.com\/de\/touren\/\" \/>\n<meta property=\"og:site_name\" content=\"Zweite Heimat N\u00fcrburg\" \/>\n<meta property=\"article:modified_time\" content=\"2023-09-18T19:48:34+00:00\" \/>\n<meta property=\"og:image\" content=\"https:\/\/zweiteheimat-nuerburg.com\/wp-content\/uploads\/2023\/04\/BMW-Touren-verpixelt.jpg\" \/>\n<meta name=\"twitter:card\" content=\"summary_large_image\" \/>\n<meta name=\"twitter:label1\" content=\"Gesch\u00e4tzte Lesezeit\" \/>\n\t<meta name=\"twitter:data1\" content=\"2\u00a0Minuten\" \/>\n<script type=\"application\/ld+json\" class=\"yoast-schema-graph\">{\"@context\":\"https:\/\/schema.org\",\"@graph\":[{\"@type\":\"WebPage\",\"@id\":\"https:\/\/zweiteheimat-nuerburg.com\/touren\/\",\"url\":\"https:\/\/zweiteheimat-nuerburg.com\/touren\/\",\"name\":\"Touren - Zweite Heimat N\u00fcrburg\",\"isPartOf\":{\"@id\":\"https:\/\/zweiteheimat-nuerburg.com\/de\/#website\"},\"datePublished\":\"2023-04-28T13:24:23+00:00\",\"dateModified\":\"2023-09-18T19:48:34+00:00\",\"breadcrumb\":{\"@id\":\"https:\/\/zweiteheimat-nuerburg.com\/touren\/#breadcrumb\"},\"inLanguage\":\"de\",\"potentialAction\":[{\"@type\":\"ReadAction\",\"target\":[\"https:\/\/zweiteheimat-nuerburg.com\/touren\/\"]}]},{\"@type\":\"BreadcrumbList\",\"@id\":\"https:\/\/zweiteheimat-nuerburg.com\/touren\/#breadcrumb\",\"itemListElement\":[{\"@type\":\"ListItem\",\"position\":1,\"name\":\"Startseite\",\"item\":\"https:\/\/zweiteheimat-nuerburg.com\/\"},{\"@type\":\"ListItem\",\"position\":2,\"name\":\"Touren\"}]},{\"@type\":\"WebSite\",\"@id\":\"https:\/\/zweiteheimat-nuerburg.com\/de\/#website\",\"url\":\"https:\/\/zweiteheimat-nuerburg.com\/de\/\",\"name\":\"Zweite Heimat N\u00fcrburg\",\"description\":\"Motosporthotel &amp; Apartments am N\u00fcrburgring\",\"potentialAction\":[{\"@type\":\"SearchAction\",\"target\":{\"@type\":\"EntryPoint\",\"urlTemplate\":\"https:\/\/zweiteheimat-nuerburg.com\/de\/?s={search_term_string}\"},\"query-input\":\"required name=search_term_string\"}],\"inLanguage\":\"de\"}]}<\/script>\n<!-- \/ Yoast SEO plugin. -->","yoast_head_json":{"title":"Touren - Zweite Heimat N\u00fcrburg","robots":{"index":"index","follow":"follow","max-snippet":"max-snippet:-1","max-image-preview":"max-image-preview:large","max-video-preview":"max-video-preview:-1"},"canonical":"https:\/\/zweiteheimat-nuerburg.com\/de\/touren\/","og_locale":"de_DE","og_type":"article","og_title":"Touren - Zweite Heimat N\u00fcrburg","og_description":"Touren N\u00fcrburgring Road Tour * Wer sich einen Eindruck davon verschaffen m\u00f6chte, was die Faszination von der Rennstrecke ausmacht, ist hier genau richtig: Der N\u00fcrburgring, absoluter Mythos und die vermutlich [&hellip;]","og_url":"https:\/\/zweiteheimat-nuerburg.com\/de\/touren\/","og_site_name":"Zweite Heimat N\u00fcrburg","article_modified_time":"2023-09-18T19:48:34+00:00","og_image":[{"url":"https:\/\/zweiteheimat-nuerburg.com\/wp-content\/uploads\/2023\/04\/BMW-Touren-verpixelt.jpg"}],"twitter_card":"summary_large_image","twitter_misc":{"Gesch\u00e4tzte Lesezeit":"2\u00a0Minuten"},"schema":{"@context":"https:\/\/schema.org","@graph":[{"@type":"WebPage","@id":"https:\/\/zweiteheimat-nuerburg.com\/touren\/","url":"https:\/\/zweiteheimat-nuerburg.com\/touren\/","name":"Touren - Zweite Heimat N\u00fcrburg","isPartOf":{"@id":"https:\/\/zweiteheimat-nuerburg.com\/de\/#website"},"datePublished":"2023-04-28T13:24:23+00:00","dateModified":"2023-09-18T19:48:34+00:00","breadcrumb":{"@id":"https:\/\/zweiteheimat-nuerburg.com\/touren\/#breadcrumb"},"inLanguage":"de","potentialAction":[{"@type":"ReadAction","target":["https:\/\/zweiteheimat-nuerburg.com\/touren\/"]}]},{"@type":"BreadcrumbList","@id":"https:\/\/zweiteheimat-nuerburg.com\/touren\/#breadcrumb","itemListElement":[{"@type":"ListItem","position":1,"name":"Startseite","item":"https:\/\/zweiteheimat-nuerburg.com\/"},{"@type":"ListItem","position":2,"name":"Touren"}]},{"@type":"WebSite","@id":"https:\/\/zweiteheimat-nuerburg.com\/de\/#website","url":"https:\/\/zweiteheimat-nuerburg.com\/de\/","name":"Zweite Heimat N\u00fcrburg","description":"Motosporthotel &amp; Apartments am N\u00fcrburgring","potentialAction":[{"@type":"SearchAction","target":{"@type":"EntryPoint","urlTemplate":"https:\/\/zweiteheimat-nuerburg.com\/de\/?s={search_term_string}"},"query-input":"required name=search_term_string"}],"inLanguage":"de"}]}},"_links":{"self":[{"href":"https:\/\/zweiteheimat-nuerburg.com\/de\/wp-json\/wp\/v2\/pages\/1564"}],"collection":[{"href":"https:\/\/zweiteheimat-nuerburg.com\/de\/wp-json\/wp\/v2\/pages"}],"about":[{"href":"https:\/\/zweiteheimat-nuerburg.com\/de\/wp-json\/wp\/v2\/types\/page"}],"author":[{"embeddable":true,"href":"https:\/\/zweiteheimat-nuerburg.com\/de\/wp-json\/wp\/v2\/users\/1"}],"replies":[{"embeddable":true,"href":"https:\/\/zweiteheimat-nuerburg.com\/de\/wp-json\/wp\/v2\/comments?post=1564"}],"version-history":[{"count":10,"href":"https:\/\/zweiteheimat-nuerburg.com\/de\/wp-json\/wp\/v2\/pages\/1564\/revisions"}],"predecessor-version":[{"id":2122,"href":"https:\/\/zweiteheimat-nuerburg.com\/de\/wp-json\/wp\/v2\/pages\/1564\/revisions\/2122"}],"wp:attachment":[{"href":"https:\/\/zweiteheimat-nuerburg.com\/de\/wp-json\/wp\/v2\/media?parent=1564"}],"curies":[{"name":"wp","href":"https:\/\/api.w.org\/{rel}","templated":true}]}}