{"id":1531,"date":"2023-04-28T15:04:08","date_gmt":"2023-04-28T13:04:08","guid":{"rendered":"http:\/\/zweiteheimat.webdesignbs.de\/?page_id=1531"},"modified":"2024-02-12T17:32:10","modified_gmt":"2024-02-12T16:32:10","slug":"coaching","status":"publish","type":"page","link":"https:\/\/zweiteheimat-nuerburg.com\/de\/coaching\/","title":{"rendered":"Coaching"},"content":{"rendered":"\t\t<div data-elementor-type=\"wp-page\" data-elementor-id=\"1531\" class=\"elementor elementor-1531\" data-elementor-post-type=\"page\">\n\t\t\t\t\t\t<section class=\"elementor-section elementor-top-section elementor-element elementor-element-b55390d elementor-section-boxed elementor-section-height-default elementor-section-height-default\" data-id=\"b55390d\" data-element_type=\"section\">\n\t\t\t\t\t\t<div class=\"elementor-container elementor-column-gap-default\">\n\t\t\t\t\t<div class=\"elementor-column elementor-col-100 elementor-top-column elementor-element elementor-element-667bbb1\" data-id=\"667bbb1\" data-element_type=\"column\">\n\t\t\t<div class=\"elementor-widget-wrap elementor-element-populated\">\n\t\t\t\t\t\t<div class=\"elementor-element elementor-element-046c921 elementor-widget elementor-widget-heading\" data-id=\"046c921\" data-element_type=\"widget\" data-widget_type=\"heading.default\">\n\t\t\t\t<div class=\"elementor-widget-container\">\n\t\t\t<h2 class=\"elementor-heading-title elementor-size-default\"><h1 data-elementor-setting-key=\"title\" data-pen-placeholder=\"Eingabe hier...\" style=\"font-weight: 600; color: rgb(51, 51, 51); font-family: &quot;Open Sans&quot;, sans-serif;\">Coaching<\/h1><\/h2>\t\t<\/div>\n\t\t\t\t<\/div>\n\t\t\t\t\t<\/div>\n\t\t<\/div>\n\t\t\t\t\t<\/div>\n\t\t<\/section>\n\t\t\t\t<section class=\"elementor-section elementor-top-section elementor-element elementor-element-7114aba7 elementor-section-boxed elementor-section-height-default elementor-section-height-default\" data-id=\"7114aba7\" data-element_type=\"section\">\n\t\t\t\t\t\t<div class=\"elementor-container elementor-column-gap-default\">\n\t\t\t\t\t<div class=\"elementor-column elementor-col-100 elementor-top-column elementor-element elementor-element-195d8df\" data-id=\"195d8df\" data-element_type=\"column\">\n\t\t\t<div class=\"elementor-widget-wrap elementor-element-populated\">\n\t\t\t\t\t\t<div class=\"elementor-element elementor-element-43ff051 elementor-widget elementor-widget-text-editor\" data-id=\"43ff051\" data-element_type=\"widget\" data-widget_type=\"text-editor.default\">\n\t\t\t\t<div class=\"elementor-widget-container\">\n\t\t\t\t\t\t\t<p>Schnell und sicher fahren und das, auf der legend\u00e4rsten Rennstrecke der Welt. Ein Traum? Dann ist es Zeit, diesen Traum in Erf\u00fcllung gehen zu lassen!<br \/>Mit einem Coaching f\u00fcr die Rennstrecke kann jeder dazu lernen, egal ob Anf\u00e4nger oder Profi. Die Entwicklung eines wirklichen guten Fahrers h\u00f6rt nie auf und der Schl\u00fcssel zum Erfolg ist es, rechtzeitig anzufangen. Egal ob Streckenkenntnis, Grundlagen der Fahrdynamik oder die letzten Zehntelsekunden aus der Rundenzeit rausholen. Das Coaching bietet all das und noch viel mehr. Durch die N\u00e4he zum N\u00fcrburgring haben wir auch noch die richtige Location, um direkt alles Erlernte in die Tat umzusetzen. Also, wann buchst du dein Coaching?<\/p><div class=\"\"><div class=\"\">Im Rahmen der Touristenfahrten gelten die Vorschriften des \u00f6ffentlichen Verkehrs. Um diese Vorschriften beachten zu k\u00f6nnen, auf der Rennstrecke sicher unterwegs zu sein und das Beste aus dem Erlebnis auf dem N\u00fcrburgring zu machen, empfehlen wir ein ausf\u00fchrliches Briefing durch unseren Instruktor.<\/div><\/div>\t\t\t\t\t\t<\/div>\n\t\t\t\t<\/div>\n\t\t\t\t<div class=\"elementor-element elementor-element-20dce062 elementor-widget elementor-widget-button\" data-id=\"20dce062\" data-element_type=\"widget\" data-widget_type=\"button.default\">\n\t\t\t\t<div class=\"elementor-widget-container\">\n\t\t\t\t\t<div class=\"elementor-button-wrapper\">\n\t\t\t<a class=\"elementor-button elementor-button-link elementor-size-sm\" href=\"https:\/\/zweiteheimat-racing.com\/buchung-coaching\/\">\n\t\t\t\t\t\t<span class=\"elementor-button-content-wrapper\">\n\t\t\t\t\t\t\t\t\t<span class=\"elementor-button-text\">Jetzt Coaching anfragen<\/span>\n\t\t\t\t\t<\/span>\n\t\t\t\t\t<\/a>\n\t\t<\/div>\n\t\t\t\t<\/div>\n\t\t\t\t<\/div>\n\t\t\t\t\t<\/div>\n\t\t<\/div>\n\t\t\t\t\t<\/div>\n\t\t<\/section>\n\t\t\t\t<section class=\"elementor-section elementor-top-section elementor-element elementor-element-125d43c8 elementor-section-boxed elementor-section-height-default elementor-section-height-default\" data-id=\"125d43c8\" data-element_type=\"section\">\n\t\t\t\t\t\t<div class=\"elementor-container elementor-column-gap-default\">\n\t\t\t\t\t<div class=\"elementor-column elementor-col-100 elementor-top-column elementor-element elementor-element-3928e75c\" data-id=\"3928e75c\" data-element_type=\"column\">\n\t\t\t<div class=\"elementor-widget-wrap elementor-element-populated\">\n\t\t\t\t\t\t<div class=\"elementor-element elementor-element-4513ec7a elementor-widget-divider--view-line elementor-widget elementor-widget-divider\" data-id=\"4513ec7a\" data-element_type=\"widget\" data-widget_type=\"divider.default\">\n\t\t\t\t<div class=\"elementor-widget-container\">\n\t\t\t\t\t<div class=\"elementor-divider\">\n\t\t\t<span class=\"elementor-divider-separator\">\n\t\t\t\t\t\t<\/span>\n\t\t<\/div>\n\t\t\t\t<\/div>\n\t\t\t\t<\/div>\n\t\t\t\t<div class=\"elementor-element elementor-element-111e313d elementor-widget elementor-widget-text-editor\" data-id=\"111e313d\" data-element_type=\"widget\" data-widget_type=\"text-editor.default\">\n\t\t\t\t<div class=\"elementor-widget-container\">\n\t\t\t\t\t\t\t<p>Das Coaching beinhaltet zudem die Datenerfassung und eine pers\u00f6nliche Nachbesprechung.<\/p>\t\t\t\t\t\t<\/div>\n\t\t\t\t<\/div>\n\t\t\t\t\t<\/div>\n\t\t<\/div>\n\t\t\t\t\t<\/div>\n\t\t<\/section>\n\t\t\t\t<section class=\"elementor-section elementor-top-section elementor-element elementor-element-63b22458 elementor-section-boxed elementor-section-height-default elementor-section-height-default\" data-id=\"63b22458\" data-element_type=\"section\">\n\t\t\t\t\t\t<div class=\"elementor-container elementor-column-gap-default\">\n\t\t\t\t\t<div class=\"elementor-column elementor-col-50 elementor-top-column elementor-element elementor-element-63fd720d\" data-id=\"63fd720d\" data-element_type=\"column\">\n\t\t\t<div class=\"elementor-widget-wrap elementor-element-populated\">\n\t\t\t\t\t\t<div class=\"elementor-element elementor-element-5408539d elementor-widget elementor-widget-image\" data-id=\"5408539d\" data-element_type=\"widget\" data-widget_type=\"image.default\">\n\t\t\t\t<div class=\"elementor-widget-container\">\n\t\t\t\t\t\t\t\t\t\t\t\t\t<img fetchpriority=\"high\" decoding=\"async\" width=\"461\" height=\"640\" src=\"https:\/\/zweiteheimat-nuerburg.com\/wp-content\/uploads\/2023\/04\/Coaching-Trainer-Fahrt-Nuerburgirng.jpeg\" class=\"attachment-large size-large wp-image-1533\" alt=\"\" srcset=\"https:\/\/zweiteheimat-nuerburg.com\/wp-content\/uploads\/2023\/04\/Coaching-Trainer-Fahrt-Nuerburgirng.jpeg 461w, https:\/\/zweiteheimat-nuerburg.com\/wp-content\/uploads\/2023\/04\/Coaching-Trainer-Fahrt-Nuerburgirng-216x300.jpeg 216w, https:\/\/zweiteheimat-nuerburg.com\/wp-content\/uploads\/2023\/04\/Coaching-Trainer-Fahrt-Nuerburgirng-9x12.jpeg 9w\" sizes=\"(max-width: 461px) 100vw, 461px\" \/>\t\t\t\t\t\t\t\t\t\t\t\t\t<\/div>\n\t\t\t\t<\/div>\n\t\t\t\t<div class=\"elementor-element elementor-element-728c561c elementor-widget elementor-widget-text-editor\" data-id=\"728c561c\" data-element_type=\"widget\" data-widget_type=\"text-editor.default\">\n\t\t\t\t<div class=\"elementor-widget-container\">\n\t\t\t\t\t\t\t<p>Coach &#8211; Christoph<\/p>\t\t\t\t\t\t<\/div>\n\t\t\t\t<\/div>\n\t\t\t\t\t<\/div>\n\t\t<\/div>\n\t\t\t\t<div class=\"elementor-column elementor-col-50 elementor-top-column elementor-element elementor-element-787785e2\" data-id=\"787785e2\" data-element_type=\"column\">\n\t\t\t<div class=\"elementor-widget-wrap elementor-element-populated\">\n\t\t\t\t\t\t<div class=\"elementor-element elementor-element-462b0618 elementor-widget elementor-widget-heading\" data-id=\"462b0618\" data-element_type=\"widget\" data-widget_type=\"heading.default\">\n\t\t\t\t<div class=\"elementor-widget-container\">\n\t\t\t<h2 class=\"elementor-heading-title elementor-size-default\">Bisherige Erfahrung im Motorsport<\/h2>\t\t<\/div>\n\t\t\t\t<\/div>\n\t\t\t\t<div class=\"elementor-element elementor-element-1a99a623 elementor-widget elementor-widget-text-editor\" data-id=\"1a99a623\" data-element_type=\"widget\" data-widget_type=\"text-editor.default\">\n\t\t\t\t<div class=\"elementor-widget-container\">\n\t\t\t\t\t\t\t<ul>\n<li>ab 1994 Kart fahren auf Amateur-Niveau in verschiedenen<br>Klassen<\/li>\n<li>ab 2000 Teilnahme an offenen Motorsport-Veranstaltungen<br>(Slalom, Drift Cup &amp; Time Attack)<\/li>\n<li>ab 2003 Fahrpraxis auf privaten Veranstaltungen und<br>Zeitfahrten auf der N\u00fcrburgring Nordschleife und GP<br>Strecke<\/li>\n<li>2014 \u2013 2018 Instruktor in Festanstellung, N\u00fcrburgring<\/li>\n<li>2016 \u2013 2018 Leitender Instruktor am N\u00fcrburgring (RSRN\u00fcrburg)<br>und Spa-Francorchamps (RSRSpa &#8211; damals: offizielle<br>Racing Academy der Strecke)<\/li>\n<li>2016 \u2013 2018 Fahrer des offiziellen Renn-Taxis auf dem N\u00fcrburgring<br>und Spa-Francorchamps<\/li>\n<li>2018 Projekt Manager GT3-Rennteam<\/li>\n<li>01.2019 \u2013 heute Berater f\u00fcr Motorsport und freiberuflicher Instruktor<br>f\u00fcr Michelin Deutschland AG<\/li>\n<li>07.2020 \u2013 heute Berater f\u00fcr Motorsport und freiberuflicher Instruktor<br>f\u00fcr Race Navigator<\/li>\n<\/ul>\t\t\t\t\t\t<\/div>\n\t\t\t\t<\/div>\n\t\t\t\t\t<\/div>\n\t\t<\/div>\n\t\t\t\t\t<\/div>\n\t\t<\/section>\n\t\t\t\t<\/div>\n\t\t","protected":false},"excerpt":{"rendered":"<p>Coaching Schnell und sicher fahren und das, auf der legend\u00e4rsten Rennstrecke der Welt. Ein Traum? Dann ist es Zeit, diesen Traum in Erf\u00fcllung gehen zu lassen!Mit einem Coaching f\u00fcr die [&hellip;]<\/p>\n","protected":false},"author":1,"featured_media":0,"parent":0,"menu_order":0,"comment_status":"closed","ping_status":"closed","template":"templates\/page-elementor-fullwidth.php","meta":[],"yoast_head":"<!-- This site is optimized with the Yoast SEO plugin v20.11 - https:\/\/yoast.com\/wordpress\/plugins\/seo\/ -->\n<title>Coaching - Zweite Heimat N\u00fcrburg<\/title>\n<meta name=\"robots\" content=\"index, follow, max-snippet:-1, max-image-preview:large, max-video-preview:-1\" \/>\n<link rel=\"canonical\" href=\"https:\/\/zweiteheimat-nuerburg.com\/de\/coaching\/\" \/>\n<meta property=\"og:locale\" content=\"de_DE\" \/>\n<meta property=\"og:type\" content=\"article\" \/>\n<meta property=\"og:title\" content=\"Coaching - Zweite Heimat N\u00fcrburg\" \/>\n<meta property=\"og:description\" content=\"Coaching Schnell und sicher fahren und das, auf der legend\u00e4rsten Rennstrecke der Welt. Ein Traum? Dann ist es Zeit, diesen Traum in Erf\u00fcllung gehen zu lassen!Mit einem Coaching f\u00fcr die [&hellip;]\" \/>\n<meta property=\"og:url\" content=\"https:\/\/zweiteheimat-nuerburg.com\/de\/coaching\/\" \/>\n<meta property=\"og:site_name\" content=\"Zweite Heimat N\u00fcrburg\" \/>\n<meta property=\"article:modified_time\" content=\"2024-02-12T16:32:10+00:00\" \/>\n<meta property=\"og:image\" content=\"https:\/\/zweiteheimat-nuerburg.com\/wp-content\/uploads\/2023\/04\/Coaching-Trainer-Fahrt-Nuerburgirng.jpeg\" \/>\n<meta name=\"twitter:card\" content=\"summary_large_image\" \/>\n<meta name=\"twitter:label1\" content=\"Gesch\u00e4tzte Lesezeit\" \/>\n\t<meta name=\"twitter:data1\" content=\"2\u00a0Minuten\" \/>\n<script type=\"application\/ld+json\" class=\"yoast-schema-graph\">{\"@context\":\"https:\/\/schema.org\",\"@graph\":[{\"@type\":\"WebPage\",\"@id\":\"https:\/\/zweiteheimat-nuerburg.com\/coaching\/\",\"url\":\"https:\/\/zweiteheimat-nuerburg.com\/coaching\/\",\"name\":\"Coaching - Zweite Heimat N\u00fcrburg\",\"isPartOf\":{\"@id\":\"https:\/\/zweiteheimat-nuerburg.com\/de\/#website\"},\"datePublished\":\"2023-04-28T13:04:08+00:00\",\"dateModified\":\"2024-02-12T16:32:10+00:00\",\"breadcrumb\":{\"@id\":\"https:\/\/zweiteheimat-nuerburg.com\/coaching\/#breadcrumb\"},\"inLanguage\":\"de\",\"potentialAction\":[{\"@type\":\"ReadAction\",\"target\":[\"https:\/\/zweiteheimat-nuerburg.com\/coaching\/\"]}]},{\"@type\":\"BreadcrumbList\",\"@id\":\"https:\/\/zweiteheimat-nuerburg.com\/coaching\/#breadcrumb\",\"itemListElement\":[{\"@type\":\"ListItem\",\"position\":1,\"name\":\"Startseite\",\"item\":\"https:\/\/zweiteheimat-nuerburg.com\/\"},{\"@type\":\"ListItem\",\"position\":2,\"name\":\"Coaching\"}]},{\"@type\":\"WebSite\",\"@id\":\"https:\/\/zweiteheimat-nuerburg.com\/de\/#website\",\"url\":\"https:\/\/zweiteheimat-nuerburg.com\/de\/\",\"name\":\"Zweite Heimat N\u00fcrburg\",\"description\":\"Motosporthotel &amp; Apartments am N\u00fcrburgring\",\"potentialAction\":[{\"@type\":\"SearchAction\",\"target\":{\"@type\":\"EntryPoint\",\"urlTemplate\":\"https:\/\/zweiteheimat-nuerburg.com\/de\/?s={search_term_string}\"},\"query-input\":\"required name=search_term_string\"}],\"inLanguage\":\"de\"}]}<\/script>\n<!-- \/ Yoast SEO plugin. -->","yoast_head_json":{"title":"Coaching - Zweite Heimat N\u00fcrburg","robots":{"index":"index","follow":"follow","max-snippet":"max-snippet:-1","max-image-preview":"max-image-preview:large","max-video-preview":"max-video-preview:-1"},"canonical":"https:\/\/zweiteheimat-nuerburg.com\/de\/coaching\/","og_locale":"de_DE","og_type":"article","og_title":"Coaching - Zweite Heimat N\u00fcrburg","og_description":"Coaching Schnell und sicher fahren und das, auf der legend\u00e4rsten Rennstrecke der Welt. Ein Traum? Dann ist es Zeit, diesen Traum in Erf\u00fcllung gehen zu lassen!Mit einem Coaching f\u00fcr die [&hellip;]","og_url":"https:\/\/zweiteheimat-nuerburg.com\/de\/coaching\/","og_site_name":"Zweite Heimat N\u00fcrburg","article_modified_time":"2024-02-12T16:32:10+00:00","og_image":[{"url":"https:\/\/zweiteheimat-nuerburg.com\/wp-content\/uploads\/2023\/04\/Coaching-Trainer-Fahrt-Nuerburgirng.jpeg"}],"twitter_card":"summary_large_image","twitter_misc":{"Gesch\u00e4tzte Lesezeit":"2\u00a0Minuten"},"schema":{"@context":"https:\/\/schema.org","@graph":[{"@type":"WebPage","@id":"https:\/\/zweiteheimat-nuerburg.com\/coaching\/","url":"https:\/\/zweiteheimat-nuerburg.com\/coaching\/","name":"Coaching - Zweite Heimat N\u00fcrburg","isPartOf":{"@id":"https:\/\/zweiteheimat-nuerburg.com\/de\/#website"},"datePublished":"2023-04-28T13:04:08+00:00","dateModified":"2024-02-12T16:32:10+00:00","breadcrumb":{"@id":"https:\/\/zweiteheimat-nuerburg.com\/coaching\/#breadcrumb"},"inLanguage":"de","potentialAction":[{"@type":"ReadAction","target":["https:\/\/zweiteheimat-nuerburg.com\/coaching\/"]}]},{"@type":"BreadcrumbList","@id":"https:\/\/zweiteheimat-nuerburg.com\/coaching\/#breadcrumb","itemListElement":[{"@type":"ListItem","position":1,"name":"Startseite","item":"https:\/\/zweiteheimat-nuerburg.com\/"},{"@type":"ListItem","position":2,"name":"Coaching"}]},{"@type":"WebSite","@id":"https:\/\/zweiteheimat-nuerburg.com\/de\/#website","url":"https:\/\/zweiteheimat-nuerburg.com\/de\/","name":"Zweite Heimat N\u00fcrburg","description":"Motosporthotel &amp; Apartments am N\u00fcrburgring","potentialAction":[{"@type":"SearchAction","target":{"@type":"EntryPoint","urlTemplate":"https:\/\/zweiteheimat-nuerburg.com\/de\/?s={search_term_string}"},"query-input":"required name=search_term_string"}],"inLanguage":"de"}]}},"_links":{"self":[{"href":"https:\/\/zweiteheimat-nuerburg.com\/de\/wp-json\/wp\/v2\/pages\/1531"}],"collection":[{"href":"https:\/\/zweiteheimat-nuerburg.com\/de\/wp-json\/wp\/v2\/pages"}],"about":[{"href":"https:\/\/zweiteheimat-nuerburg.com\/de\/wp-json\/wp\/v2\/types\/page"}],"author":[{"embeddable":true,"href":"https:\/\/zweiteheimat-nuerburg.com\/de\/wp-json\/wp\/v2\/users\/1"}],"replies":[{"embeddable":true,"href":"https:\/\/zweiteheimat-nuerburg.com\/de\/wp-json\/wp\/v2\/comments?post=1531"}],"version-history":[{"count":13,"href":"https:\/\/zweiteheimat-nuerburg.com\/de\/wp-json\/wp\/v2\/pages\/1531\/revisions"}],"predecessor-version":[{"id":2270,"href":"https:\/\/zweiteheimat-nuerburg.com\/de\/wp-json\/wp\/v2\/pages\/1531\/revisions\/2270"}],"wp:attachment":[{"href":"https:\/\/zweiteheimat-nuerburg.com\/de\/wp-json\/wp\/v2\/media?parent=1531"}],"curies":[{"name":"wp","href":"https:\/\/api.w.org\/{rel}","templated":true}]}}